{"id":560,"date":"2022-07-13T12:00:33","date_gmt":"2022-07-13T10:00:21","guid":{"rendered":"https:\/\/www.leo-stift.de\/pflege\/die-einrichtung\/stellenangebote\/"},"modified":"2025-02-28T15:17:26","modified_gmt":"2025-02-28T14:17:26","slug":"stellenangebote","status":"publish","type":"page","link":"https:\/\/www.leo-stift.de\/pflege\/die-einrichtung\/stellenangebote\/","title":{"rendered":"Stellenangebote"},"content":{"rendered":"[vc_row][vc_column][mk_fancy_title tag_name=&#8220;h1&#8243; size=&#8220;30&#8243; font_weight=&#8220;600&#8243; txt_transform=&#8220;uppercase&#8220; font_family=&#8220;none&#8220;]<p><strong><br \/>VERST\u00c4RKUNG GESUCHT<\/strong><\/p>[\/mk_fancy_title][vc_column_text disable_pattern=&#8220;false&#8220; css=&#8220;.vc_custom_1740752136922{margin-bottom: 0px !important;}&#8220;]<p><img loading=\"lazy\" decoding=\"async\" width=\"770\" height=\"538\" class=\"alignnone size-medium wp-image-698\" src=\"https:\/\/www.leo-stift.de\/pflege\/wp-content\/uploads\/2025\/02\/koch-gesucht.jpg\" alt=\"\" srcset=\"https:\/\/www.leo-stift.de\/pflege\/wp-content\/uploads\/2025\/02\/koch-gesucht.jpg 770w, https:\/\/www.leo-stift.de\/pflege\/wp-content\/uploads\/2025\/02\/koch-gesucht-300x210.jpg 300w, https:\/\/www.leo-stift.de\/pflege\/wp-content\/uploads\/2025\/02\/koch-gesucht-768x537.jpg 768w\" sizes=\"auto, (max-width: 770px) 100vw, 770px\" \/><\/p>[\/vc_column_text][\/vc_column][\/vc_row][vc_row][vc_column css=&#8220;.vc_custom_1740752184573{margin-left: 0px !important;padding-left: 0px !important;}&#8220;][vc_separator][vc_column_text css=&#8220;.vc_custom_1740751984006{margin-bottom: 0px !important;}&#8220;]<p><\/p>\n<div class=\"wp-block-media-text alignwide has-media-on-the-right is-stacked-on-mobile is-vertically-aligned-top\" style=\"grid-template-columns: auto 54%;\">\n<figure class=\"wp-block-media-text__media\"><img loading=\"lazy\" decoding=\"async\" width=\"1024\" height=\"1024\" class=\"wp-image-632 size-full\" src=\"https:\/\/www.leo-stift.de\/pflege\/wp-content\/uploads\/2024\/02\/ehrenamt-9zu16_zeichenflaeche-1-1024x1024.jpg\" alt=\"\" srcset=\"https:\/\/www.leo-stift.de\/pflege\/wp-content\/uploads\/2024\/02\/ehrenamt-9zu16_zeichenflaeche-1-1024x1024.jpg 1024w, https:\/\/www.leo-stift.de\/pflege\/wp-content\/uploads\/2024\/02\/ehrenamt-9zu16_zeichenflaeche-1-300x300.jpg 300w, https:\/\/www.leo-stift.de\/pflege\/wp-content\/uploads\/2024\/02\/ehrenamt-9zu16_zeichenflaeche-1-150x150.jpg 150w, https:\/\/www.leo-stift.de\/pflege\/wp-content\/uploads\/2024\/02\/ehrenamt-9zu16_zeichenflaeche-1-768x768.jpg 768w, https:\/\/www.leo-stift.de\/pflege\/wp-content\/uploads\/2024\/02\/ehrenamt-9zu16_zeichenflaeche-1-1536x1536.jpg 1536w, https:\/\/www.leo-stift.de\/pflege\/wp-content\/uploads\/2024\/02\/ehrenamt-9zu16_zeichenflaeche-1-2048x2048.jpg 2048w\" sizes=\"auto, (max-width: 1024px) 100vw, 1024px\" \/><\/figure>\n<div class=\"wp-block-media-text__content\">\n<p><\/p>\n<p><em>Sei dabei und werde Teil unseres Teams<\/em><br \/><em>als <strong><u>ehrenamtlicher Helfer<\/u><\/strong> <strong>(m\/w\/d)<\/strong><br \/><br \/>Wir suchen Menschen, die sich gerne in ihrer Freizeit sozial engagieren und gemeinsam mit uns eine erf\u00fcllende T\u00e4tigkeit nachgehen wollen. Als ehrenamtlicher Helfer kannst du dich individuell, handwerklich, sozial oder kreativ einbringen.<br \/><br \/>Egal, ob du regelm\u00e4\u00dfig, einmal im Monat oder nur zu besonderen Events helfen m\u00f6chtest \u2013 jede Unterst\u00fctzung ist wertvoll! Sei es beim Spazierengehen, Fahrradfahren oder einfach nur als Zuh\u00f6rer f\u00fcr unsere Bewohner.<br \/><br \/>Wenn du mehr \u00fcber unsere Arbeit erfahren m\u00f6chtest, dann schau doch gerne mal auf unserer Homepage unter<\/em><br \/><em><a href=\"http:\/\/www.leo-stift.de\">www.leo-stift.de<\/a> oder melde dich telefonisch <\/em><br \/><em>unter 05434-9406414 bei uns.<br \/><br \/>Wir freuen uns auf dich!<\/em><\/p>\n<p><\/p>\n<\/div>\n<\/div>\n<p><\/p>\n<p><\/p>\n<p><\/p>[\/vc_column_text][\/vc_column][\/vc_row]","protected":false},"excerpt":{"rendered":"<p>[vc_row][vc_column][mk_fancy_title tag_name=&#8220;h1&#8243; size=&#8220;30&#8243; font_weight=&#8220;600&#8243; txt_transform=&#8220;uppercase&#8220; font_family=&#8220;none&#8220;] VERST\u00c4RKUNG GESUCHT [\/mk_fancy_title][vc_column_text disable_pattern=&#8220;false&#8220; css=&#8220;.vc_custom_1740752136922{margin-bottom: 0px !important;}&#8220;] [\/vc_column_text][\/vc_column][\/vc_row][vc_row][vc_column css=&#8220;.vc_custom_1740752184573{margin-left: 0px !important;padding-left: 0px !important;}&#8220;][vc_separator][vc_column_text css=&#8220;.vc_custom_1740751984006{margin-bottom: 0px !important;}&#8220;] Sei dabei und werde Teil unseres Teamsals ehrenamtlicher Helfer (m\/w\/d) Wir suchen Menschen, die sich gerne in ihrer Freizeit sozial engagieren und gemeinsam mit uns eine erf\u00fcllende T\u00e4tigkeit nachgehen wollen. Als ehrenamtlicher Helfer [&hellip;]<\/p>\n","protected":false},"author":1,"featured_media":0,"parent":196,"menu_order":6,"comment_status":"closed","ping_status":"closed","template":"","meta":{"footnotes":""},"class_list":["post-560","page","type-page","status-publish","hentry"],"yoast_head":"<!-- This site is optimized with the Yoast SEO plugin v18.2 - https:\/\/yoast.com\/wordpress\/plugins\/seo\/ -->\n<title>Stellenangebote | St. Leo-Stift gemeinn\u00fctzige GmbH<\/title>\n<meta name=\"description\" content=\"% % % % %\" \/>\n<meta name=\"robots\" content=\"index, follow, max-snippet:-1, max-image-preview:large, max-video-preview:-1\" \/>\n<link rel=\"canonical\" href=\"https:\/\/www.leo-stift.de\/pflege\/die-einrichtung\/stellenangebote\/\" \/>\n<meta property=\"og:locale\" content=\"de_DE\" \/>\n<meta property=\"og:type\" content=\"article\" \/>\n<meta property=\"og:title\" content=\"Stellenangebote | St. Leo-Stift gemeinn\u00fctzige GmbH\" \/>\n<meta property=\"og:description\" content=\"% % % % %\" \/>\n<meta property=\"og:url\" content=\"https:\/\/www.leo-stift.de\/pflege\/die-einrichtung\/stellenangebote\/\" \/>\n<meta property=\"og:site_name\" content=\"St. Leo-Stift gemeinn\u00fctzige GmbH\" \/>\n<meta property=\"article:modified_time\" content=\"2025-02-28T14:17:26+00:00\" \/>\n<meta property=\"og:image\" content=\"https:\/\/www.leo-stift.de\/pflege\/wp-content\/uploads\/2025\/02\/koch-gesucht.jpg\" \/>\n<meta name=\"twitter:card\" content=\"summary_large_image\" \/>\n<meta name=\"twitter:label1\" content=\"Gesch\u00e4tzte Lesezeit\" \/>\n\t<meta name=\"twitter:data1\" content=\"1\u00a0Minute\" \/>\n<script type=\"application\/ld+json\" class=\"yoast-schema-graph\">{\"@context\":\"https:\/\/schema.org\",\"@graph\":[{\"@type\":\"Organization\",\"@id\":\"https:\/\/www.leo-stift.de\/pflege\/#organization\",\"name\":\"St. Leo-Stift gemeinn\u00fctzige GmbH\",\"url\":\"https:\/\/www.leo-stift.de\/pflege\/\",\"sameAs\":[],\"logo\":{\"@type\":\"ImageObject\",\"@id\":\"https:\/\/www.leo-stift.de\/pflege\/#logo\",\"inLanguage\":\"de\",\"url\":\"https:\/\/www.leo-stift.de\/pflege\/wp-content\/uploads\/2018\/05\/logo.png\",\"contentUrl\":\"https:\/\/www.leo-stift.de\/pflege\/wp-content\/uploads\/2018\/05\/logo.png\",\"width\":1223,\"height\":287,\"caption\":\"St. Leo-Stift gemeinn\u00fctzige GmbH\"},\"image\":{\"@id\":\"https:\/\/www.leo-stift.de\/pflege\/#logo\"}},{\"@type\":\"WebSite\",\"@id\":\"https:\/\/www.leo-stift.de\/pflege\/#website\",\"url\":\"https:\/\/www.leo-stift.de\/pflege\/\",\"name\":\"St. Leo-Stift gemeinn\u00fctzige GmbH\",\"description\":\"Herzlich Willkommen\",\"publisher\":{\"@id\":\"https:\/\/www.leo-stift.de\/pflege\/#organization\"},\"potentialAction\":[{\"@type\":\"SearchAction\",\"target\":{\"@type\":\"EntryPoint\",\"urlTemplate\":\"https:\/\/www.leo-stift.de\/pflege\/?s={search_term_string}\"},\"query-input\":\"required name=search_term_string\"}],\"inLanguage\":\"de\"},{\"@type\":\"ImageObject\",\"@id\":\"https:\/\/www.leo-stift.de\/pflege\/die-einrichtung\/stellenangebote\/#primaryimage\",\"inLanguage\":\"de\",\"url\":\"https:\/\/www.leo-stift.de\/pflege\/wp-content\/uploads\/2025\/02\/koch-gesucht.jpg\",\"contentUrl\":\"https:\/\/www.leo-stift.de\/pflege\/wp-content\/uploads\/2025\/02\/koch-gesucht.jpg\",\"width\":770,\"height\":538},{\"@type\":\"WebPage\",\"@id\":\"https:\/\/www.leo-stift.de\/pflege\/die-einrichtung\/stellenangebote\/#webpage\",\"url\":\"https:\/\/www.leo-stift.de\/pflege\/die-einrichtung\/stellenangebote\/\",\"name\":\"Stellenangebote | St. Leo-Stift gemeinn\u00fctzige GmbH\",\"isPartOf\":{\"@id\":\"https:\/\/www.leo-stift.de\/pflege\/#website\"},\"primaryImageOfPage\":{\"@id\":\"https:\/\/www.leo-stift.de\/pflege\/die-einrichtung\/stellenangebote\/#primaryimage\"},\"datePublished\":\"2022-07-13T10:00:21+00:00\",\"dateModified\":\"2025-02-28T14:17:26+00:00\",\"description\":\"% % % % %\",\"breadcrumb\":{\"@id\":\"https:\/\/www.leo-stift.de\/pflege\/die-einrichtung\/stellenangebote\/#breadcrumb\"},\"inLanguage\":\"de\",\"potentialAction\":[{\"@type\":\"ReadAction\",\"target\":[\"https:\/\/www.leo-stift.de\/pflege\/die-einrichtung\/stellenangebote\/\"]}]},{\"@type\":\"BreadcrumbList\",\"@id\":\"https:\/\/www.leo-stift.de\/pflege\/die-einrichtung\/stellenangebote\/#breadcrumb\",\"itemListElement\":[{\"@type\":\"ListItem\",\"position\":1,\"name\":\"Startseite\",\"item\":\"https:\/\/www.leo-stift.de\/pflege\/\"},{\"@type\":\"ListItem\",\"position\":2,\"name\":\"Die Einrichtung\",\"item\":\"https:\/\/www.leo-stift.de\/pflege\/die-einrichtung\/\"},{\"@type\":\"ListItem\",\"position\":3,\"name\":\"Stellenangebote\"}]}]}<\/script>\n<!-- \/ Yoast SEO plugin. -->","yoast_head_json":{"title":"Stellenangebote | St. Leo-Stift gemeinn\u00fctzige GmbH","description":"% % % % %","robots":{"index":"index","follow":"follow","max-snippet":"max-snippet:-1","max-image-preview":"max-image-preview:large","max-video-preview":"max-video-preview:-1"},"canonical":"https:\/\/www.leo-stift.de\/pflege\/die-einrichtung\/stellenangebote\/","og_locale":"de_DE","og_type":"article","og_title":"Stellenangebote | St. Leo-Stift gemeinn\u00fctzige GmbH","og_description":"% % % % %","og_url":"https:\/\/www.leo-stift.de\/pflege\/die-einrichtung\/stellenangebote\/","og_site_name":"St. Leo-Stift gemeinn\u00fctzige GmbH","article_modified_time":"2025-02-28T14:17:26+00:00","og_image":[{"url":"https:\/\/www.leo-stift.de\/pflege\/wp-content\/uploads\/2025\/02\/koch-gesucht.jpg"}],"twitter_card":"summary_large_image","twitter_misc":{"Gesch\u00e4tzte Lesezeit":"1\u00a0Minute"},"schema":{"@context":"https:\/\/schema.org","@graph":[{"@type":"Organization","@id":"https:\/\/www.leo-stift.de\/pflege\/#organization","name":"St. Leo-Stift gemeinn\u00fctzige GmbH","url":"https:\/\/www.leo-stift.de\/pflege\/","sameAs":[],"logo":{"@type":"ImageObject","@id":"https:\/\/www.leo-stift.de\/pflege\/#logo","inLanguage":"de","url":"https:\/\/www.leo-stift.de\/pflege\/wp-content\/uploads\/2018\/05\/logo.png","contentUrl":"https:\/\/www.leo-stift.de\/pflege\/wp-content\/uploads\/2018\/05\/logo.png","width":1223,"height":287,"caption":"St. Leo-Stift gemeinn\u00fctzige GmbH"},"image":{"@id":"https:\/\/www.leo-stift.de\/pflege\/#logo"}},{"@type":"WebSite","@id":"https:\/\/www.leo-stift.de\/pflege\/#website","url":"https:\/\/www.leo-stift.de\/pflege\/","name":"St. Leo-Stift gemeinn\u00fctzige GmbH","description":"Herzlich Willkommen","publisher":{"@id":"https:\/\/www.leo-stift.de\/pflege\/#organization"},"potentialAction":[{"@type":"SearchAction","target":{"@type":"EntryPoint","urlTemplate":"https:\/\/www.leo-stift.de\/pflege\/?s={search_term_string}"},"query-input":"required name=search_term_string"}],"inLanguage":"de"},{"@type":"ImageObject","@id":"https:\/\/www.leo-stift.de\/pflege\/die-einrichtung\/stellenangebote\/#primaryimage","inLanguage":"de","url":"https:\/\/www.leo-stift.de\/pflege\/wp-content\/uploads\/2025\/02\/koch-gesucht.jpg","contentUrl":"https:\/\/www.leo-stift.de\/pflege\/wp-content\/uploads\/2025\/02\/koch-gesucht.jpg","width":770,"height":538},{"@type":"WebPage","@id":"https:\/\/www.leo-stift.de\/pflege\/die-einrichtung\/stellenangebote\/#webpage","url":"https:\/\/www.leo-stift.de\/pflege\/die-einrichtung\/stellenangebote\/","name":"Stellenangebote | St. Leo-Stift gemeinn\u00fctzige GmbH","isPartOf":{"@id":"https:\/\/www.leo-stift.de\/pflege\/#website"},"primaryImageOfPage":{"@id":"https:\/\/www.leo-stift.de\/pflege\/die-einrichtung\/stellenangebote\/#primaryimage"},"datePublished":"2022-07-13T10:00:21+00:00","dateModified":"2025-02-28T14:17:26+00:00","description":"% % % % %","breadcrumb":{"@id":"https:\/\/www.leo-stift.de\/pflege\/die-einrichtung\/stellenangebote\/#breadcrumb"},"inLanguage":"de","potentialAction":[{"@type":"ReadAction","target":["https:\/\/www.leo-stift.de\/pflege\/die-einrichtung\/stellenangebote\/"]}]},{"@type":"BreadcrumbList","@id":"https:\/\/www.leo-stift.de\/pflege\/die-einrichtung\/stellenangebote\/#breadcrumb","itemListElement":[{"@type":"ListItem","position":1,"name":"Startseite","item":"https:\/\/www.leo-stift.de\/pflege\/"},{"@type":"ListItem","position":2,"name":"Die Einrichtung","item":"https:\/\/www.leo-stift.de\/pflege\/die-einrichtung\/"},{"@type":"ListItem","position":3,"name":"Stellenangebote"}]}]}},"_links":{"self":[{"href":"https:\/\/www.leo-stift.de\/pflege\/wp-json\/wp\/v2\/pages\/560","targetHints":{"allow":["GET"]}}],"collection":[{"href":"https:\/\/www.leo-stift.de\/pflege\/wp-json\/wp\/v2\/pages"}],"about":[{"href":"https:\/\/www.leo-stift.de\/pflege\/wp-json\/wp\/v2\/types\/page"}],"author":[{"embeddable":true,"href":"https:\/\/www.leo-stift.de\/pflege\/wp-json\/wp\/v2\/users\/1"}],"replies":[{"embeddable":true,"href":"https:\/\/www.leo-stift.de\/pflege\/wp-json\/wp\/v2\/comments?post=560"}],"version-history":[{"count":49,"href":"https:\/\/www.leo-stift.de\/pflege\/wp-json\/wp\/v2\/pages\/560\/revisions"}],"predecessor-version":[{"id":711,"href":"https:\/\/www.leo-stift.de\/pflege\/wp-json\/wp\/v2\/pages\/560\/revisions\/711"}],"up":[{"embeddable":true,"href":"https:\/\/www.leo-stift.de\/pflege\/wp-json\/wp\/v2\/pages\/196"}],"wp:attachment":[{"href":"https:\/\/www.leo-stift.de\/pflege\/wp-json\/wp\/v2\/media?parent=560"}],"curies":[{"name":"wp","href":"https:\/\/api.w.org\/{rel}","templated":true}]}}