{"id":5,"date":"2017-01-23T11:08:04","date_gmt":"2017-01-23T11:08:04","guid":{"rendered":"http:\/\/demos.artbees.net\/jupiter5\/uni\/?page_id=5"},"modified":"2018-06-14T10:47:02","modified_gmt":"2018-06-14T08:47:02","slug":"home","status":"publish","type":"page","link":"https:\/\/www.leo-stift.de\/pflege\/","title":{"rendered":"Home"},"content":{"rendered":"[mk_page_section bg_image=&#8220;https:\/\/www.leo-stift.de\/pflege\/wp-content\/uploads\/2018\/05\/78.jpg&#8220; bg_position=&#8220;center center&#8220; bg_repeat=&#8220;no-repeat&#8220; bg_stretch=&#8220;true&#8220; video_color_mask=&#8220;#000000&#8243; video_opacity=&#8220;0.2&#8243; min_height=&#8220;500&#8243; padding_top=&#8220;0&#8243; padding_bottom=&#8220;240&#8243; sidebar=&#8220;sidebar-1&#8243;][vc_column width=&#8220;1\/12&#8243;][\/vc_column][vc_column width=&#8220;10\/12&#8243;][mk_padding_divider size=&#8220;60&#8243; visibility=&#8220;visible-sm&#8220;][mk_fancy_title tag_name=&#8220;h1&#8243; color=&#8220;#ffffff&#8220; size=&#8220;35&#8243; force_font_size=&#8220;true&#8220; size_phone=&#8220;30&#8243; font_weight=&#8220;300&#8243; margin_top=&#8220;150&#8243; margin_bottom=&#8220;0&#8243; font_family=&#8220;none&#8220; align=&#8220;center&#8220;]Herzlich Willkommen im St. Leo-Stift[\/mk_fancy_title][\/vc_column][vc_column width=&#8220;1\/12&#8243;][\/vc_column][\/mk_page_section][vc_row][vc_column][mk_padding_divider size=&#8220;80&#8243;][\/vc_column][\/vc_row][vc_row][vc_column width=&#8220;1\/6&#8243;][\/vc_column][vc_column width=&#8220;2\/3&#8243;][mk_fancy_title color=&#8220;#454545&#8243; size=&#8220;35&#8243; force_font_size=&#8220;true&#8220; size_phone=&#8220;25&#8243; font_weight=&#8220;300&#8243; txt_transform=&#8220;none&#8220; margin_bottom=&#8220;0&#8243; font_family=&#8220;none&#8220; align=&#8220;center&#8220;]Entdecken Sie jetzt unser Haus und unsere Leistungen[\/mk_fancy_title][\/vc_column][vc_column width=&#8220;1\/6&#8243;][\/vc_column][\/vc_row][vc_row fullwidth=&#8220;true&#8220; fullwidth_content=&#8220;false&#8220;][vc_column width=&#8220;1\/4&#8243;][mk_custom_box padding_horizental=&#8220;30&#8243; margin_bottom=&#8220;0&#8243; min_height=&#8220;200&#8243; el_class=&#8220;make-it-clickable&#8220; bg_image=&#8220;https:\/\/www.leo-stift.de\/pflege\/wp-content\/uploads\/2018\/05\/front2.jpg&#8220; background_hov_color_style=&#8220;image&#8220; border_color_style=&#8220;single_color&#8220; border_color=&#8220;#d1d1d1&#8243; overlay_color=&#8220;rgba(0,0,0,0.25)&#8220; bg_hov_color=&#8220;#ffffff&#8220; bg_image_hov_effect=&#8220;zoom-in&#8220; elevation_effect=&#8220;true&#8220; bg_stretch=&#8220;true&#8220;][mk_fancy_title tag_name=&#8220;h4&#8243; color=&#8220;#ffffff&#8220; size=&#8220;18&#8243; font_weight=&#8220;300&#8243; txt_transform=&#8220;capitalize&#8220; margin_bottom=&#8220;0&#8243; font_family=&#8220;none&#8220;]Die Einrichtung[\/mk_fancy_title][mk_button url=&#8220;\/pflege\/die-einrichtung\/&#8220; el_class=&#8220;item-button&#8220;][\/mk_button][\/mk_custom_box][mk_padding_divider visibility=&#8220;visible-sm&#8220;][\/vc_column][vc_column width=&#8220;1\/4&#8243;][mk_custom_box padding_horizental=&#8220;30&#8243; margin_bottom=&#8220;0&#8243; min_height=&#8220;200&#8243; el_class=&#8220;make-it-clickable&#8220; bg_image=&#8220;https:\/\/www.leo-stift.de\/pflege\/wp-content\/uploads\/2018\/05\/fest6.jpg&#8220; background_hov_color_style=&#8220;image&#8220; border_color_style=&#8220;single_color&#8220; border_color=&#8220;#d1d1d1&#8243; overlay_color=&#8220;rgba(0,0,0,0.25)&#8220; bg_hov_color=&#8220;#ffffff&#8220; bg_image_hov_effect=&#8220;zoom-in&#8220; elevation_effect=&#8220;true&#8220; bg_stretch=&#8220;true&#8220;][mk_fancy_title tag_name=&#8220;h4&#8243; color=&#8220;#ffffff&#8220; size=&#8220;18&#8243; font_weight=&#8220;300&#8243; txt_transform=&#8220;capitalize&#8220; margin_bottom=&#8220;0&#8243; font_family=&#8220;none&#8220;]Pflege und Versorgung[\/mk_fancy_title][mk_button url=&#8220;\/pflege\/pflege-und-versorgung\/&#8220; el_class=&#8220;item-button&#8220;][\/mk_button][\/mk_custom_box][mk_padding_divider visibility=&#8220;visible-sm&#8220;][\/vc_column][vc_column width=&#8220;1\/4&#8243;][mk_custom_box padding_horizental=&#8220;30&#8243; margin_bottom=&#8220;0&#8243; min_height=&#8220;200&#8243; el_class=&#8220;make-it-clickable&#8220; bg_image=&#8220;https:\/\/www.leo-stift.de\/pflege\/wp-content\/uploads\/2018\/05\/tpflege6.jpg&#8220; background_hov_color_style=&#8220;image&#8220; border_color_style=&#8220;single_color&#8220; border_color=&#8220;#d1d1d1&#8243; overlay_color=&#8220;rgba(0,0,0,0.25)&#8220; bg_hov_color=&#8220;#ffffff&#8220; bg_image_hov_effect=&#8220;zoom-in&#8220; elevation_effect=&#8220;true&#8220; bg_stretch=&#8220;true&#8220;][mk_fancy_title tag_name=&#8220;h4&#8243; color=&#8220;#ffffff&#8220; size=&#8220;18&#8243; font_weight=&#8220;300&#8243; txt_transform=&#8220;capitalize&#8220; margin_bottom=&#8220;0&#8243; font_family=&#8220;none&#8220;]Besch\u00e4ftigung und Betreuung[\/mk_fancy_title][mk_button url=&#8220;\/pflege\/beschaeftigung-und-betreuung\/&#8220; el_class=&#8220;item-button&#8220;][\/mk_button][\/mk_custom_box][mk_padding_divider visibility=&#8220;visible-sm&#8220;][\/vc_column][vc_column width=&#8220;1\/4&#8243;][mk_custom_box padding_horizental=&#8220;30&#8243; margin_bottom=&#8220;0&#8243; min_height=&#8220;200&#8243; el_class=&#8220;make-it-clickable&#8220; bg_image=&#8220;https:\/\/www.leo-stift.de\/pflege\/wp-content\/uploads\/2018\/05\/tagespflege7.jpg&#8220; background_hov_color_style=&#8220;image&#8220; border_color_style=&#8220;single_color&#8220; border_color=&#8220;#d1d1d1&#8243; overlay_color=&#8220;rgba(0,0,0,0.25)&#8220; bg_hov_color=&#8220;#ffffff&#8220; bg_image_hov_effect=&#8220;zoom-in&#8220; elevation_effect=&#8220;true&#8220; bg_stretch=&#8220;true&#8220;][mk_fancy_title tag_name=&#8220;h4&#8243; color=&#8220;#ffffff&#8220; size=&#8220;18&#8243; font_weight=&#8220;300&#8243; txt_transform=&#8220;capitalize&#8220; margin_bottom=&#8220;0&#8243; font_family=&#8220;none&#8220;]Kontakt[\/mk_fancy_title][mk_button url=&#8220;\/pflege\/kontakt\/&#8220; el_class=&#8220;item-button&#8220;][\/mk_button][\/mk_custom_box][mk_padding_divider visibility=&#8220;visible-sm&#8220;][\/vc_column][\/vc_row][vc_row][vc_column][mk_padding_divider size=&#8220;120&#8243;][\/vc_column][\/vc_row][mk_page_section bg_color=&#8220;#2772ac&#8220; padding_top=&#8220;100&#8243; padding_bottom=&#8220;100&#8243; sidebar=&#8220;sidebar-1&#8243;][vc_column][mk_fancy_title tag_name=&#8220;h3&#8243; color=&#8220;#ffffff&#8220; size=&#8220;35&#8243; force_font_size=&#8220;true&#8220; size_tablet=&#8220;25&#8243; size_phone=&#8220;20&#8243; font_weight=&#8220;300&#8243; margin_bottom=&#8220;10&#8243; font_family=&#8220;none&#8220; align=&#8220;center&#8220;][\/mk_fancy_title][mk_button dimension=&#8220;flat&#8220; corner_style=&#8220;full_rounded&#8220; size=&#8220;medium&#8220; url=&#8220;\/pflege\/kontakt\/&#8220; align=&#8220;center&#8220; margin_right=&#8220;0&#8243;]ZUM KONTAKT[\/mk_button][\/vc_column][\/mk_page_section][vc_row][vc_column][mk_padding_divider size=&#8220;120&#8243;][\/vc_column][\/vc_row][vc_row][vc_column][vc_column_text disable_pattern=&#8220;false&#8220; align=&#8220;center&#8220; css=&#8220;.vc_custom_1528876066350{margin-bottom: 0px !important;}&#8220;][\/vc_column_text][mk_fancy_title color=&#8220;#454545&#8243; size=&#8220;35&#8243; force_font_size=&#8220;true&#8220; size_phone=&#8220;25&#8243; font_weight=&#8220;300&#8243; txt_transform=&#8220;none&#8220; margin_bottom=&#8220;0&#8243; font_family=&#8220;none&#8220; align=&#8220;center&#8220;]Leistungen im St. Leo-Stift[\/mk_fancy_title][mk_padding_divider size=&#8220;20&#8243;][vc_row_inner attached=&#8220;true&#8220; column_padding=&#8220;3&#8243;][vc_column_inner width=&#8220;1\/3&#8243;][mk_fancy_title tag_name=&#8220;h5&#8243; color=&#8220;#2772ac&#8220; size=&#8220;18&#8243; font_weight=&#8220;500&#8243; txt_transform=&#8220;capitalize&#8220; margin_bottom=&#8220;0&#8243; font_family=&#8220;none&#8220;]Tagespflege[\/mk_fancy_title][vc_column_text disable_pattern=&#8220;false&#8220; margin_bottom=&#8220;20&#8243; css=&#8220;.vc_custom_1528965389744{margin-bottom: 20px !important;}&#8220;]\n<p style=\"text-align: left;\">Wenn Sie im Alter durch Krankheit und Pflegebed\u00fcrftigkeit pl\u00f6tzlich auf fremde Hilfe angewiesen sind, trennen Sie sich nicht gerne von Ihrer lieb gewordenen Umgebung. Ihre Angeh\u00f6rigen und Freunde sind oft aus zeitlichen, famili\u00e4ren oder gesundheitlichen Gr\u00fcnden nicht in der Lage, die erforderliche Pflege und Betreuung rund um die Uhr zu leisten. Hier kann die Tagespflege eine L\u00f6sung sein.<\/p>\n[\/vc_column_text][\/vc_column_inner][vc_column_inner width=&#8220;1\/3&#8243;][mk_fancy_title tag_name=&#8220;h5&#8243; color=&#8220;#2772ac&#8220; size=&#8220;18&#8243; font_weight=&#8220;500&#8243; txt_transform=&#8220;capitalize&#8220; margin_bottom=&#8220;0&#8243; font_family=&#8220;none&#8220;]Langzeitpflege[\/mk_fancy_title][vc_column_text disable_pattern=&#8220;false&#8220; margin_bottom=&#8220;20&#8243; css=&#8220;.vc_custom_1528966018662{margin-bottom: 20px !important;}&#8220;]\n<p style=\"text-align: left;\">Der Umgang mit sehr hilfebed\u00fcrftigen Menschen muss gepr\u00e4gt sein von\u00a0 Respekt vor der W\u00fcrde und Einzigartikeit des Einzelnen &#8211; einfach von einem mitmenschlichen Umgang. Die Vollstation\u00e4re Pflege richtet sich daher liebevoll nach den individuellen Bedarf und ber\u00fccksichtigt die pers\u00f6nlichen Gewohnheiten sowie die Intimsph\u00e4re der Bewohner. Unsere engagierten Pflegeteams sind stets im Einsatz, um ihre aktivierende, mobilisierende und rehabilitierende Pflege durchzuf\u00fchren und zus\u00e4tzlich ein Gef\u00fchl von Geborgenheit zu vermitteln.<\/p>\n[\/vc_column_text][\/vc_column_inner][vc_column_inner width=&#8220;1\/3&#8243;][mk_fancy_title tag_name=&#8220;h5&#8243; color=&#8220;#2772ac&#8220; size=&#8220;18&#8243; font_weight=&#8220;500&#8243; txt_transform=&#8220;capitalize&#8220; margin_bottom=&#8220;0&#8243; font_family=&#8220;none&#8220;]Kurzzeitpflege[\/mk_fancy_title][vc_column_text disable_pattern=&#8220;false&#8220; margin_bottom=&#8220;20&#8243; css=&#8220;.vc_custom_1528965951392{margin-bottom: 20px !important;}&#8220;]Wohin mit dem geliebten Menschen, wenn die Familie verreist, die Pflegenden selbst erkranken oder aus anderen Gr\u00fcnden kurzzeitg ausfallen? Eine gute L\u00f6sung ist die Kurzzeitpflege. Die Pflege und Betreuung wird bis zu 28 Tage im Jahr \u00fcbernommen. Ob 28 Tage am St\u00fcck oder aufgeteilt, es ist alles m\u00f6glich.[\/vc_column_text][\/vc_column_inner][\/vc_row_inner][mk_padding_divider size=&#8220;20&#8243;][\/vc_column][\/vc_row][vc_row][vc_column][mk_padding_divider size=&#8220;120&#8243;][\/vc_column][\/vc_row]\n","protected":false},"excerpt":{"rendered":"<p>[mk_page_section bg_image=&#8220;https:\/\/www.leo-stift.de\/pflege\/wp-content\/uploads\/2018\/05\/78.jpg&#8220; bg_position=&#8220;center center&#8220; bg_repeat=&#8220;no-repeat&#8220; bg_stretch=&#8220;true&#8220; video_color_mask=&#8220;#000000&#8243; video_opacity=&#8220;0.2&#8243; min_height=&#8220;500&#8243; padding_top=&#8220;0&#8243; padding_bottom=&#8220;240&#8243; sidebar=&#8220;sidebar-1&#8243;][vc_column width=&#8220;1\/12&#8243;][\/vc_column][vc_column width=&#8220;10\/12&#8243;][mk_padding_divider size=&#8220;60&#8243; visibility=&#8220;visible-sm&#8220;][mk_fancy_title tag_name=&#8220;h1&#8243; color=&#8220;#ffffff&#8220; size=&#8220;35&#8243; force_font_size=&#8220;true&#8220; size_phone=&#8220;30&#8243; font_weight=&#8220;300&#8243; margin_top=&#8220;150&#8243; margin_bottom=&#8220;0&#8243; font_family=&#8220;none&#8220; align=&#8220;center&#8220;]Herzlich Willkommen im St. Leo-Stift[\/mk_fancy_title][\/vc_column][vc_column width=&#8220;1\/12&#8243;][\/vc_column][\/mk_page_section][vc_row][vc_column][mk_padding_divider size=&#8220;80&#8243;][\/vc_column][\/vc_row][vc_row][vc_column width=&#8220;1\/6&#8243;][\/vc_column][vc_column width=&#8220;2\/3&#8243;][mk_fancy_title color=&#8220;#454545&#8243; size=&#8220;35&#8243; force_font_size=&#8220;true&#8220; size_phone=&#8220;25&#8243; font_weight=&#8220;300&#8243; txt_transform=&#8220;none&#8220; margin_bottom=&#8220;0&#8243; font_family=&#8220;none&#8220; align=&#8220;center&#8220;]Entdecken Sie jetzt unser Haus und unsere Leistungen[\/mk_fancy_title][\/vc_column][vc_column width=&#8220;1\/6&#8243;][\/vc_column][\/vc_row][vc_row fullwidth=&#8220;true&#8220; fullwidth_content=&#8220;false&#8220;][vc_column width=&#8220;1\/4&#8243;][mk_custom_box padding_horizental=&#8220;30&#8243; [&hellip;]<\/p>\n","protected":false},"author":4,"featured_media":0,"parent":0,"menu_order":0,"comment_status":"closed","ping_status":"closed","template":"","meta":{"footnotes":""},"class_list":["post-5","page","type-page","status-publish","hentry"],"yoast_head":"<!-- This site is optimized with the Yoast SEO plugin v18.2 - https:\/\/yoast.com\/wordpress\/plugins\/seo\/ -->\n<title>Home | St. Leo-Stift gemeinn\u00fctzige GmbH<\/title>\n<meta name=\"robots\" content=\"index, follow, max-snippet:-1, max-image-preview:large, max-video-preview:-1\" \/>\n<link rel=\"canonical\" href=\"https:\/\/www.leo-stift.de\/pflege\/\" \/>\n<meta property=\"og:locale\" content=\"de_DE\" \/>\n<meta property=\"og:type\" content=\"article\" \/>\n<meta property=\"og:title\" content=\"Home | St. Leo-Stift gemeinn\u00fctzige GmbH\" \/>\n<meta property=\"og:description\" content=\"[mk_page_section bg_image=&#8220;https:\/\/www.leo-stift.de\/pflege\/wp-content\/uploads\/2018\/05\/78.jpg&#8220; bg_position=&#8220;center center&#8220; bg_repeat=&#8220;no-repeat&#8220; bg_stretch=&#8220;true&#8220; video_color_mask=&#8220;#000000&#8243; video_opacity=&#8220;0.2&#8243; min_height=&#8220;500&#8243; padding_top=&#8220;0&#8243; padding_bottom=&#8220;240&#8243; sidebar=&#8220;sidebar-1&#8243;][vc_column width=&#8220;1\/12&#8243;][\/vc_column][vc_column width=&#8220;10\/12&#8243;][mk_padding_divider size=&#8220;60&#8243; visibility=&#8220;visible-sm&#8220;][mk_fancy_title tag_name=&#8220;h1&#8243; color=&#8220;#ffffff&#8220; size=&#8220;35&#8243; force_font_size=&#8220;true&#8220; size_phone=&#8220;30&#8243; font_weight=&#8220;300&#8243; margin_top=&#8220;150&#8243; margin_bottom=&#8220;0&#8243; font_family=&#8220;none&#8220; align=&#8220;center&#8220;]Herzlich Willkommen im St. Leo-Stift[\/mk_fancy_title][\/vc_column][vc_column width=&#8220;1\/12&#8243;][\/vc_column][\/mk_page_section][vc_row][vc_column][mk_padding_divider size=&#8220;80&#8243;][\/vc_column][\/vc_row][vc_row][vc_column width=&#8220;1\/6&#8243;][\/vc_column][vc_column width=&#8220;2\/3&#8243;][mk_fancy_title color=&#8220;#454545&#8243; size=&#8220;35&#8243; force_font_size=&#8220;true&#8220; size_phone=&#8220;25&#8243; font_weight=&#8220;300&#8243; txt_transform=&#8220;none&#8220; margin_bottom=&#8220;0&#8243; font_family=&#8220;none&#8220; align=&#8220;center&#8220;]Entdecken Sie jetzt unser Haus und unsere Leistungen[\/mk_fancy_title][\/vc_column][vc_column width=&#8220;1\/6&#8243;][\/vc_column][\/vc_row][vc_row fullwidth=&#8220;true&#8220; fullwidth_content=&#8220;false&#8220;][vc_column width=&#8220;1\/4&#8243;][mk_custom_box padding_horizental=&#8220;30&#8243; [&hellip;]\" \/>\n<meta property=\"og:url\" content=\"https:\/\/www.leo-stift.de\/pflege\/\" \/>\n<meta property=\"og:site_name\" content=\"St. Leo-Stift gemeinn\u00fctzige GmbH\" \/>\n<meta property=\"article:modified_time\" content=\"2018-06-14T08:47:02+00:00\" \/>\n<meta name=\"twitter:card\" content=\"summary_large_image\" \/>\n<meta name=\"twitter:label1\" content=\"Gesch\u00e4tzte Lesezeit\" \/>\n\t<meta name=\"twitter:data1\" content=\"5\u00a0Minuten\" \/>\n<script type=\"application\/ld+json\" class=\"yoast-schema-graph\">{\"@context\":\"https:\/\/schema.org\",\"@graph\":[{\"@type\":\"Organization\",\"@id\":\"https:\/\/www.leo-stift.de\/pflege\/#organization\",\"name\":\"St. Leo-Stift gemeinn\u00fctzige GmbH\",\"url\":\"https:\/\/www.leo-stift.de\/pflege\/\",\"sameAs\":[],\"logo\":{\"@type\":\"ImageObject\",\"@id\":\"https:\/\/www.leo-stift.de\/pflege\/#logo\",\"inLanguage\":\"de\",\"url\":\"https:\/\/www.leo-stift.de\/pflege\/wp-content\/uploads\/2018\/05\/logo.png\",\"contentUrl\":\"https:\/\/www.leo-stift.de\/pflege\/wp-content\/uploads\/2018\/05\/logo.png\",\"width\":1223,\"height\":287,\"caption\":\"St. Leo-Stift gemeinn\u00fctzige GmbH\"},\"image\":{\"@id\":\"https:\/\/www.leo-stift.de\/pflege\/#logo\"}},{\"@type\":\"WebSite\",\"@id\":\"https:\/\/www.leo-stift.de\/pflege\/#website\",\"url\":\"https:\/\/www.leo-stift.de\/pflege\/\",\"name\":\"St. Leo-Stift gemeinn\u00fctzige GmbH\",\"description\":\"Herzlich Willkommen\",\"publisher\":{\"@id\":\"https:\/\/www.leo-stift.de\/pflege\/#organization\"},\"potentialAction\":[{\"@type\":\"SearchAction\",\"target\":{\"@type\":\"EntryPoint\",\"urlTemplate\":\"https:\/\/www.leo-stift.de\/pflege\/?s={search_term_string}\"},\"query-input\":\"required name=search_term_string\"}],\"inLanguage\":\"de\"},{\"@type\":\"WebPage\",\"@id\":\"https:\/\/www.leo-stift.de\/pflege\/#webpage\",\"url\":\"https:\/\/www.leo-stift.de\/pflege\/\",\"name\":\"Home | St. Leo-Stift gemeinn\u00fctzige GmbH\",\"isPartOf\":{\"@id\":\"https:\/\/www.leo-stift.de\/pflege\/#website\"},\"datePublished\":\"2017-01-23T11:08:04+00:00\",\"dateModified\":\"2018-06-14T08:47:02+00:00\",\"breadcrumb\":{\"@id\":\"https:\/\/www.leo-stift.de\/pflege\/#breadcrumb\"},\"inLanguage\":\"de\",\"potentialAction\":[{\"@type\":\"ReadAction\",\"target\":[\"https:\/\/www.leo-stift.de\/pflege\/\"]}]},{\"@type\":\"BreadcrumbList\",\"@id\":\"https:\/\/www.leo-stift.de\/pflege\/#breadcrumb\",\"itemListElement\":[{\"@type\":\"ListItem\",\"position\":1,\"name\":\"Startseite\",\"item\":\"https:\/\/www.leo-stift.de\/pflege\/\"},{\"@type\":\"ListItem\",\"position\":2,\"name\":\"Home\"}]}]}<\/script>\n<!-- \/ Yoast SEO plugin. -->","yoast_head_json":{"title":"Home | St. Leo-Stift gemeinn\u00fctzige GmbH","robots":{"index":"index","follow":"follow","max-snippet":"max-snippet:-1","max-image-preview":"max-image-preview:large","max-video-preview":"max-video-preview:-1"},"canonical":"https:\/\/www.leo-stift.de\/pflege\/","og_locale":"de_DE","og_type":"article","og_title":"Home | St. Leo-Stift gemeinn\u00fctzige GmbH","og_description":"[mk_page_section bg_image=&#8220;https:\/\/www.leo-stift.de\/pflege\/wp-content\/uploads\/2018\/05\/78.jpg&#8220; bg_position=&#8220;center center&#8220; bg_repeat=&#8220;no-repeat&#8220; bg_stretch=&#8220;true&#8220; video_color_mask=&#8220;#000000&#8243; video_opacity=&#8220;0.2&#8243; min_height=&#8220;500&#8243; padding_top=&#8220;0&#8243; padding_bottom=&#8220;240&#8243; sidebar=&#8220;sidebar-1&#8243;][vc_column width=&#8220;1\/12&#8243;][\/vc_column][vc_column width=&#8220;10\/12&#8243;][mk_padding_divider size=&#8220;60&#8243; visibility=&#8220;visible-sm&#8220;][mk_fancy_title tag_name=&#8220;h1&#8243; color=&#8220;#ffffff&#8220; size=&#8220;35&#8243; force_font_size=&#8220;true&#8220; size_phone=&#8220;30&#8243; font_weight=&#8220;300&#8243; margin_top=&#8220;150&#8243; margin_bottom=&#8220;0&#8243; font_family=&#8220;none&#8220; align=&#8220;center&#8220;]Herzlich Willkommen im St. Leo-Stift[\/mk_fancy_title][\/vc_column][vc_column width=&#8220;1\/12&#8243;][\/vc_column][\/mk_page_section][vc_row][vc_column][mk_padding_divider size=&#8220;80&#8243;][\/vc_column][\/vc_row][vc_row][vc_column width=&#8220;1\/6&#8243;][\/vc_column][vc_column width=&#8220;2\/3&#8243;][mk_fancy_title color=&#8220;#454545&#8243; size=&#8220;35&#8243; force_font_size=&#8220;true&#8220; size_phone=&#8220;25&#8243; font_weight=&#8220;300&#8243; txt_transform=&#8220;none&#8220; margin_bottom=&#8220;0&#8243; font_family=&#8220;none&#8220; align=&#8220;center&#8220;]Entdecken Sie jetzt unser Haus und unsere Leistungen[\/mk_fancy_title][\/vc_column][vc_column width=&#8220;1\/6&#8243;][\/vc_column][\/vc_row][vc_row fullwidth=&#8220;true&#8220; fullwidth_content=&#8220;false&#8220;][vc_column width=&#8220;1\/4&#8243;][mk_custom_box padding_horizental=&#8220;30&#8243; [&hellip;]","og_url":"https:\/\/www.leo-stift.de\/pflege\/","og_site_name":"St. Leo-Stift gemeinn\u00fctzige GmbH","article_modified_time":"2018-06-14T08:47:02+00:00","twitter_card":"summary_large_image","twitter_misc":{"Gesch\u00e4tzte Lesezeit":"5\u00a0Minuten"},"schema":{"@context":"https:\/\/schema.org","@graph":[{"@type":"Organization","@id":"https:\/\/www.leo-stift.de\/pflege\/#organization","name":"St. Leo-Stift gemeinn\u00fctzige GmbH","url":"https:\/\/www.leo-stift.de\/pflege\/","sameAs":[],"logo":{"@type":"ImageObject","@id":"https:\/\/www.leo-stift.de\/pflege\/#logo","inLanguage":"de","url":"https:\/\/www.leo-stift.de\/pflege\/wp-content\/uploads\/2018\/05\/logo.png","contentUrl":"https:\/\/www.leo-stift.de\/pflege\/wp-content\/uploads\/2018\/05\/logo.png","width":1223,"height":287,"caption":"St. Leo-Stift gemeinn\u00fctzige GmbH"},"image":{"@id":"https:\/\/www.leo-stift.de\/pflege\/#logo"}},{"@type":"WebSite","@id":"https:\/\/www.leo-stift.de\/pflege\/#website","url":"https:\/\/www.leo-stift.de\/pflege\/","name":"St. Leo-Stift gemeinn\u00fctzige GmbH","description":"Herzlich Willkommen","publisher":{"@id":"https:\/\/www.leo-stift.de\/pflege\/#organization"},"potentialAction":[{"@type":"SearchAction","target":{"@type":"EntryPoint","urlTemplate":"https:\/\/www.leo-stift.de\/pflege\/?s={search_term_string}"},"query-input":"required name=search_term_string"}],"inLanguage":"de"},{"@type":"WebPage","@id":"https:\/\/www.leo-stift.de\/pflege\/#webpage","url":"https:\/\/www.leo-stift.de\/pflege\/","name":"Home | St. Leo-Stift gemeinn\u00fctzige GmbH","isPartOf":{"@id":"https:\/\/www.leo-stift.de\/pflege\/#website"},"datePublished":"2017-01-23T11:08:04+00:00","dateModified":"2018-06-14T08:47:02+00:00","breadcrumb":{"@id":"https:\/\/www.leo-stift.de\/pflege\/#breadcrumb"},"inLanguage":"de","potentialAction":[{"@type":"ReadAction","target":["https:\/\/www.leo-stift.de\/pflege\/"]}]},{"@type":"BreadcrumbList","@id":"https:\/\/www.leo-stift.de\/pflege\/#breadcrumb","itemListElement":[{"@type":"ListItem","position":1,"name":"Startseite","item":"https:\/\/www.leo-stift.de\/pflege\/"},{"@type":"ListItem","position":2,"name":"Home"}]}]}},"_links":{"self":[{"href":"https:\/\/www.leo-stift.de\/pflege\/wp-json\/wp\/v2\/pages\/5","targetHints":{"allow":["GET"]}}],"collection":[{"href":"https:\/\/www.leo-stift.de\/pflege\/wp-json\/wp\/v2\/pages"}],"about":[{"href":"https:\/\/www.leo-stift.de\/pflege\/wp-json\/wp\/v2\/types\/page"}],"author":[{"embeddable":true,"href":"https:\/\/www.leo-stift.de\/pflege\/wp-json\/wp\/v2\/users\/4"}],"replies":[{"embeddable":true,"href":"https:\/\/www.leo-stift.de\/pflege\/wp-json\/wp\/v2\/comments?post=5"}],"version-history":[{"count":34,"href":"https:\/\/www.leo-stift.de\/pflege\/wp-json\/wp\/v2\/pages\/5\/revisions"}],"predecessor-version":[{"id":642,"href":"https:\/\/www.leo-stift.de\/pflege\/wp-json\/wp\/v2\/pages\/5\/revisions\/642"}],"wp:attachment":[{"href":"https:\/\/www.leo-stift.de\/pflege\/wp-json\/wp\/v2\/media?parent=5"}],"curies":[{"name":"wp","href":"https:\/\/api.w.org\/{rel}","templated":true}]}}