{"id":207,"date":"2018-05-15T14:48:13","date_gmt":"2018-05-15T12:48:13","guid":{"rendered":"https:\/\/www.leo-stift.de\/pflege\/tagespflege\/"},"modified":"2018-05-29T13:04:15","modified_gmt":"2018-05-29T11:04:15","slug":"tagespflege","status":"publish","type":"page","link":"https:\/\/www.leo-stift.de\/pflege\/pflege-und-versorgung\/tagespflege\/","title":{"rendered":"Tagespflege"},"content":{"rendered":"[vc_row][vc_column][mk_padding_divider size=&#8220;120&#8243;][\/vc_column][\/vc_row][vc_row][vc_column width=&#8220;1\/2&#8243;][mk_fancy_title tag_name=&#8220;h1&#8243; color=&#8220;#454545&#8243; size=&#8220;35&#8243; force_font_size=&#8220;true&#8220; size_phone=&#8220;30&#8243; font_weight=&#8220;300&#8243; txt_transform=&#8220;none&#8220; margin_bottom=&#8220;0&#8243; font_family=&#8220;none&#8220; responsive_align=&#8220;left&#8220;]Tagespflege[\/mk_fancy_title][vc_column_text disable_pattern=&#8220;false&#8220; css=&#8220;.vc_custom_1526450387176{margin-bottom: 0px !important;}&#8220;]Die Errichtung unserer Tagespflege wurde gef\u00f6rdert aus Mitteln der Deutschen Fernsehlotterie.[\/vc_column_text][vc_column_text css=&#8220;.vc_custom_1526450755877{margin-bottom: 0px !important;}&#8220;]Die Tagespflege bietet Platz f\u00fcr 8 G\u00e4ste aller Pflegegrade. Sie befindet sich in einem Neubau inmitten der gro\u00dfen Parkanlage des St. Leo-Stiftes. Ein gro\u00dfer Wohnbereich, eine Bewohnerk\u00fcche, Ruhezonen usw. stehen f\u00fcr die G\u00e4ste der Tagespflege zur Verf\u00fcgung.<\/p>\n<p>Unsere Leistungen reichen von der Pflege und Betreuung bis hin zur Begleitung &#8222;ganz normaler&#8220; Abl\u00e4ufe im Lebensalltag. Auf jeden Gast, der zu uns kommt, werden individuell die Pflege- und Betreuungsleistungen, die er ben\u00f6tigt, zugeschnitten und mit den Angeh\u00f6rigen abgesprochen. So k\u00f6nnen wir auf die W\u00fcnsche und Bed\u00fcrfnisse unserer G\u00e4ste direkt und ohne lange Umwege eingehen und diese z\u00fcgig umsetzen.[\/vc_column_text][\/vc_column][vc_column width=&#8220;1\/2&#8243;][mk_padding_divider size=&#8220;62&#8243;][mk_image_slideshow images=&#8220;382,380&#8243;][\/vc_column][\/vc_row][vc_row fullwidth=&#8220;true&#8220;][vc_column][mk_padding_divider size=&#8220;75&#8243;][\/vc_column][\/vc_row][vc_row fullwidth=&#8220;true&#8220; attached=&#8220;true&#8220;][vc_column][mk_gallery images=&#8220;370,383,372,384,377,371,381&#8243; column=&#8220;4&#8243; height=&#8220;250&#8243;][\/vc_column][\/vc_row][vc_row fullwidth=&#8220;true&#8220;][vc_column][mk_padding_divider size=&#8220;120&#8243;][mk_divider style=&#8220;thin_solid&#8220;][mk_padding_divider size=&#8220;120&#8243;][\/vc_column][\/vc_row][vc_row][vc_column width=&#8220;1\/2&#8243;][mk_fancy_title color=&#8220;#454545&#8243; size=&#8220;35&#8243; force_font_size=&#8220;true&#8220; size_phone=&#8220;30&#8243; font_weight=&#8220;300&#8243; txt_transform=&#8220;none&#8220; margin_bottom=&#8220;0&#8243; font_family=&#8220;none&#8220; responsive_align=&#8220;left&#8220;]Tagesablauf[\/mk_fancy_title][vc_column_text disable_pattern=&#8220;false&#8220; css=&#8220;.vc_custom_1526451011170{margin-bottom: 0px !important;}&#8220;]Der Tag im St. Leo-Stift beginnt um 8:30 Uhr mit einem gemeinsamen Fr\u00fchst\u00fcck. Danach werden unseren G\u00e4sten die verschiedenen Besch\u00e4ftigungsm\u00f6glichkeiten angeboten. Hier gibt es unz\u00e4hlige T\u00e4tigkeiten und &#8222;Aufgaben&#8220;, die dabei helfen, den Tag zu gestalten: Gemeinsames Zeitungslesen (Was ist in der Welt passiert?) Erz\u00e4hlrunden (Wie war es damals?), kreative Bastelangebote, Ged\u00e4chtnistraining, hauswirtschaftliche T\u00e4tigkeiten, singen, backen, Mittagessen vorbereiten und Rezepte diskutieren sind nur einige unserer Angebote. Gemeinsame Friedhofsbesuche, Spazierg\u00e4nge, das Kr\u00e4uterbeet im Garten, die Sonnenterasse (das &#8222;Sonnendeck&#8220;) oder auch der w\u00f6chentliche Gottesdienst in unserer hauseigenen Kapelle sind ebenfalls gern genutzte Besch\u00e4ftigungsangebote unserer G\u00e4ste.[\/vc_column_text][vc_column_text css=&#8220;.vc_custom_1526451017819{margin-bottom: 0px !important;}&#8220;]Ab 11:30 Uhr wird mit allen G\u00e4sten zu Mittag gegessen. Das Essen wird zuvor in unserer K\u00fcche zubereitet. Einige Tagespflege-G\u00e4ste helfen mit viel Spa\u00df und Freude mit, frischen Salat zu &#8222;schnippeln&#8220;, Pudding oder Quark zu r\u00fchren oder die Erdbeeren f\u00fcr den selbstgebackenen Erdbeerboden am Nachmittag vorzubereiten. Nach dem Mittagessen kann man sich in unseren Ruheraum nach Bedarf zur\u00fcckziehen, bis die Nachmittagsbesch\u00e4ftigung beginnt: Gesellschaftsspiele, basteln, dekorieren, Erfahrungen austauschen, zusammen lachen, erz\u00e4hlen, auch mal meckern oder jemandem seine Sorgen anvertrauen k\u00f6nnen, Eis essen, die V\u00f6gel in der Voliere beobachten, einen guten DVD-Film auf dem Gro\u00dfbildschirnm zusammen sehen oder sich gemeinsam \u00fcber das doofe Regenwetter \u00e4rgern, das den Nachmittagskaffe auf dem &#8222;Sonnendeck&#8220; verdorben hat. Es gibt 1000 Sachen, die man tun kann. Gegen 15:00 Uhr wird Kaffee und Kuchen gereicht, bevor die G\u00e4ste um 16:30 Uhr wieder nach Hause gefahren werden.[\/vc_column_text][\/vc_column][vc_column width=&#8220;1\/2&#8243;][mk_padding_divider size=&#8220;80&#8243;][mk_gallery images=&#8220;375,385,386,379,378,374,376,373&#8243; column=&#8220;2&#8243; height=&#8220;275&#8243;][\/vc_column][\/vc_row][vc_row fullwidth=&#8220;true&#8220;][vc_column][mk_padding_divider size=&#8220;120&#8243;][mk_divider style=&#8220;thin_solid&#8220;][mk_padding_divider size=&#8220;120&#8243;][\/vc_column][\/vc_row][vc_row][vc_column width=&#8220;1\/2&#8243;][mk_image src=&#8220;https:\/\/www.leo-stift.de\/pflege\/wp-content\/uploads\/2018\/05\/raum6-1.jpg&#8220; image_size=&#8220;full&#8220;][\/vc_column][vc_column width=&#8220;1\/2&#8243;][mk_fancy_title tag_name=&#8220;h3&#8243; color=&#8220;#454545&#8243; size=&#8220;35&#8243; force_font_size=&#8220;true&#8220; size_phone=&#8220;30&#8243; font_weight=&#8220;300&#8243; txt_transform=&#8220;none&#8220; margin_bottom=&#8220;0&#8243; font_family=&#8220;none&#8220; responsive_align=&#8220;left&#8220;]\u00d6ffnungszeiten der Tagspflege[\/mk_fancy_title][vc_column_text disable_pattern=&#8220;false&#8220; css=&#8220;.vc_custom_1526451343940{margin-bottom: 0px !important;}&#8220;]Unsere Tagespflege ist von Montag bis Freitag in der Zeit von 8:00 &#8211; 16:30 Uhr ge\u00f6ffnet. An Feiertagen und an den Wochenenden bleibt die Tagespflege geschlossen.[\/vc_column_text][mk_fancy_title tag_name=&#8220;h3&#8243; color=&#8220;#454545&#8243; size=&#8220;35&#8243; force_font_size=&#8220;true&#8220; size_phone=&#8220;30&#8243; font_weight=&#8220;300&#8243; txt_transform=&#8220;none&#8220; margin_bottom=&#8220;0&#8243; font_family=&#8220;none&#8220; responsive_align=&#8220;left&#8220;]Fahrdienst-Service[\/mk_fancy_title][vc_column_text disable_pattern=&#8220;false&#8220; css=&#8220;.vc_custom_1526451322834{margin-bottom: 0px !important;}&#8220;]Nach Absprache holen wir unsere G\u00e4ste um 8.00 Uhr von zu Hause ab und fahren sie um 16:30 Uhr wieder dorthin zur\u00fcck. Hierbei fahren wir in die umliegenden Orte (z.B. Bevern, Uptloh, Calhorn, Quakenbr\u00fcck usw.).[\/vc_column_text][mk_fancy_title tag_name=&#8220;h3&#8243; color=&#8220;#454545&#8243; size=&#8220;35&#8243; force_font_size=&#8220;true&#8220; size_phone=&#8220;30&#8243; font_weight=&#8220;300&#8243; txt_transform=&#8220;none&#8220; margin_bottom=&#8220;0&#8243; font_family=&#8220;none&#8220; responsive_align=&#8220;left&#8220;]Kontakt[\/mk_fancy_title][vc_column_text disable_pattern=&#8220;false&#8220; css=&#8220;.vc_custom_1526451333846{margin-bottom: 0px !important;}&#8220;]In einem pers\u00f6nlichen Gespr\u00e4ch erl\u00e4utern wir Ihnen gerne die verschiedenen M\u00f6glichkeiten, Voraussetzungen, gesetzlichen Bestimmungen usw. Rufen Sie uns einfach an und vereinbaren Sie ein Informationsgespr\u00e4ch: 05434-9406-434 (Frau Boklage, PDL) oder 05434-9406-286 (Frau Hilse, Leiterin der Tagespflege).[\/vc_column_text][\/vc_column][\/vc_row][vc_row][vc_column][mk_padding_divider size=&#8220;120&#8243;][\/vc_column][\/vc_row]\n","protected":false},"excerpt":{"rendered":"<p>[vc_row][vc_column][mk_padding_divider size=&#8220;120&#8243;][\/vc_column][\/vc_row][vc_row][vc_column width=&#8220;1\/2&#8243;][mk_fancy_title tag_name=&#8220;h1&#8243; color=&#8220;#454545&#8243; size=&#8220;35&#8243; force_font_size=&#8220;true&#8220; size_phone=&#8220;30&#8243; font_weight=&#8220;300&#8243; txt_transform=&#8220;none&#8220; margin_bottom=&#8220;0&#8243; font_family=&#8220;none&#8220; responsive_align=&#8220;left&#8220;]Tagespflege[\/mk_fancy_title][vc_column_text disable_pattern=&#8220;false&#8220; css=&#8220;.vc_custom_1526450387176{margin-bottom: 0px !important;}&#8220;]Die Errichtung unserer Tagespflege wurde gef\u00f6rdert aus Mitteln der Deutschen Fernsehlotterie.[\/vc_column_text][vc_column_text css=&#8220;.vc_custom_1526450755877{margin-bottom: 0px !important;}&#8220;]Die Tagespflege bietet Platz f\u00fcr 8 G\u00e4ste aller Pflegegrade. Sie befindet sich in einem Neubau inmitten der gro\u00dfen Parkanlage des St. Leo-Stiftes. Ein gro\u00dfer Wohnbereich, eine [&hellip;]<\/p>\n","protected":false},"author":1,"featured_media":0,"parent":204,"menu_order":2,"comment_status":"closed","ping_status":"closed","template":"","meta":{"footnotes":""},"class_list":["post-207","page","type-page","status-publish","hentry"],"yoast_head":"<!-- This site is optimized with the Yoast SEO plugin v27.6 - https:\/\/yoast.com\/product\/yoast-seo-wordpress\/ -->\n<title>Tagespflege | St. Leo-Stift gemeinn\u00fctzige GmbH<\/title>\n<meta name=\"robots\" content=\"index, follow, max-snippet:-1, max-image-preview:large, max-video-preview:-1\" \/>\n<link rel=\"canonical\" href=\"https:\/\/www.leo-stift.de\/pflege\/pflege-und-versorgung\/tagespflege\/\" \/>\n<meta property=\"og:locale\" content=\"de_DE\" \/>\n<meta property=\"og:type\" content=\"article\" \/>\n<meta property=\"og:title\" content=\"Tagespflege | St. Leo-Stift gemeinn\u00fctzige GmbH\" \/>\n<meta property=\"og:description\" content=\"[vc_row][vc_column][mk_padding_divider size=&#8220;120&#8243;][\/vc_column][\/vc_row][vc_row][vc_column width=&#8220;1\/2&#8243;][mk_fancy_title tag_name=&#8220;h1&#8243; color=&#8220;#454545&#8243; size=&#8220;35&#8243; force_font_size=&#8220;true&#8220; size_phone=&#8220;30&#8243; font_weight=&#8220;300&#8243; txt_transform=&#8220;none&#8220; margin_bottom=&#8220;0&#8243; font_family=&#8220;none&#8220; responsive_align=&#8220;left&#8220;]Tagespflege[\/mk_fancy_title][vc_column_text disable_pattern=&#8220;false&#8220; css=&#8220;.vc_custom_1526450387176{margin-bottom: 0px !important;}&#8220;]Die Errichtung unserer Tagespflege wurde gef\u00f6rdert aus Mitteln der Deutschen Fernsehlotterie.[\/vc_column_text][vc_column_text css=&#8220;.vc_custom_1526450755877{margin-bottom: 0px !important;}&#8220;]Die Tagespflege bietet Platz f\u00fcr 8 G\u00e4ste aller Pflegegrade. Sie befindet sich in einem Neubau inmitten der gro\u00dfen Parkanlage des St. Leo-Stiftes. Ein gro\u00dfer Wohnbereich, eine [&hellip;]\" \/>\n<meta property=\"og:url\" content=\"https:\/\/www.leo-stift.de\/pflege\/pflege-und-versorgung\/tagespflege\/\" \/>\n<meta property=\"og:site_name\" content=\"St. Leo-Stift gemeinn\u00fctzige GmbH\" \/>\n<meta property=\"article:modified_time\" content=\"2018-05-29T11:04:15+00:00\" \/>\n<meta name=\"twitter:card\" content=\"summary_large_image\" \/>\n<meta name=\"twitter:label1\" content=\"Gesch\u00e4tzte Lesezeit\" \/>\n\t<meta name=\"twitter:data1\" content=\"5\u00a0Minuten\" \/>\n<script type=\"application\/ld+json\" class=\"yoast-schema-graph\">{\"@context\":\"https:\\\/\\\/schema.org\",\"@graph\":[{\"@type\":\"WebPage\",\"@id\":\"https:\\\/\\\/www.leo-stift.de\\\/pflege\\\/pflege-und-versorgung\\\/tagespflege\\\/\",\"url\":\"https:\\\/\\\/www.leo-stift.de\\\/pflege\\\/pflege-und-versorgung\\\/tagespflege\\\/\",\"name\":\"Tagespflege | St. Leo-Stift gemeinn\u00fctzige GmbH\",\"isPartOf\":{\"@id\":\"https:\\\/\\\/www.leo-stift.de\\\/pflege\\\/#website\"},\"datePublished\":\"2018-05-15T12:48:13+00:00\",\"dateModified\":\"2018-05-29T11:04:15+00:00\",\"breadcrumb\":{\"@id\":\"https:\\\/\\\/www.leo-stift.de\\\/pflege\\\/pflege-und-versorgung\\\/tagespflege\\\/#breadcrumb\"},\"inLanguage\":\"de\",\"potentialAction\":[{\"@type\":\"ReadAction\",\"target\":[\"https:\\\/\\\/www.leo-stift.de\\\/pflege\\\/pflege-und-versorgung\\\/tagespflege\\\/\"]}]},{\"@type\":\"BreadcrumbList\",\"@id\":\"https:\\\/\\\/www.leo-stift.de\\\/pflege\\\/pflege-und-versorgung\\\/tagespflege\\\/#breadcrumb\",\"itemListElement\":[{\"@type\":\"ListItem\",\"position\":1,\"name\":\"Startseite\",\"item\":\"https:\\\/\\\/www.leo-stift.de\\\/pflege\\\/\"},{\"@type\":\"ListItem\",\"position\":2,\"name\":\"Pflege und Versorgung\",\"item\":\"https:\\\/\\\/www.leo-stift.de\\\/pflege\\\/pflege-und-versorgung\\\/\"},{\"@type\":\"ListItem\",\"position\":3,\"name\":\"Tagespflege\"}]},{\"@type\":\"WebSite\",\"@id\":\"https:\\\/\\\/www.leo-stift.de\\\/pflege\\\/#website\",\"url\":\"https:\\\/\\\/www.leo-stift.de\\\/pflege\\\/\",\"name\":\"St. Leo-Stift gemeinn\u00fctzige GmbH\",\"description\":\"Herzlich Willkommen\",\"publisher\":{\"@id\":\"https:\\\/\\\/www.leo-stift.de\\\/pflege\\\/#organization\"},\"potentialAction\":[{\"@type\":\"SearchAction\",\"target\":{\"@type\":\"EntryPoint\",\"urlTemplate\":\"https:\\\/\\\/www.leo-stift.de\\\/pflege\\\/?s={search_term_string}\"},\"query-input\":{\"@type\":\"PropertyValueSpecification\",\"valueRequired\":true,\"valueName\":\"search_term_string\"}}],\"inLanguage\":\"de\"},{\"@type\":\"Organization\",\"@id\":\"https:\\\/\\\/www.leo-stift.de\\\/pflege\\\/#organization\",\"name\":\"St. Leo-Stift gemeinn\u00fctzige GmbH\",\"url\":\"https:\\\/\\\/www.leo-stift.de\\\/pflege\\\/\",\"logo\":{\"@type\":\"ImageObject\",\"inLanguage\":\"de\",\"@id\":\"https:\\\/\\\/www.leo-stift.de\\\/pflege\\\/#\\\/schema\\\/logo\\\/image\\\/\",\"url\":\"https:\\\/\\\/www.leo-stift.de\\\/pflege\\\/wp-content\\\/uploads\\\/2018\\\/05\\\/logo.png\",\"contentUrl\":\"https:\\\/\\\/www.leo-stift.de\\\/pflege\\\/wp-content\\\/uploads\\\/2018\\\/05\\\/logo.png\",\"width\":1223,\"height\":287,\"caption\":\"St. Leo-Stift gemeinn\u00fctzige GmbH\"},\"image\":{\"@id\":\"https:\\\/\\\/www.leo-stift.de\\\/pflege\\\/#\\\/schema\\\/logo\\\/image\\\/\"}}]}<\/script>\n<!-- \/ Yoast SEO plugin. -->","yoast_head_json":{"title":"Tagespflege | St. Leo-Stift gemeinn\u00fctzige GmbH","robots":{"index":"index","follow":"follow","max-snippet":"max-snippet:-1","max-image-preview":"max-image-preview:large","max-video-preview":"max-video-preview:-1"},"canonical":"https:\/\/www.leo-stift.de\/pflege\/pflege-und-versorgung\/tagespflege\/","og_locale":"de_DE","og_type":"article","og_title":"Tagespflege | St. Leo-Stift gemeinn\u00fctzige GmbH","og_description":"[vc_row][vc_column][mk_padding_divider size=&#8220;120&#8243;][\/vc_column][\/vc_row][vc_row][vc_column width=&#8220;1\/2&#8243;][mk_fancy_title tag_name=&#8220;h1&#8243; color=&#8220;#454545&#8243; size=&#8220;35&#8243; force_font_size=&#8220;true&#8220; size_phone=&#8220;30&#8243; font_weight=&#8220;300&#8243; txt_transform=&#8220;none&#8220; margin_bottom=&#8220;0&#8243; font_family=&#8220;none&#8220; responsive_align=&#8220;left&#8220;]Tagespflege[\/mk_fancy_title][vc_column_text disable_pattern=&#8220;false&#8220; css=&#8220;.vc_custom_1526450387176{margin-bottom: 0px !important;}&#8220;]Die Errichtung unserer Tagespflege wurde gef\u00f6rdert aus Mitteln der Deutschen Fernsehlotterie.[\/vc_column_text][vc_column_text css=&#8220;.vc_custom_1526450755877{margin-bottom: 0px !important;}&#8220;]Die Tagespflege bietet Platz f\u00fcr 8 G\u00e4ste aller Pflegegrade. Sie befindet sich in einem Neubau inmitten der gro\u00dfen Parkanlage des St. Leo-Stiftes. Ein gro\u00dfer Wohnbereich, eine [&hellip;]","og_url":"https:\/\/www.leo-stift.de\/pflege\/pflege-und-versorgung\/tagespflege\/","og_site_name":"St. Leo-Stift gemeinn\u00fctzige GmbH","article_modified_time":"2018-05-29T11:04:15+00:00","twitter_card":"summary_large_image","twitter_misc":{"Gesch\u00e4tzte Lesezeit":"5\u00a0Minuten"},"schema":{"@context":"https:\/\/schema.org","@graph":[{"@type":"WebPage","@id":"https:\/\/www.leo-stift.de\/pflege\/pflege-und-versorgung\/tagespflege\/","url":"https:\/\/www.leo-stift.de\/pflege\/pflege-und-versorgung\/tagespflege\/","name":"Tagespflege | St. Leo-Stift gemeinn\u00fctzige GmbH","isPartOf":{"@id":"https:\/\/www.leo-stift.de\/pflege\/#website"},"datePublished":"2018-05-15T12:48:13+00:00","dateModified":"2018-05-29T11:04:15+00:00","breadcrumb":{"@id":"https:\/\/www.leo-stift.de\/pflege\/pflege-und-versorgung\/tagespflege\/#breadcrumb"},"inLanguage":"de","potentialAction":[{"@type":"ReadAction","target":["https:\/\/www.leo-stift.de\/pflege\/pflege-und-versorgung\/tagespflege\/"]}]},{"@type":"BreadcrumbList","@id":"https:\/\/www.leo-stift.de\/pflege\/pflege-und-versorgung\/tagespflege\/#breadcrumb","itemListElement":[{"@type":"ListItem","position":1,"name":"Startseite","item":"https:\/\/www.leo-stift.de\/pflege\/"},{"@type":"ListItem","position":2,"name":"Pflege und Versorgung","item":"https:\/\/www.leo-stift.de\/pflege\/pflege-und-versorgung\/"},{"@type":"ListItem","position":3,"name":"Tagespflege"}]},{"@type":"WebSite","@id":"https:\/\/www.leo-stift.de\/pflege\/#website","url":"https:\/\/www.leo-stift.de\/pflege\/","name":"St. Leo-Stift gemeinn\u00fctzige GmbH","description":"Herzlich Willkommen","publisher":{"@id":"https:\/\/www.leo-stift.de\/pflege\/#organization"},"potentialAction":[{"@type":"SearchAction","target":{"@type":"EntryPoint","urlTemplate":"https:\/\/www.leo-stift.de\/pflege\/?s={search_term_string}"},"query-input":{"@type":"PropertyValueSpecification","valueRequired":true,"valueName":"search_term_string"}}],"inLanguage":"de"},{"@type":"Organization","@id":"https:\/\/www.leo-stift.de\/pflege\/#organization","name":"St. Leo-Stift gemeinn\u00fctzige GmbH","url":"https:\/\/www.leo-stift.de\/pflege\/","logo":{"@type":"ImageObject","inLanguage":"de","@id":"https:\/\/www.leo-stift.de\/pflege\/#\/schema\/logo\/image\/","url":"https:\/\/www.leo-stift.de\/pflege\/wp-content\/uploads\/2018\/05\/logo.png","contentUrl":"https:\/\/www.leo-stift.de\/pflege\/wp-content\/uploads\/2018\/05\/logo.png","width":1223,"height":287,"caption":"St. Leo-Stift gemeinn\u00fctzige GmbH"},"image":{"@id":"https:\/\/www.leo-stift.de\/pflege\/#\/schema\/logo\/image\/"}}]}},"_links":{"self":[{"href":"https:\/\/www.leo-stift.de\/pflege\/wp-json\/wp\/v2\/pages\/207","targetHints":{"allow":["GET"]}}],"collection":[{"href":"https:\/\/www.leo-stift.de\/pflege\/wp-json\/wp\/v2\/pages"}],"about":[{"href":"https:\/\/www.leo-stift.de\/pflege\/wp-json\/wp\/v2\/types\/page"}],"author":[{"embeddable":true,"href":"https:\/\/www.leo-stift.de\/pflege\/wp-json\/wp\/v2\/users\/1"}],"replies":[{"embeddable":true,"href":"https:\/\/www.leo-stift.de\/pflege\/wp-json\/wp\/v2\/comments?post=207"}],"version-history":[{"count":17,"href":"https:\/\/www.leo-stift.de\/pflege\/wp-json\/wp\/v2\/pages\/207\/revisions"}],"predecessor-version":[{"id":493,"href":"https:\/\/www.leo-stift.de\/pflege\/wp-json\/wp\/v2\/pages\/207\/revisions\/493"}],"up":[{"embeddable":true,"href":"https:\/\/www.leo-stift.de\/pflege\/wp-json\/wp\/v2\/pages\/204"}],"wp:attachment":[{"href":"https:\/\/www.leo-stift.de\/pflege\/wp-json\/wp\/v2\/media?parent=207"}],"curies":[{"name":"wp","href":"https:\/\/api.w.org\/{rel}","templated":true}]}}