{"id":205,"date":"2018-05-15T14:48:13","date_gmt":"2018-05-15T12:48:13","guid":{"rendered":"https:\/\/www.leo-stift.de\/pflege\/lang-und-kurzzeitpflege\/"},"modified":"2018-05-29T13:03:47","modified_gmt":"2018-05-29T11:03:47","slug":"lang-und-kurzzeitpflege","status":"publish","type":"page","link":"https:\/\/www.leo-stift.de\/pflege\/pflege-und-versorgung\/lang-und-kurzzeitpflege\/","title":{"rendered":"Lang- und Kurzzeitpflege"},"content":{"rendered":"[vc_row][vc_column][mk_padding_divider size=&#8220;120&#8243;][\/vc_column][\/vc_row][vc_row][vc_column width=&#8220;1\/2&#8243;][mk_fancy_title tag_name=&#8220;h1&#8243; color=&#8220;#454545&#8243; size=&#8220;35&#8243; force_font_size=&#8220;true&#8220; size_phone=&#8220;30&#8243; font_weight=&#8220;300&#8243; txt_transform=&#8220;none&#8220; margin_bottom=&#8220;0&#8243; font_family=&#8220;none&#8220; responsive_align=&#8220;left&#8220;]Lang- und Kurzzeitpflege[\/mk_fancy_title][vc_column_text disable_pattern=&#8220;false&#8220; css=&#8220;.vc_custom_1526397209552{margin-bottom: 0px !important;}&#8220;]\n<p align=\"justify\">Unser Pflegeheim hat insgesamt eine Kapazit\u00e4t von 58 Pflegebetten. Davon sind 20 Pl\u00e4tze f\u00fcr die spezielle Versorgung von \u00b4verwirrten\u00b4 (dementen) Menschen reserviert, die in zwei Hausgemeinschaften mit jeweils 10 Bewohnerinnen und Bewohnern betreut und gepflegt werden. Wir haben ger\u00e4umige, m\u00f6blierte Einzelzimmer mit Bad, die selbstverst\u00e4ndlich individuell nach den eigenen W\u00fcnschen und Vorstellungen eingerichtet werden k\u00f6nnen.<\/p>\n<p align=\"justify\">In einem pers\u00f6nlichen Gespr\u00e4ch erl\u00e4utern wir Ihnen gerne die verschiedenen M\u00f6glichkeiten, Pflegezeiten, Voraussetzungen, gesetzlichen Bestimmungen usw. Rufen Sie uns einfach an und vereinbaren Sie ein Informationsgespr\u00e4ch: 05434-9406-434 (Frau Boklage, PDL).<\/p>\n[\/vc_column_text][\/vc_column][vc_column width=&#8220;1\/2&#8243;][mk_padding_divider size=&#8220;62&#8243;][mk_gallery images=&#8220;350,351,352,353,354,355,356&#8243;][\/vc_column][\/vc_row][vc_row][vc_column][mk_padding_divider size=&#8220;120&#8243;][\/vc_column][\/vc_row]\n","protected":false},"excerpt":{"rendered":"<p>[vc_row][vc_column][mk_padding_divider size=&#8220;120&#8243;][\/vc_column][\/vc_row][vc_row][vc_column width=&#8220;1\/2&#8243;][mk_fancy_title tag_name=&#8220;h1&#8243; color=&#8220;#454545&#8243; size=&#8220;35&#8243; force_font_size=&#8220;true&#8220; size_phone=&#8220;30&#8243; font_weight=&#8220;300&#8243; txt_transform=&#8220;none&#8220; margin_bottom=&#8220;0&#8243; font_family=&#8220;none&#8220; responsive_align=&#8220;left&#8220;]Lang- und Kurzzeitpflege[\/mk_fancy_title][vc_column_text disable_pattern=&#8220;false&#8220; css=&#8220;.vc_custom_1526397209552{margin-bottom: 0px !important;}&#8220;] Unser Pflegeheim hat insgesamt eine Kapazit\u00e4t von 58 Pflegebetten. Davon sind 20 Pl\u00e4tze f\u00fcr die spezielle Versorgung von \u00b4verwirrten\u00b4 (dementen) Menschen reserviert, die in zwei Hausgemeinschaften mit jeweils 10 Bewohnerinnen und Bewohnern betreut und gepflegt werden. [&hellip;]<\/p>\n","protected":false},"author":1,"featured_media":0,"parent":204,"menu_order":0,"comment_status":"closed","ping_status":"closed","template":"","meta":{"footnotes":""},"class_list":["post-205","page","type-page","status-publish","hentry"],"yoast_head":"<!-- This site is optimized with the Yoast SEO plugin v18.2 - https:\/\/yoast.com\/wordpress\/plugins\/seo\/ -->\n<title>Lang- und Kurzzeitpflege | St. Leo-Stift gemeinn\u00fctzige GmbH<\/title>\n<meta name=\"robots\" content=\"index, follow, max-snippet:-1, max-image-preview:large, max-video-preview:-1\" \/>\n<link rel=\"canonical\" href=\"https:\/\/www.leo-stift.de\/pflege\/pflege-und-versorgung\/lang-und-kurzzeitpflege\/\" \/>\n<meta property=\"og:locale\" content=\"de_DE\" \/>\n<meta property=\"og:type\" content=\"article\" \/>\n<meta property=\"og:title\" content=\"Lang- und Kurzzeitpflege | St. Leo-Stift gemeinn\u00fctzige GmbH\" \/>\n<meta property=\"og:description\" content=\"[vc_row][vc_column][mk_padding_divider size=&#8220;120&#8243;][\/vc_column][\/vc_row][vc_row][vc_column width=&#8220;1\/2&#8243;][mk_fancy_title tag_name=&#8220;h1&#8243; color=&#8220;#454545&#8243; size=&#8220;35&#8243; force_font_size=&#8220;true&#8220; size_phone=&#8220;30&#8243; font_weight=&#8220;300&#8243; txt_transform=&#8220;none&#8220; margin_bottom=&#8220;0&#8243; font_family=&#8220;none&#8220; responsive_align=&#8220;left&#8220;]Lang- und Kurzzeitpflege[\/mk_fancy_title][vc_column_text disable_pattern=&#8220;false&#8220; css=&#8220;.vc_custom_1526397209552{margin-bottom: 0px !important;}&#8220;] Unser Pflegeheim hat insgesamt eine Kapazit\u00e4t von 58 Pflegebetten. Davon sind 20 Pl\u00e4tze f\u00fcr die spezielle Versorgung von \u00b4verwirrten\u00b4 (dementen) Menschen reserviert, die in zwei Hausgemeinschaften mit jeweils 10 Bewohnerinnen und Bewohnern betreut und gepflegt werden. [&hellip;]\" \/>\n<meta property=\"og:url\" content=\"https:\/\/www.leo-stift.de\/pflege\/pflege-und-versorgung\/lang-und-kurzzeitpflege\/\" \/>\n<meta property=\"og:site_name\" content=\"St. Leo-Stift gemeinn\u00fctzige GmbH\" \/>\n<meta property=\"article:modified_time\" content=\"2018-05-29T11:03:47+00:00\" \/>\n<meta name=\"twitter:card\" content=\"summary_large_image\" \/>\n<meta name=\"twitter:label1\" content=\"Gesch\u00e4tzte Lesezeit\" \/>\n\t<meta name=\"twitter:data1\" content=\"1\u00a0Minute\" \/>\n<script type=\"application\/ld+json\" class=\"yoast-schema-graph\">{\"@context\":\"https:\/\/schema.org\",\"@graph\":[{\"@type\":\"Organization\",\"@id\":\"https:\/\/www.leo-stift.de\/pflege\/#organization\",\"name\":\"St. Leo-Stift gemeinn\u00fctzige GmbH\",\"url\":\"https:\/\/www.leo-stift.de\/pflege\/\",\"sameAs\":[],\"logo\":{\"@type\":\"ImageObject\",\"@id\":\"https:\/\/www.leo-stift.de\/pflege\/#logo\",\"inLanguage\":\"de\",\"url\":\"https:\/\/www.leo-stift.de\/pflege\/wp-content\/uploads\/2018\/05\/logo.png\",\"contentUrl\":\"https:\/\/www.leo-stift.de\/pflege\/wp-content\/uploads\/2018\/05\/logo.png\",\"width\":1223,\"height\":287,\"caption\":\"St. Leo-Stift gemeinn\u00fctzige GmbH\"},\"image\":{\"@id\":\"https:\/\/www.leo-stift.de\/pflege\/#logo\"}},{\"@type\":\"WebSite\",\"@id\":\"https:\/\/www.leo-stift.de\/pflege\/#website\",\"url\":\"https:\/\/www.leo-stift.de\/pflege\/\",\"name\":\"St. Leo-Stift gemeinn\u00fctzige GmbH\",\"description\":\"Herzlich Willkommen\",\"publisher\":{\"@id\":\"https:\/\/www.leo-stift.de\/pflege\/#organization\"},\"potentialAction\":[{\"@type\":\"SearchAction\",\"target\":{\"@type\":\"EntryPoint\",\"urlTemplate\":\"https:\/\/www.leo-stift.de\/pflege\/?s={search_term_string}\"},\"query-input\":\"required name=search_term_string\"}],\"inLanguage\":\"de\"},{\"@type\":\"WebPage\",\"@id\":\"https:\/\/www.leo-stift.de\/pflege\/pflege-und-versorgung\/lang-und-kurzzeitpflege\/#webpage\",\"url\":\"https:\/\/www.leo-stift.de\/pflege\/pflege-und-versorgung\/lang-und-kurzzeitpflege\/\",\"name\":\"Lang- und Kurzzeitpflege | St. Leo-Stift gemeinn\u00fctzige GmbH\",\"isPartOf\":{\"@id\":\"https:\/\/www.leo-stift.de\/pflege\/#website\"},\"datePublished\":\"2018-05-15T12:48:13+00:00\",\"dateModified\":\"2018-05-29T11:03:47+00:00\",\"breadcrumb\":{\"@id\":\"https:\/\/www.leo-stift.de\/pflege\/pflege-und-versorgung\/lang-und-kurzzeitpflege\/#breadcrumb\"},\"inLanguage\":\"de\",\"potentialAction\":[{\"@type\":\"ReadAction\",\"target\":[\"https:\/\/www.leo-stift.de\/pflege\/pflege-und-versorgung\/lang-und-kurzzeitpflege\/\"]}]},{\"@type\":\"BreadcrumbList\",\"@id\":\"https:\/\/www.leo-stift.de\/pflege\/pflege-und-versorgung\/lang-und-kurzzeitpflege\/#breadcrumb\",\"itemListElement\":[{\"@type\":\"ListItem\",\"position\":1,\"name\":\"Startseite\",\"item\":\"https:\/\/www.leo-stift.de\/pflege\/\"},{\"@type\":\"ListItem\",\"position\":2,\"name\":\"Pflege und Versorgung\",\"item\":\"https:\/\/www.leo-stift.de\/pflege\/pflege-und-versorgung\/\"},{\"@type\":\"ListItem\",\"position\":3,\"name\":\"Lang- und Kurzzeitpflege\"}]}]}<\/script>\n<!-- \/ Yoast SEO plugin. -->","yoast_head_json":{"title":"Lang- und Kurzzeitpflege | St. Leo-Stift gemeinn\u00fctzige GmbH","robots":{"index":"index","follow":"follow","max-snippet":"max-snippet:-1","max-image-preview":"max-image-preview:large","max-video-preview":"max-video-preview:-1"},"canonical":"https:\/\/www.leo-stift.de\/pflege\/pflege-und-versorgung\/lang-und-kurzzeitpflege\/","og_locale":"de_DE","og_type":"article","og_title":"Lang- und Kurzzeitpflege | St. Leo-Stift gemeinn\u00fctzige GmbH","og_description":"[vc_row][vc_column][mk_padding_divider size=&#8220;120&#8243;][\/vc_column][\/vc_row][vc_row][vc_column width=&#8220;1\/2&#8243;][mk_fancy_title tag_name=&#8220;h1&#8243; color=&#8220;#454545&#8243; size=&#8220;35&#8243; force_font_size=&#8220;true&#8220; size_phone=&#8220;30&#8243; font_weight=&#8220;300&#8243; txt_transform=&#8220;none&#8220; margin_bottom=&#8220;0&#8243; font_family=&#8220;none&#8220; responsive_align=&#8220;left&#8220;]Lang- und Kurzzeitpflege[\/mk_fancy_title][vc_column_text disable_pattern=&#8220;false&#8220; css=&#8220;.vc_custom_1526397209552{margin-bottom: 0px !important;}&#8220;] Unser Pflegeheim hat insgesamt eine Kapazit\u00e4t von 58 Pflegebetten. Davon sind 20 Pl\u00e4tze f\u00fcr die spezielle Versorgung von \u00b4verwirrten\u00b4 (dementen) Menschen reserviert, die in zwei Hausgemeinschaften mit jeweils 10 Bewohnerinnen und Bewohnern betreut und gepflegt werden. [&hellip;]","og_url":"https:\/\/www.leo-stift.de\/pflege\/pflege-und-versorgung\/lang-und-kurzzeitpflege\/","og_site_name":"St. Leo-Stift gemeinn\u00fctzige GmbH","article_modified_time":"2018-05-29T11:03:47+00:00","twitter_card":"summary_large_image","twitter_misc":{"Gesch\u00e4tzte Lesezeit":"1\u00a0Minute"},"schema":{"@context":"https:\/\/schema.org","@graph":[{"@type":"Organization","@id":"https:\/\/www.leo-stift.de\/pflege\/#organization","name":"St. Leo-Stift gemeinn\u00fctzige GmbH","url":"https:\/\/www.leo-stift.de\/pflege\/","sameAs":[],"logo":{"@type":"ImageObject","@id":"https:\/\/www.leo-stift.de\/pflege\/#logo","inLanguage":"de","url":"https:\/\/www.leo-stift.de\/pflege\/wp-content\/uploads\/2018\/05\/logo.png","contentUrl":"https:\/\/www.leo-stift.de\/pflege\/wp-content\/uploads\/2018\/05\/logo.png","width":1223,"height":287,"caption":"St. Leo-Stift gemeinn\u00fctzige GmbH"},"image":{"@id":"https:\/\/www.leo-stift.de\/pflege\/#logo"}},{"@type":"WebSite","@id":"https:\/\/www.leo-stift.de\/pflege\/#website","url":"https:\/\/www.leo-stift.de\/pflege\/","name":"St. Leo-Stift gemeinn\u00fctzige GmbH","description":"Herzlich Willkommen","publisher":{"@id":"https:\/\/www.leo-stift.de\/pflege\/#organization"},"potentialAction":[{"@type":"SearchAction","target":{"@type":"EntryPoint","urlTemplate":"https:\/\/www.leo-stift.de\/pflege\/?s={search_term_string}"},"query-input":"required name=search_term_string"}],"inLanguage":"de"},{"@type":"WebPage","@id":"https:\/\/www.leo-stift.de\/pflege\/pflege-und-versorgung\/lang-und-kurzzeitpflege\/#webpage","url":"https:\/\/www.leo-stift.de\/pflege\/pflege-und-versorgung\/lang-und-kurzzeitpflege\/","name":"Lang- und Kurzzeitpflege | St. Leo-Stift gemeinn\u00fctzige GmbH","isPartOf":{"@id":"https:\/\/www.leo-stift.de\/pflege\/#website"},"datePublished":"2018-05-15T12:48:13+00:00","dateModified":"2018-05-29T11:03:47+00:00","breadcrumb":{"@id":"https:\/\/www.leo-stift.de\/pflege\/pflege-und-versorgung\/lang-und-kurzzeitpflege\/#breadcrumb"},"inLanguage":"de","potentialAction":[{"@type":"ReadAction","target":["https:\/\/www.leo-stift.de\/pflege\/pflege-und-versorgung\/lang-und-kurzzeitpflege\/"]}]},{"@type":"BreadcrumbList","@id":"https:\/\/www.leo-stift.de\/pflege\/pflege-und-versorgung\/lang-und-kurzzeitpflege\/#breadcrumb","itemListElement":[{"@type":"ListItem","position":1,"name":"Startseite","item":"https:\/\/www.leo-stift.de\/pflege\/"},{"@type":"ListItem","position":2,"name":"Pflege und Versorgung","item":"https:\/\/www.leo-stift.de\/pflege\/pflege-und-versorgung\/"},{"@type":"ListItem","position":3,"name":"Lang- und Kurzzeitpflege"}]}]}},"_links":{"self":[{"href":"https:\/\/www.leo-stift.de\/pflege\/wp-json\/wp\/v2\/pages\/205","targetHints":{"allow":["GET"]}}],"collection":[{"href":"https:\/\/www.leo-stift.de\/pflege\/wp-json\/wp\/v2\/pages"}],"about":[{"href":"https:\/\/www.leo-stift.de\/pflege\/wp-json\/wp\/v2\/types\/page"}],"author":[{"embeddable":true,"href":"https:\/\/www.leo-stift.de\/pflege\/wp-json\/wp\/v2\/users\/1"}],"replies":[{"embeddable":true,"href":"https:\/\/www.leo-stift.de\/pflege\/wp-json\/wp\/v2\/comments?post=205"}],"version-history":[{"count":3,"href":"https:\/\/www.leo-stift.de\/pflege\/wp-json\/wp\/v2\/pages\/205\/revisions"}],"predecessor-version":[{"id":492,"href":"https:\/\/www.leo-stift.de\/pflege\/wp-json\/wp\/v2\/pages\/205\/revisions\/492"}],"up":[{"embeddable":true,"href":"https:\/\/www.leo-stift.de\/pflege\/wp-json\/wp\/v2\/pages\/204"}],"wp:attachment":[{"href":"https:\/\/www.leo-stift.de\/pflege\/wp-json\/wp\/v2\/media?parent=205"}],"curies":[{"name":"wp","href":"https:\/\/api.w.org\/{rel}","templated":true}]}}