{"id":200,"date":"2018-05-15T14:45:33","date_gmt":"2018-05-15T12:45:33","guid":{"rendered":"https:\/\/www.leo-stift.de\/pflege\/heimbeirat-und-heimaufsicht\/"},"modified":"2021-11-09T12:17:07","modified_gmt":"2021-11-09T11:17:07","slug":"heimbeirat-und-heimaufsicht","status":"publish","type":"page","link":"https:\/\/www.leo-stift.de\/pflege\/die-einrichtung\/heimbeirat-und-heimaufsicht\/","title":{"rendered":"Heimbeirat"},"content":{"rendered":"[vc_row][vc_column][mk_padding_divider size=&#8220;100&#8243;][\/vc_column][\/vc_row][vc_row][vc_column width=&#8220;1\/2&#8243;][mk_fancy_title size=&#8220;28&#8243; font_family=&#8220;none&#8220;]\n<p align=\"left\">Heimbeirat<\/p>\n[\/mk_fancy_title][vc_column_text css=&#8220;.vc_custom_1526395996339{margin-bottom: 0px !important;}&#8220;]\n<h2 align=\"left\"><\/h2>\n<p align=\"justify\">Gem\u00e4\u00df \u00a74 NuWG wirken die Bewohnerinnen und Bewohner durch einen Heimbeirat in Angelegenheiten des Heimbetriebes wie Unterkunft, Betreuung, Aufenthaltsbedingungen, Heimordnung, Verpflegung und Freizeitgestaltung mit.<\/p>\n<p>Selbstverst\u00e4ndlich hat auch das Altenpflegeheim St. Leo-Stift einen Heimbeirat, der sich regelm\u00e4\u00dfig zur Besprechung trifft, um \u00fcber Verbesserungen, Ideen von Bewohnern, Vorschl\u00e4ge von Mitarbeitern, Ausflugsziele, Verk\u00f6stigungsw\u00fcnsche usw. zu diskutieren. Zudem gibt es einen anonymen &#8222;Kummerkasten&#8220;.<\/p>\n[\/vc_column_text][\/vc_column][vc_column width=&#8220;1\/2&#8243;][mk_padding_divider size=&#8220;75&#8243;][mk_image_slideshow images=&#8220;317,318&#8243;][\/vc_column][\/vc_row][vc_row][vc_column][mk_padding_divider size=&#8220;100&#8243;][\/vc_column][\/vc_row]\n","protected":false},"excerpt":{"rendered":"<p>[vc_row][vc_column][mk_padding_divider size=&#8220;100&#8243;][\/vc_column][\/vc_row][vc_row][vc_column width=&#8220;1\/2&#8243;][mk_fancy_title size=&#8220;28&#8243; font_family=&#8220;none&#8220;] Heimbeirat [\/mk_fancy_title][vc_column_text css=&#8220;.vc_custom_1526395996339{margin-bottom: 0px !important;}&#8220;] Gem\u00e4\u00df \u00a74 NuWG wirken die Bewohnerinnen und Bewohner durch einen Heimbeirat in Angelegenheiten des Heimbetriebes wie Unterkunft, Betreuung, Aufenthaltsbedingungen, Heimordnung, Verpflegung und Freizeitgestaltung mit. Selbstverst\u00e4ndlich hat auch das Altenpflegeheim St. Leo-Stift einen Heimbeirat, der sich regelm\u00e4\u00dfig zur Besprechung trifft, um \u00fcber Verbesserungen, Ideen von Bewohnern, [&hellip;]<\/p>\n","protected":false},"author":1,"featured_media":0,"parent":196,"menu_order":3,"comment_status":"closed","ping_status":"closed","template":"","meta":{"footnotes":""},"class_list":["post-200","page","type-page","status-publish","hentry"],"yoast_head":"<!-- This site is optimized with the Yoast SEO plugin v18.2 - https:\/\/yoast.com\/wordpress\/plugins\/seo\/ -->\n<title>Heimbeirat | St. Leo-Stift gemeinn\u00fctzige GmbH<\/title>\n<meta name=\"robots\" content=\"index, follow, max-snippet:-1, max-image-preview:large, max-video-preview:-1\" \/>\n<link rel=\"canonical\" href=\"https:\/\/www.leo-stift.de\/pflege\/die-einrichtung\/heimbeirat-und-heimaufsicht\/\" \/>\n<meta property=\"og:locale\" content=\"de_DE\" \/>\n<meta property=\"og:type\" content=\"article\" \/>\n<meta property=\"og:title\" content=\"Heimbeirat | St. Leo-Stift gemeinn\u00fctzige GmbH\" \/>\n<meta property=\"og:description\" content=\"[vc_row][vc_column][mk_padding_divider size=&#8220;100&#8243;][\/vc_column][\/vc_row][vc_row][vc_column width=&#8220;1\/2&#8243;][mk_fancy_title size=&#8220;28&#8243; font_family=&#8220;none&#8220;] Heimbeirat [\/mk_fancy_title][vc_column_text css=&#8220;.vc_custom_1526395996339{margin-bottom: 0px !important;}&#8220;] Gem\u00e4\u00df \u00a74 NuWG wirken die Bewohnerinnen und Bewohner durch einen Heimbeirat in Angelegenheiten des Heimbetriebes wie Unterkunft, Betreuung, Aufenthaltsbedingungen, Heimordnung, Verpflegung und Freizeitgestaltung mit. Selbstverst\u00e4ndlich hat auch das Altenpflegeheim St. Leo-Stift einen Heimbeirat, der sich regelm\u00e4\u00dfig zur Besprechung trifft, um \u00fcber Verbesserungen, Ideen von Bewohnern, [&hellip;]\" \/>\n<meta property=\"og:url\" content=\"https:\/\/www.leo-stift.de\/pflege\/die-einrichtung\/heimbeirat-und-heimaufsicht\/\" \/>\n<meta property=\"og:site_name\" content=\"St. Leo-Stift gemeinn\u00fctzige GmbH\" \/>\n<meta property=\"article:modified_time\" content=\"2021-11-09T11:17:07+00:00\" \/>\n<meta name=\"twitter:card\" content=\"summary_large_image\" \/>\n<meta name=\"twitter:label1\" content=\"Gesch\u00e4tzte Lesezeit\" \/>\n\t<meta name=\"twitter:data1\" content=\"1\u00a0Minute\" \/>\n<script type=\"application\/ld+json\" class=\"yoast-schema-graph\">{\"@context\":\"https:\/\/schema.org\",\"@graph\":[{\"@type\":\"Organization\",\"@id\":\"https:\/\/www.leo-stift.de\/pflege\/#organization\",\"name\":\"St. Leo-Stift gemeinn\u00fctzige GmbH\",\"url\":\"https:\/\/www.leo-stift.de\/pflege\/\",\"sameAs\":[],\"logo\":{\"@type\":\"ImageObject\",\"@id\":\"https:\/\/www.leo-stift.de\/pflege\/#logo\",\"inLanguage\":\"de\",\"url\":\"https:\/\/www.leo-stift.de\/pflege\/wp-content\/uploads\/2018\/05\/logo.png\",\"contentUrl\":\"https:\/\/www.leo-stift.de\/pflege\/wp-content\/uploads\/2018\/05\/logo.png\",\"width\":1223,\"height\":287,\"caption\":\"St. Leo-Stift gemeinn\u00fctzige GmbH\"},\"image\":{\"@id\":\"https:\/\/www.leo-stift.de\/pflege\/#logo\"}},{\"@type\":\"WebSite\",\"@id\":\"https:\/\/www.leo-stift.de\/pflege\/#website\",\"url\":\"https:\/\/www.leo-stift.de\/pflege\/\",\"name\":\"St. Leo-Stift gemeinn\u00fctzige GmbH\",\"description\":\"Herzlich Willkommen\",\"publisher\":{\"@id\":\"https:\/\/www.leo-stift.de\/pflege\/#organization\"},\"potentialAction\":[{\"@type\":\"SearchAction\",\"target\":{\"@type\":\"EntryPoint\",\"urlTemplate\":\"https:\/\/www.leo-stift.de\/pflege\/?s={search_term_string}\"},\"query-input\":\"required name=search_term_string\"}],\"inLanguage\":\"de\"},{\"@type\":\"WebPage\",\"@id\":\"https:\/\/www.leo-stift.de\/pflege\/die-einrichtung\/heimbeirat-und-heimaufsicht\/#webpage\",\"url\":\"https:\/\/www.leo-stift.de\/pflege\/die-einrichtung\/heimbeirat-und-heimaufsicht\/\",\"name\":\"Heimbeirat | St. Leo-Stift gemeinn\u00fctzige GmbH\",\"isPartOf\":{\"@id\":\"https:\/\/www.leo-stift.de\/pflege\/#website\"},\"datePublished\":\"2018-05-15T12:45:33+00:00\",\"dateModified\":\"2021-11-09T11:17:07+00:00\",\"breadcrumb\":{\"@id\":\"https:\/\/www.leo-stift.de\/pflege\/die-einrichtung\/heimbeirat-und-heimaufsicht\/#breadcrumb\"},\"inLanguage\":\"de\",\"potentialAction\":[{\"@type\":\"ReadAction\",\"target\":[\"https:\/\/www.leo-stift.de\/pflege\/die-einrichtung\/heimbeirat-und-heimaufsicht\/\"]}]},{\"@type\":\"BreadcrumbList\",\"@id\":\"https:\/\/www.leo-stift.de\/pflege\/die-einrichtung\/heimbeirat-und-heimaufsicht\/#breadcrumb\",\"itemListElement\":[{\"@type\":\"ListItem\",\"position\":1,\"name\":\"Startseite\",\"item\":\"https:\/\/www.leo-stift.de\/pflege\/\"},{\"@type\":\"ListItem\",\"position\":2,\"name\":\"Die Einrichtung\",\"item\":\"https:\/\/www.leo-stift.de\/pflege\/die-einrichtung\/\"},{\"@type\":\"ListItem\",\"position\":3,\"name\":\"Heimbeirat\"}]}]}<\/script>\n<!-- \/ Yoast SEO plugin. -->","yoast_head_json":{"title":"Heimbeirat | St. Leo-Stift gemeinn\u00fctzige GmbH","robots":{"index":"index","follow":"follow","max-snippet":"max-snippet:-1","max-image-preview":"max-image-preview:large","max-video-preview":"max-video-preview:-1"},"canonical":"https:\/\/www.leo-stift.de\/pflege\/die-einrichtung\/heimbeirat-und-heimaufsicht\/","og_locale":"de_DE","og_type":"article","og_title":"Heimbeirat | St. Leo-Stift gemeinn\u00fctzige GmbH","og_description":"[vc_row][vc_column][mk_padding_divider size=&#8220;100&#8243;][\/vc_column][\/vc_row][vc_row][vc_column width=&#8220;1\/2&#8243;][mk_fancy_title size=&#8220;28&#8243; font_family=&#8220;none&#8220;] Heimbeirat [\/mk_fancy_title][vc_column_text css=&#8220;.vc_custom_1526395996339{margin-bottom: 0px !important;}&#8220;] Gem\u00e4\u00df \u00a74 NuWG wirken die Bewohnerinnen und Bewohner durch einen Heimbeirat in Angelegenheiten des Heimbetriebes wie Unterkunft, Betreuung, Aufenthaltsbedingungen, Heimordnung, Verpflegung und Freizeitgestaltung mit. Selbstverst\u00e4ndlich hat auch das Altenpflegeheim St. Leo-Stift einen Heimbeirat, der sich regelm\u00e4\u00dfig zur Besprechung trifft, um \u00fcber Verbesserungen, Ideen von Bewohnern, [&hellip;]","og_url":"https:\/\/www.leo-stift.de\/pflege\/die-einrichtung\/heimbeirat-und-heimaufsicht\/","og_site_name":"St. Leo-Stift gemeinn\u00fctzige GmbH","article_modified_time":"2021-11-09T11:17:07+00:00","twitter_card":"summary_large_image","twitter_misc":{"Gesch\u00e4tzte Lesezeit":"1\u00a0Minute"},"schema":{"@context":"https:\/\/schema.org","@graph":[{"@type":"Organization","@id":"https:\/\/www.leo-stift.de\/pflege\/#organization","name":"St. Leo-Stift gemeinn\u00fctzige GmbH","url":"https:\/\/www.leo-stift.de\/pflege\/","sameAs":[],"logo":{"@type":"ImageObject","@id":"https:\/\/www.leo-stift.de\/pflege\/#logo","inLanguage":"de","url":"https:\/\/www.leo-stift.de\/pflege\/wp-content\/uploads\/2018\/05\/logo.png","contentUrl":"https:\/\/www.leo-stift.de\/pflege\/wp-content\/uploads\/2018\/05\/logo.png","width":1223,"height":287,"caption":"St. Leo-Stift gemeinn\u00fctzige GmbH"},"image":{"@id":"https:\/\/www.leo-stift.de\/pflege\/#logo"}},{"@type":"WebSite","@id":"https:\/\/www.leo-stift.de\/pflege\/#website","url":"https:\/\/www.leo-stift.de\/pflege\/","name":"St. Leo-Stift gemeinn\u00fctzige GmbH","description":"Herzlich Willkommen","publisher":{"@id":"https:\/\/www.leo-stift.de\/pflege\/#organization"},"potentialAction":[{"@type":"SearchAction","target":{"@type":"EntryPoint","urlTemplate":"https:\/\/www.leo-stift.de\/pflege\/?s={search_term_string}"},"query-input":"required name=search_term_string"}],"inLanguage":"de"},{"@type":"WebPage","@id":"https:\/\/www.leo-stift.de\/pflege\/die-einrichtung\/heimbeirat-und-heimaufsicht\/#webpage","url":"https:\/\/www.leo-stift.de\/pflege\/die-einrichtung\/heimbeirat-und-heimaufsicht\/","name":"Heimbeirat | St. Leo-Stift gemeinn\u00fctzige GmbH","isPartOf":{"@id":"https:\/\/www.leo-stift.de\/pflege\/#website"},"datePublished":"2018-05-15T12:45:33+00:00","dateModified":"2021-11-09T11:17:07+00:00","breadcrumb":{"@id":"https:\/\/www.leo-stift.de\/pflege\/die-einrichtung\/heimbeirat-und-heimaufsicht\/#breadcrumb"},"inLanguage":"de","potentialAction":[{"@type":"ReadAction","target":["https:\/\/www.leo-stift.de\/pflege\/die-einrichtung\/heimbeirat-und-heimaufsicht\/"]}]},{"@type":"BreadcrumbList","@id":"https:\/\/www.leo-stift.de\/pflege\/die-einrichtung\/heimbeirat-und-heimaufsicht\/#breadcrumb","itemListElement":[{"@type":"ListItem","position":1,"name":"Startseite","item":"https:\/\/www.leo-stift.de\/pflege\/"},{"@type":"ListItem","position":2,"name":"Die Einrichtung","item":"https:\/\/www.leo-stift.de\/pflege\/die-einrichtung\/"},{"@type":"ListItem","position":3,"name":"Heimbeirat"}]}]}},"_links":{"self":[{"href":"https:\/\/www.leo-stift.de\/pflege\/wp-json\/wp\/v2\/pages\/200","targetHints":{"allow":["GET"]}}],"collection":[{"href":"https:\/\/www.leo-stift.de\/pflege\/wp-json\/wp\/v2\/pages"}],"about":[{"href":"https:\/\/www.leo-stift.de\/pflege\/wp-json\/wp\/v2\/types\/page"}],"author":[{"embeddable":true,"href":"https:\/\/www.leo-stift.de\/pflege\/wp-json\/wp\/v2\/users\/1"}],"replies":[{"embeddable":true,"href":"https:\/\/www.leo-stift.de\/pflege\/wp-json\/wp\/v2\/comments?post=200"}],"version-history":[{"count":5,"href":"https:\/\/www.leo-stift.de\/pflege\/wp-json\/wp\/v2\/pages\/200\/revisions"}],"predecessor-version":[{"id":551,"href":"https:\/\/www.leo-stift.de\/pflege\/wp-json\/wp\/v2\/pages\/200\/revisions\/551"}],"up":[{"embeddable":true,"href":"https:\/\/www.leo-stift.de\/pflege\/wp-json\/wp\/v2\/pages\/196"}],"wp:attachment":[{"href":"https:\/\/www.leo-stift.de\/pflege\/wp-json\/wp\/v2\/media?parent=200"}],"curies":[{"name":"wp","href":"https:\/\/api.w.org\/{rel}","templated":true}]}}