{"id":199,"date":"2018-05-15T14:45:33","date_gmt":"2018-05-15T12:45:33","guid":{"rendered":"https:\/\/www.leo-stift.de\/pflege\/lage-und-infrastruktur\/"},"modified":"2018-05-30T11:36:16","modified_gmt":"2018-05-30T09:36:16","slug":"lage-und-infrastruktur","status":"publish","type":"page","link":"https:\/\/www.leo-stift.de\/pflege\/die-einrichtung\/lage-und-infrastruktur\/","title":{"rendered":"Lage und Infrastruktur"},"content":{"rendered":"[mk_page_section bg_image=&#8220;https:\/\/www.leo-stift.de\/pflege\/wp-content\/uploads\/2018\/05\/229.jpg&#8220; bg_position=&#8220;center center&#8220; bg_stretch=&#8220;true&#8220; video_color_mask=&#8220;#0a0a0a&#8220; video_opacity=&#8220;0.2&#8243; min_height=&#8220;500&#8243; full_width=&#8220;true&#8220; sidebar=&#8220;sidebar-1&#8243;][vc_column][\/vc_column][\/mk_page_section][vc_row][vc_column][mk_padding_divider size=&#8220;80&#8243;][\/vc_column][\/vc_row][vc_row][vc_column][mk_fancy_title tag_name=&#8220;h1&#8243; size=&#8220;28&#8243; font_family=&#8220;none&#8220;]\n<p align=\"left\">Lage und Infrastruktur<\/p>\n[\/mk_fancy_title][vc_column_text css=&#8220;.vc_custom_1526394201089{margin-bottom: 0px !important;}&#8220;]\n<p align=\"justify\">Das St. Leo-Stift liegt inmitten eines gro\u00dfen Parks. Essen (Oldb.) ist mit seinen ca. 8000 Einwohnern eine gem\u00fctliche Gemeinde, die verkehrsg\u00fcnstig \u00fcber die Bundesstra\u00dfe B68 (Cloppenburg-Bramsche-Osnabr\u00fcck) sowie \u00fcber die Bahnlinie Osnabr\u00fcck-Oldenburg an zwei Hauptverkehrsadern angebunden ist. Die sog. Nordwestbahn hat direkt im Ortskern Essen eine Haltestelle.<\/p>\n[\/vc_column_text][vc_column_text css=&#8220;.vc_custom_1526394063506{margin-bottom: 0px !important;}&#8220;]Das St. Leo-Stift vereinigt zwei unterschiedliche Einrichtungstypen mit zwei entsprechend unterschiedlichen Betreuungskonzepten unter einem Dach, von denen das eine die Pflege \u00e4lterer Menschen in Form eines Alten- und Pflegeheimes (&#8222;Hilfe zur Pflege&#8220;) und das andere die Betreuungsangebote einer Einrichtung f\u00fcr Suchtkranke (&#8222;Eingliederungshilfe&#8220;) gem\u00e4\u00df den Formulierungen des XII Sozialgesetzbuches in den Mittelpunkt seiner Betrachtungen ger\u00fcckt hat. Beide Einrichtungstypen sind r\u00e4umlich voneinander getrennt und eigenst\u00e4ndige Stationskomplexe.[\/vc_column_text][mk_gallery images=&#8220;314,315,316,313,318,319,320,501,502,498&#8243; column=&#8220;6&#8243; image_size=&#8220;full&#8220; hover_scenarios=&#8220;slow_zoom&#8220; item_spacing=&#8220;10&#8243;][vc_column_text css=&#8220;.vc_custom_1526394073320{margin-bottom: 0px !important;}&#8220;]\n<p align=\"justify\">Das St. Leo-Stift ist inmitten der Ortschaft Essen gelegen, d.h. Gesch\u00e4fte, M\u00e4rkte (Aldi, Lidl, Plus, Postenb\u00f6rse, Kik usw.), Banken, Post, Rathaus, Caf\u00e9s, B\u00e4ckereien, Eisdielen usw. sind bequem zu Fu\u00df erreichbar und erm\u00f6glichen den Bewohnern nach Feierabend nicht nur gem\u00fctliche Spazierg\u00e4nge im Ort oder die Kontaktaufnahme zu Einwohnern und Menschen au\u00dferhalb der Einrichtung, sondern f\u00f6rdern ebenso die Eigenst\u00e4ndigkeit in Form der Erledigung kleinerer Aufgaben oder des selbst\u00e4ndigen Einkaufes von Konsum- und Pflegeartikeln im Rahmen einer \u00fcbersichtlichen, ruhigen und \u00b4strukturell unkomplizierten\u00b4 Gemeinde. Cloppenburg liegt mit knapp 20 km Entfernung als gr\u00f6\u00dfere Stadt in Richtung Norden ebenso in erreichbarer N\u00e4he wie das etwa 5 km entfernte Quakenbr\u00fcck im S\u00fcden.<\/p>\n[\/vc_column_text][\/vc_column][\/vc_row][vc_row fullwidth=&#8220;true&#8220;][vc_column][mk_padding_divider size=&#8220;75&#8243;][\/vc_column][\/vc_row]\n","protected":false},"excerpt":{"rendered":"<p>[mk_page_section bg_image=&#8220;https:\/\/www.leo-stift.de\/pflege\/wp-content\/uploads\/2018\/05\/229.jpg&#8220; bg_position=&#8220;center center&#8220; bg_stretch=&#8220;true&#8220; video_color_mask=&#8220;#0a0a0a&#8220; video_opacity=&#8220;0.2&#8243; min_height=&#8220;500&#8243; full_width=&#8220;true&#8220; sidebar=&#8220;sidebar-1&#8243;][vc_column][\/vc_column][\/mk_page_section][vc_row][vc_column][mk_padding_divider size=&#8220;80&#8243;][\/vc_column][\/vc_row][vc_row][vc_column][mk_fancy_title tag_name=&#8220;h1&#8243; size=&#8220;28&#8243; font_family=&#8220;none&#8220;] Lage und Infrastruktur [\/mk_fancy_title][vc_column_text css=&#8220;.vc_custom_1526394201089{margin-bottom: 0px !important;}&#8220;] Das St. Leo-Stift liegt inmitten eines gro\u00dfen Parks. Essen (Oldb.) ist mit seinen ca. 8000 Einwohnern eine gem\u00fctliche Gemeinde, die verkehrsg\u00fcnstig \u00fcber die Bundesstra\u00dfe B68 (Cloppenburg-Bramsche-Osnabr\u00fcck) sowie \u00fcber die Bahnlinie Osnabr\u00fcck-Oldenburg an zwei Hauptverkehrsadern [&hellip;]<\/p>\n","protected":false},"author":1,"featured_media":0,"parent":196,"menu_order":2,"comment_status":"closed","ping_status":"closed","template":"","meta":{"footnotes":""},"class_list":["post-199","page","type-page","status-publish","hentry"],"yoast_head":"<!-- This site is optimized with the Yoast SEO plugin v18.2 - https:\/\/yoast.com\/wordpress\/plugins\/seo\/ -->\n<title>Lage und Infrastruktur | St. Leo-Stift gemeinn\u00fctzige GmbH<\/title>\n<meta name=\"robots\" content=\"index, follow, max-snippet:-1, max-image-preview:large, max-video-preview:-1\" \/>\n<link rel=\"canonical\" href=\"https:\/\/www.leo-stift.de\/pflege\/die-einrichtung\/lage-und-infrastruktur\/\" \/>\n<meta property=\"og:locale\" content=\"de_DE\" \/>\n<meta property=\"og:type\" content=\"article\" \/>\n<meta property=\"og:title\" content=\"Lage und Infrastruktur | St. Leo-Stift gemeinn\u00fctzige GmbH\" \/>\n<meta property=\"og:description\" content=\"[mk_page_section bg_image=&#8220;https:\/\/www.leo-stift.de\/pflege\/wp-content\/uploads\/2018\/05\/229.jpg&#8220; bg_position=&#8220;center center&#8220; bg_stretch=&#8220;true&#8220; video_color_mask=&#8220;#0a0a0a&#8220; video_opacity=&#8220;0.2&#8243; min_height=&#8220;500&#8243; full_width=&#8220;true&#8220; sidebar=&#8220;sidebar-1&#8243;][vc_column][\/vc_column][\/mk_page_section][vc_row][vc_column][mk_padding_divider size=&#8220;80&#8243;][\/vc_column][\/vc_row][vc_row][vc_column][mk_fancy_title tag_name=&#8220;h1&#8243; size=&#8220;28&#8243; font_family=&#8220;none&#8220;] Lage und Infrastruktur [\/mk_fancy_title][vc_column_text css=&#8220;.vc_custom_1526394201089{margin-bottom: 0px !important;}&#8220;] Das St. Leo-Stift liegt inmitten eines gro\u00dfen Parks. Essen (Oldb.) ist mit seinen ca. 8000 Einwohnern eine gem\u00fctliche Gemeinde, die verkehrsg\u00fcnstig \u00fcber die Bundesstra\u00dfe B68 (Cloppenburg-Bramsche-Osnabr\u00fcck) sowie \u00fcber die Bahnlinie Osnabr\u00fcck-Oldenburg an zwei Hauptverkehrsadern [&hellip;]\" \/>\n<meta property=\"og:url\" content=\"https:\/\/www.leo-stift.de\/pflege\/die-einrichtung\/lage-und-infrastruktur\/\" \/>\n<meta property=\"og:site_name\" content=\"St. Leo-Stift gemeinn\u00fctzige GmbH\" \/>\n<meta property=\"article:modified_time\" content=\"2018-05-30T09:36:16+00:00\" \/>\n<meta name=\"twitter:card\" content=\"summary_large_image\" \/>\n<meta name=\"twitter:label1\" content=\"Gesch\u00e4tzte Lesezeit\" \/>\n\t<meta name=\"twitter:data1\" content=\"2\u00a0Minuten\" \/>\n<script type=\"application\/ld+json\" class=\"yoast-schema-graph\">{\"@context\":\"https:\/\/schema.org\",\"@graph\":[{\"@type\":\"Organization\",\"@id\":\"https:\/\/www.leo-stift.de\/pflege\/#organization\",\"name\":\"St. Leo-Stift gemeinn\u00fctzige GmbH\",\"url\":\"https:\/\/www.leo-stift.de\/pflege\/\",\"sameAs\":[],\"logo\":{\"@type\":\"ImageObject\",\"@id\":\"https:\/\/www.leo-stift.de\/pflege\/#logo\",\"inLanguage\":\"de\",\"url\":\"https:\/\/www.leo-stift.de\/pflege\/wp-content\/uploads\/2018\/05\/logo.png\",\"contentUrl\":\"https:\/\/www.leo-stift.de\/pflege\/wp-content\/uploads\/2018\/05\/logo.png\",\"width\":1223,\"height\":287,\"caption\":\"St. Leo-Stift gemeinn\u00fctzige GmbH\"},\"image\":{\"@id\":\"https:\/\/www.leo-stift.de\/pflege\/#logo\"}},{\"@type\":\"WebSite\",\"@id\":\"https:\/\/www.leo-stift.de\/pflege\/#website\",\"url\":\"https:\/\/www.leo-stift.de\/pflege\/\",\"name\":\"St. Leo-Stift gemeinn\u00fctzige GmbH\",\"description\":\"Herzlich Willkommen\",\"publisher\":{\"@id\":\"https:\/\/www.leo-stift.de\/pflege\/#organization\"},\"potentialAction\":[{\"@type\":\"SearchAction\",\"target\":{\"@type\":\"EntryPoint\",\"urlTemplate\":\"https:\/\/www.leo-stift.de\/pflege\/?s={search_term_string}\"},\"query-input\":\"required name=search_term_string\"}],\"inLanguage\":\"de\"},{\"@type\":\"WebPage\",\"@id\":\"https:\/\/www.leo-stift.de\/pflege\/die-einrichtung\/lage-und-infrastruktur\/#webpage\",\"url\":\"https:\/\/www.leo-stift.de\/pflege\/die-einrichtung\/lage-und-infrastruktur\/\",\"name\":\"Lage und Infrastruktur | St. Leo-Stift gemeinn\u00fctzige GmbH\",\"isPartOf\":{\"@id\":\"https:\/\/www.leo-stift.de\/pflege\/#website\"},\"datePublished\":\"2018-05-15T12:45:33+00:00\",\"dateModified\":\"2018-05-30T09:36:16+00:00\",\"breadcrumb\":{\"@id\":\"https:\/\/www.leo-stift.de\/pflege\/die-einrichtung\/lage-und-infrastruktur\/#breadcrumb\"},\"inLanguage\":\"de\",\"potentialAction\":[{\"@type\":\"ReadAction\",\"target\":[\"https:\/\/www.leo-stift.de\/pflege\/die-einrichtung\/lage-und-infrastruktur\/\"]}]},{\"@type\":\"BreadcrumbList\",\"@id\":\"https:\/\/www.leo-stift.de\/pflege\/die-einrichtung\/lage-und-infrastruktur\/#breadcrumb\",\"itemListElement\":[{\"@type\":\"ListItem\",\"position\":1,\"name\":\"Startseite\",\"item\":\"https:\/\/www.leo-stift.de\/pflege\/\"},{\"@type\":\"ListItem\",\"position\":2,\"name\":\"Die Einrichtung\",\"item\":\"https:\/\/www.leo-stift.de\/pflege\/die-einrichtung\/\"},{\"@type\":\"ListItem\",\"position\":3,\"name\":\"Lage und Infrastruktur\"}]}]}<\/script>\n<!-- \/ Yoast SEO plugin. -->","yoast_head_json":{"title":"Lage und Infrastruktur | St. Leo-Stift gemeinn\u00fctzige GmbH","robots":{"index":"index","follow":"follow","max-snippet":"max-snippet:-1","max-image-preview":"max-image-preview:large","max-video-preview":"max-video-preview:-1"},"canonical":"https:\/\/www.leo-stift.de\/pflege\/die-einrichtung\/lage-und-infrastruktur\/","og_locale":"de_DE","og_type":"article","og_title":"Lage und Infrastruktur | St. Leo-Stift gemeinn\u00fctzige GmbH","og_description":"[mk_page_section bg_image=&#8220;https:\/\/www.leo-stift.de\/pflege\/wp-content\/uploads\/2018\/05\/229.jpg&#8220; bg_position=&#8220;center center&#8220; bg_stretch=&#8220;true&#8220; video_color_mask=&#8220;#0a0a0a&#8220; video_opacity=&#8220;0.2&#8243; min_height=&#8220;500&#8243; full_width=&#8220;true&#8220; sidebar=&#8220;sidebar-1&#8243;][vc_column][\/vc_column][\/mk_page_section][vc_row][vc_column][mk_padding_divider size=&#8220;80&#8243;][\/vc_column][\/vc_row][vc_row][vc_column][mk_fancy_title tag_name=&#8220;h1&#8243; size=&#8220;28&#8243; font_family=&#8220;none&#8220;] Lage und Infrastruktur [\/mk_fancy_title][vc_column_text css=&#8220;.vc_custom_1526394201089{margin-bottom: 0px !important;}&#8220;] Das St. Leo-Stift liegt inmitten eines gro\u00dfen Parks. Essen (Oldb.) ist mit seinen ca. 8000 Einwohnern eine gem\u00fctliche Gemeinde, die verkehrsg\u00fcnstig \u00fcber die Bundesstra\u00dfe B68 (Cloppenburg-Bramsche-Osnabr\u00fcck) sowie \u00fcber die Bahnlinie Osnabr\u00fcck-Oldenburg an zwei Hauptverkehrsadern [&hellip;]","og_url":"https:\/\/www.leo-stift.de\/pflege\/die-einrichtung\/lage-und-infrastruktur\/","og_site_name":"St. Leo-Stift gemeinn\u00fctzige GmbH","article_modified_time":"2018-05-30T09:36:16+00:00","twitter_card":"summary_large_image","twitter_misc":{"Gesch\u00e4tzte Lesezeit":"2\u00a0Minuten"},"schema":{"@context":"https:\/\/schema.org","@graph":[{"@type":"Organization","@id":"https:\/\/www.leo-stift.de\/pflege\/#organization","name":"St. Leo-Stift gemeinn\u00fctzige GmbH","url":"https:\/\/www.leo-stift.de\/pflege\/","sameAs":[],"logo":{"@type":"ImageObject","@id":"https:\/\/www.leo-stift.de\/pflege\/#logo","inLanguage":"de","url":"https:\/\/www.leo-stift.de\/pflege\/wp-content\/uploads\/2018\/05\/logo.png","contentUrl":"https:\/\/www.leo-stift.de\/pflege\/wp-content\/uploads\/2018\/05\/logo.png","width":1223,"height":287,"caption":"St. Leo-Stift gemeinn\u00fctzige GmbH"},"image":{"@id":"https:\/\/www.leo-stift.de\/pflege\/#logo"}},{"@type":"WebSite","@id":"https:\/\/www.leo-stift.de\/pflege\/#website","url":"https:\/\/www.leo-stift.de\/pflege\/","name":"St. Leo-Stift gemeinn\u00fctzige GmbH","description":"Herzlich Willkommen","publisher":{"@id":"https:\/\/www.leo-stift.de\/pflege\/#organization"},"potentialAction":[{"@type":"SearchAction","target":{"@type":"EntryPoint","urlTemplate":"https:\/\/www.leo-stift.de\/pflege\/?s={search_term_string}"},"query-input":"required name=search_term_string"}],"inLanguage":"de"},{"@type":"WebPage","@id":"https:\/\/www.leo-stift.de\/pflege\/die-einrichtung\/lage-und-infrastruktur\/#webpage","url":"https:\/\/www.leo-stift.de\/pflege\/die-einrichtung\/lage-und-infrastruktur\/","name":"Lage und Infrastruktur | St. Leo-Stift gemeinn\u00fctzige GmbH","isPartOf":{"@id":"https:\/\/www.leo-stift.de\/pflege\/#website"},"datePublished":"2018-05-15T12:45:33+00:00","dateModified":"2018-05-30T09:36:16+00:00","breadcrumb":{"@id":"https:\/\/www.leo-stift.de\/pflege\/die-einrichtung\/lage-und-infrastruktur\/#breadcrumb"},"inLanguage":"de","potentialAction":[{"@type":"ReadAction","target":["https:\/\/www.leo-stift.de\/pflege\/die-einrichtung\/lage-und-infrastruktur\/"]}]},{"@type":"BreadcrumbList","@id":"https:\/\/www.leo-stift.de\/pflege\/die-einrichtung\/lage-und-infrastruktur\/#breadcrumb","itemListElement":[{"@type":"ListItem","position":1,"name":"Startseite","item":"https:\/\/www.leo-stift.de\/pflege\/"},{"@type":"ListItem","position":2,"name":"Die Einrichtung","item":"https:\/\/www.leo-stift.de\/pflege\/die-einrichtung\/"},{"@type":"ListItem","position":3,"name":"Lage und Infrastruktur"}]}]}},"_links":{"self":[{"href":"https:\/\/www.leo-stift.de\/pflege\/wp-json\/wp\/v2\/pages\/199","targetHints":{"allow":["GET"]}}],"collection":[{"href":"https:\/\/www.leo-stift.de\/pflege\/wp-json\/wp\/v2\/pages"}],"about":[{"href":"https:\/\/www.leo-stift.de\/pflege\/wp-json\/wp\/v2\/types\/page"}],"author":[{"embeddable":true,"href":"https:\/\/www.leo-stift.de\/pflege\/wp-json\/wp\/v2\/users\/1"}],"replies":[{"embeddable":true,"href":"https:\/\/www.leo-stift.de\/pflege\/wp-json\/wp\/v2\/comments?post=199"}],"version-history":[{"count":28,"href":"https:\/\/www.leo-stift.de\/pflege\/wp-json\/wp\/v2\/pages\/199\/revisions"}],"predecessor-version":[{"id":514,"href":"https:\/\/www.leo-stift.de\/pflege\/wp-json\/wp\/v2\/pages\/199\/revisions\/514"}],"up":[{"embeddable":true,"href":"https:\/\/www.leo-stift.de\/pflege\/wp-json\/wp\/v2\/pages\/196"}],"wp:attachment":[{"href":"https:\/\/www.leo-stift.de\/pflege\/wp-json\/wp\/v2\/media?parent=199"}],"curies":[{"name":"wp","href":"https:\/\/api.w.org\/{rel}","templated":true}]}}