{"id":196,"date":"2018-05-15T14:45:33","date_gmt":"2018-05-15T12:45:33","guid":{"rendered":"https:\/\/www.leo-stift.de\/pflege\/die-einrichtung\/"},"modified":"2018-06-14T11:17:58","modified_gmt":"2018-06-14T09:17:58","slug":"die-einrichtung","status":"publish","type":"page","link":"https:\/\/www.leo-stift.de\/pflege\/die-einrichtung\/","title":{"rendered":"Die Einrichtung"},"content":{"rendered":"[vc_row][vc_column][mk_padding_divider size=&#8220;75&#8243;][\/vc_column][\/vc_row][vc_row][vc_column][mk_fancy_title tag_name=&#8220;h1&#8243; size=&#8220;28&#8243; margin_bottom=&#8220;0&#8243; font_family=&#8220;none&#8220;]\u00dcbersicht &#8222;Die Einrichtung&#8220;[\/mk_fancy_title][\/vc_column][\/vc_row][vc_row][vc_column width=&#8220;1\/2&#8243;][vc_column_text css=&#8220;.vc_custom_1528967280449{margin-bottom: 0px !important;}&#8220;]Das St. Leo-Stift bietet pflegebed\u00fcrftigen und altersverwirrten (dementen) Menschen ein &#8222;Zuhause&#8220;. Unser Ziel ist es, dass sich alle unsere Bewohner wohl und sicher bei uns f\u00fchlen. Dabei sind wir uns der Einzigartigkeit eines jeden Menschen bewusst und respektieren in diesem Sinne die individuellen k\u00f6rperlichen, seelischen und sozialen Besonderheiten unsere Bewohner.[\/vc_column_text][\/vc_column][vc_column width=&#8220;1\/2&#8243;][vc_column_text css=&#8220;.vc_custom_1528967874298{margin-bottom: 0px !important;}&#8220;]Das St. Leo-Stift vereinigt zwei unterschiedliche Einrichtungstypen mit zwei entsprechend unterschiedlichen Betreuungskonzepten unter einem Dach, von denen das eine die Pflege \u00e4lterer Menschen in Form eines Alten- und Pflegeheimes und das andere die Betreuungsangebote einer Einrichtung f\u00fcr Suchtkranke \/ Eingliederungshilfe gem\u00e4\u00df der Formulierungen des XII Sozialgesetzbuches in den Mittelpunkt seiner Betrachtungen ger\u00fcckt hat. Beide Einrichtungen sind r\u00e4umlich voneinander getrennt und eingenst\u00e4ndige Stationskomplexe.[\/vc_column_text][\/vc_column][\/vc_row][vc_row][vc_column][mk_padding_divider size=&#8220;75&#8243;][\/vc_column][\/vc_row][vc_row][vc_column width=&#8220;1\/4&#8243;][mk_custom_box min_height=&#8220;180&#8243; el_class=&#8220;make-it-clickable&#8220; bg_image=&#8220;https:\/\/www.leo-stift.de\/pflege\/wp-content\/uploads\/2018\/05\/det18.jpg&#8220; background_hov_color_style=&#8220;image&#8220; overlay_color=&#8220;rgba(0,0,0,0.31)&#8220; bg_image_hov_effect=&#8220;zoom-in&#8220; elevation_effect=&#8220;true&#8220; bg_stretch=&#8220;true&#8220;][mk_fancy_title color=&#8220;#ffffff&#8220; size=&#8220;28&#8243; margin_top=&#8220;26&#8243; margin_bottom=&#8220;0&#8243; font_family=&#8220;none&#8220; align=&#8220;center&#8220;]Leitbild[\/mk_fancy_title][mk_button url=&#8220;\/pflege\/die-einrichtung\/leitbild\/&#8220; el_class=&#8220;item-button&#8220;][\/mk_button][\/mk_custom_box][\/vc_column][vc_column width=&#8220;1\/4&#8243; offset=&#8220;vc_col-xs-12&#8243;][mk_custom_box min_height=&#8220;180&#8243; el_class=&#8220;make-it-clickable&#8220; bg_image=&#8220;https:\/\/www.leo-stift.de\/pflege\/wp-content\/uploads\/2018\/05\/detail7.jpg&#8220; background_hov_color_style=&#8220;image&#8220; overlay_color=&#8220;rgba(0,0,0,0.31)&#8220; bg_image_hov_effect=&#8220;zoom-in&#8220; elevation_effect=&#8220;true&#8220; bg_stretch=&#8220;true&#8220;][mk_fancy_title color=&#8220;#ffffff&#8220; size=&#8220;28&#8243; margin_top=&#8220;26&#8243; margin_bottom=&#8220;0&#8243; font_family=&#8220;none&#8220; align=&#8220;center&#8220;]Pflegekonzept[\/mk_fancy_title][mk_button url=&#8220;\/pflege\/die-einrichtung\/pflegekonzept\/&#8220; el_class=&#8220;item-button&#8220;][\/mk_button][\/mk_custom_box][\/vc_column][vc_column width=&#8220;1\/4&#8243;][mk_custom_box min_height=&#8220;180&#8243; el_class=&#8220;make-it-clickable&#8220; bg_image=&#8220;https:\/\/www.leo-stift.de\/pflege\/wp-content\/uploads\/2018\/05\/front2.jpg&#8220; background_hov_color_style=&#8220;image&#8220; overlay_color=&#8220;rgba(0,0,0,0.31)&#8220; bg_image_hov_effect=&#8220;zoom-in&#8220; elevation_effect=&#8220;true&#8220; bg_stretch=&#8220;true&#8220;][mk_fancy_title color=&#8220;#ffffff&#8220; size=&#8220;28&#8243; margin_top=&#8220;26&#8243; margin_bottom=&#8220;0&#8243; font_family=&#8220;none&#8220; align=&#8220;center&#8220;]Lage und Infrastruktur[\/mk_fancy_title][mk_button url=&#8220;\/pflege\/die-einrichtung\/lage-und-infrastruktur\/&#8220; el_class=&#8220;item-button&#8220;][\/mk_button][\/mk_custom_box][\/vc_column][vc_column width=&#8220;1\/4&#8243;][mk_custom_box min_height=&#8220;180&#8243; el_class=&#8220;make-it-clickable&#8220; bg_image=&#8220;https:\/\/www.leo-stift.de\/pflege\/wp-content\/uploads\/2018\/05\/essen5.jpg&#8220; background_hov_color_style=&#8220;image&#8220; overlay_color=&#8220;rgba(0,0,0,0.31)&#8220; bg_image_hov_effect=&#8220;zoom-in&#8220; elevation_effect=&#8220;true&#8220; bg_stretch=&#8220;true&#8220;][mk_fancy_title color=&#8220;#ffffff&#8220; size=&#8220;28&#8243; margin_top=&#8220;26&#8243; margin_bottom=&#8220;0&#8243; font_family=&#8220;none&#8220; align=&#8220;center&#8220;]Heimbeirat und Heimaufsicht[\/mk_fancy_title][mk_button url=&#8220;\/pflege\/die-einrichtung\/heimbeirat-und-heimaufsicht\/&#8220; el_class=&#8220;item-button&#8220;][\/mk_button][\/mk_custom_box][\/vc_column][\/vc_row][vc_row][vc_column][mk_padding_divider][\/vc_column][\/vc_row][vc_row][vc_column width=&#8220;1\/4&#8243;][mk_custom_box min_height=&#8220;180&#8243; el_class=&#8220;make-it-clickable&#8220; bg_image=&#8220;https:\/\/www.leo-stift.de\/pflege\/wp-content\/uploads\/2018\/05\/front4.jpg&#8220; background_hov_color_style=&#8220;image&#8220; overlay_color=&#8220;rgba(0,0,0,0.31)&#8220; bg_image_hov_effect=&#8220;zoom-in&#8220; elevation_effect=&#8220;true&#8220; bg_stretch=&#8220;true&#8220;][mk_fancy_title color=&#8220;#ffffff&#8220; size=&#8220;28&#8243; margin_top=&#8220;26&#8243; margin_bottom=&#8220;0&#8243; font_family=&#8220;none&#8220; align=&#8220;center&#8220;]Qualit\u00e4ts-management[\/mk_fancy_title][mk_button url=&#8220;\/pflege\/die-einrichtung\/qualitaetsmanagement\/&#8220; el_class=&#8220;item-button&#8220;][\/mk_button][\/mk_custom_box][\/vc_column][vc_column width=&#8220;1\/4&#8243;][mk_custom_box min_height=&#8220;180&#8243; el_class=&#8220;make-it-clickable&#8220; bg_image=&#8220;https:\/\/www.leo-stift.de\/pflege\/wp-content\/uploads\/2018\/05\/detail22.jpg&#8220; background_hov_color_style=&#8220;image&#8220; overlay_color=&#8220;rgba(0,0,0,0.31)&#8220; bg_image_hov_effect=&#8220;zoom-in&#8220; elevation_effect=&#8220;true&#8220; bg_stretch=&#8220;true&#8220;][mk_fancy_title color=&#8220;#ffffff&#8220; size=&#8220;28&#8243; margin_top=&#8220;26&#8243; margin_bottom=&#8220;0&#8243; font_family=&#8220;none&#8220; align=&#8220;center&#8220;]\n<p align=\"left\">Pfleges\u00e4tze<\/p>\n[\/mk_fancy_title][mk_button url=&#8220;\/pflege\/die-einrichtung\/pflegesaetze\/&#8220; el_class=&#8220;item-button&#8220;][\/mk_button][\/mk_custom_box][\/vc_column][vc_column width=&#8220;1\/4&#8243;][\/vc_column][vc_column width=&#8220;1\/4&#8243;][\/vc_column][\/vc_row][vc_row][vc_column][mk_padding_divider size=&#8220;75&#8243;][\/vc_column][\/vc_row]\n","protected":false},"excerpt":{"rendered":"<p>[vc_row][vc_column][mk_padding_divider size=&#8220;75&#8243;][\/vc_column][\/vc_row][vc_row][vc_column][mk_fancy_title tag_name=&#8220;h1&#8243; size=&#8220;28&#8243; margin_bottom=&#8220;0&#8243; font_family=&#8220;none&#8220;]\u00dcbersicht &#8222;Die Einrichtung&#8220;[\/mk_fancy_title][\/vc_column][\/vc_row][vc_row][vc_column width=&#8220;1\/2&#8243;][vc_column_text css=&#8220;.vc_custom_1528967280449{margin-bottom: 0px !important;}&#8220;]Das St. Leo-Stift bietet pflegebed\u00fcrftigen und altersverwirrten (dementen) Menschen ein &#8222;Zuhause&#8220;. Unser Ziel ist es, dass sich alle unsere Bewohner wohl und sicher bei uns f\u00fchlen. Dabei sind wir uns der Einzigartigkeit eines jeden Menschen bewusst und respektieren in diesem Sinne die individuellen k\u00f6rperlichen, [&hellip;]<\/p>\n","protected":false},"author":1,"featured_media":0,"parent":0,"menu_order":1,"comment_status":"closed","ping_status":"closed","template":"","meta":{"footnotes":""},"class_list":["post-196","page","type-page","status-publish","hentry"],"yoast_head":"<!-- This site is optimized with the Yoast SEO plugin v18.2 - https:\/\/yoast.com\/wordpress\/plugins\/seo\/ -->\n<title>Die Einrichtung | St. Leo-Stift gemeinn\u00fctzige GmbH<\/title>\n<meta name=\"robots\" content=\"index, follow, max-snippet:-1, max-image-preview:large, max-video-preview:-1\" \/>\n<link rel=\"canonical\" href=\"https:\/\/www.leo-stift.de\/pflege\/die-einrichtung\/\" \/>\n<meta property=\"og:locale\" content=\"de_DE\" \/>\n<meta property=\"og:type\" content=\"article\" \/>\n<meta property=\"og:title\" content=\"Die Einrichtung | St. Leo-Stift gemeinn\u00fctzige GmbH\" \/>\n<meta property=\"og:description\" content=\"[vc_row][vc_column][mk_padding_divider size=&#8220;75&#8243;][\/vc_column][\/vc_row][vc_row][vc_column][mk_fancy_title tag_name=&#8220;h1&#8243; size=&#8220;28&#8243; margin_bottom=&#8220;0&#8243; font_family=&#8220;none&#8220;]\u00dcbersicht &#8222;Die Einrichtung&#8220;[\/mk_fancy_title][\/vc_column][\/vc_row][vc_row][vc_column width=&#8220;1\/2&#8243;][vc_column_text css=&#8220;.vc_custom_1528967280449{margin-bottom: 0px !important;}&#8220;]Das St. Leo-Stift bietet pflegebed\u00fcrftigen und altersverwirrten (dementen) Menschen ein &#8222;Zuhause&#8220;. Unser Ziel ist es, dass sich alle unsere Bewohner wohl und sicher bei uns f\u00fchlen. Dabei sind wir uns der Einzigartigkeit eines jeden Menschen bewusst und respektieren in diesem Sinne die individuellen k\u00f6rperlichen, [&hellip;]\" \/>\n<meta property=\"og:url\" content=\"https:\/\/www.leo-stift.de\/pflege\/die-einrichtung\/\" \/>\n<meta property=\"og:site_name\" content=\"St. Leo-Stift gemeinn\u00fctzige GmbH\" \/>\n<meta property=\"article:modified_time\" content=\"2018-06-14T09:17:58+00:00\" \/>\n<meta name=\"twitter:card\" content=\"summary_large_image\" \/>\n<meta name=\"twitter:label1\" content=\"Gesch\u00e4tzte Lesezeit\" \/>\n\t<meta name=\"twitter:data1\" content=\"4\u00a0Minuten\" \/>\n<script type=\"application\/ld+json\" class=\"yoast-schema-graph\">{\"@context\":\"https:\/\/schema.org\",\"@graph\":[{\"@type\":\"Organization\",\"@id\":\"https:\/\/www.leo-stift.de\/pflege\/#organization\",\"name\":\"St. Leo-Stift gemeinn\u00fctzige GmbH\",\"url\":\"https:\/\/www.leo-stift.de\/pflege\/\",\"sameAs\":[],\"logo\":{\"@type\":\"ImageObject\",\"@id\":\"https:\/\/www.leo-stift.de\/pflege\/#logo\",\"inLanguage\":\"de\",\"url\":\"https:\/\/www.leo-stift.de\/pflege\/wp-content\/uploads\/2018\/05\/logo.png\",\"contentUrl\":\"https:\/\/www.leo-stift.de\/pflege\/wp-content\/uploads\/2018\/05\/logo.png\",\"width\":1223,\"height\":287,\"caption\":\"St. Leo-Stift gemeinn\u00fctzige GmbH\"},\"image\":{\"@id\":\"https:\/\/www.leo-stift.de\/pflege\/#logo\"}},{\"@type\":\"WebSite\",\"@id\":\"https:\/\/www.leo-stift.de\/pflege\/#website\",\"url\":\"https:\/\/www.leo-stift.de\/pflege\/\",\"name\":\"St. Leo-Stift gemeinn\u00fctzige GmbH\",\"description\":\"Herzlich Willkommen\",\"publisher\":{\"@id\":\"https:\/\/www.leo-stift.de\/pflege\/#organization\"},\"potentialAction\":[{\"@type\":\"SearchAction\",\"target\":{\"@type\":\"EntryPoint\",\"urlTemplate\":\"https:\/\/www.leo-stift.de\/pflege\/?s={search_term_string}\"},\"query-input\":\"required name=search_term_string\"}],\"inLanguage\":\"de\"},{\"@type\":\"WebPage\",\"@id\":\"https:\/\/www.leo-stift.de\/pflege\/die-einrichtung\/#webpage\",\"url\":\"https:\/\/www.leo-stift.de\/pflege\/die-einrichtung\/\",\"name\":\"Die Einrichtung | St. Leo-Stift gemeinn\u00fctzige GmbH\",\"isPartOf\":{\"@id\":\"https:\/\/www.leo-stift.de\/pflege\/#website\"},\"datePublished\":\"2018-05-15T12:45:33+00:00\",\"dateModified\":\"2018-06-14T09:17:58+00:00\",\"breadcrumb\":{\"@id\":\"https:\/\/www.leo-stift.de\/pflege\/die-einrichtung\/#breadcrumb\"},\"inLanguage\":\"de\",\"potentialAction\":[{\"@type\":\"ReadAction\",\"target\":[\"https:\/\/www.leo-stift.de\/pflege\/die-einrichtung\/\"]}]},{\"@type\":\"BreadcrumbList\",\"@id\":\"https:\/\/www.leo-stift.de\/pflege\/die-einrichtung\/#breadcrumb\",\"itemListElement\":[{\"@type\":\"ListItem\",\"position\":1,\"name\":\"Startseite\",\"item\":\"https:\/\/www.leo-stift.de\/pflege\/\"},{\"@type\":\"ListItem\",\"position\":2,\"name\":\"Die Einrichtung\"}]}]}<\/script>\n<!-- \/ Yoast SEO plugin. -->","yoast_head_json":{"title":"Die Einrichtung | St. Leo-Stift gemeinn\u00fctzige GmbH","robots":{"index":"index","follow":"follow","max-snippet":"max-snippet:-1","max-image-preview":"max-image-preview:large","max-video-preview":"max-video-preview:-1"},"canonical":"https:\/\/www.leo-stift.de\/pflege\/die-einrichtung\/","og_locale":"de_DE","og_type":"article","og_title":"Die Einrichtung | St. Leo-Stift gemeinn\u00fctzige GmbH","og_description":"[vc_row][vc_column][mk_padding_divider size=&#8220;75&#8243;][\/vc_column][\/vc_row][vc_row][vc_column][mk_fancy_title tag_name=&#8220;h1&#8243; size=&#8220;28&#8243; margin_bottom=&#8220;0&#8243; font_family=&#8220;none&#8220;]\u00dcbersicht &#8222;Die Einrichtung&#8220;[\/mk_fancy_title][\/vc_column][\/vc_row][vc_row][vc_column width=&#8220;1\/2&#8243;][vc_column_text css=&#8220;.vc_custom_1528967280449{margin-bottom: 0px !important;}&#8220;]Das St. Leo-Stift bietet pflegebed\u00fcrftigen und altersverwirrten (dementen) Menschen ein &#8222;Zuhause&#8220;. Unser Ziel ist es, dass sich alle unsere Bewohner wohl und sicher bei uns f\u00fchlen. Dabei sind wir uns der Einzigartigkeit eines jeden Menschen bewusst und respektieren in diesem Sinne die individuellen k\u00f6rperlichen, [&hellip;]","og_url":"https:\/\/www.leo-stift.de\/pflege\/die-einrichtung\/","og_site_name":"St. Leo-Stift gemeinn\u00fctzige GmbH","article_modified_time":"2018-06-14T09:17:58+00:00","twitter_card":"summary_large_image","twitter_misc":{"Gesch\u00e4tzte Lesezeit":"4\u00a0Minuten"},"schema":{"@context":"https:\/\/schema.org","@graph":[{"@type":"Organization","@id":"https:\/\/www.leo-stift.de\/pflege\/#organization","name":"St. Leo-Stift gemeinn\u00fctzige GmbH","url":"https:\/\/www.leo-stift.de\/pflege\/","sameAs":[],"logo":{"@type":"ImageObject","@id":"https:\/\/www.leo-stift.de\/pflege\/#logo","inLanguage":"de","url":"https:\/\/www.leo-stift.de\/pflege\/wp-content\/uploads\/2018\/05\/logo.png","contentUrl":"https:\/\/www.leo-stift.de\/pflege\/wp-content\/uploads\/2018\/05\/logo.png","width":1223,"height":287,"caption":"St. Leo-Stift gemeinn\u00fctzige GmbH"},"image":{"@id":"https:\/\/www.leo-stift.de\/pflege\/#logo"}},{"@type":"WebSite","@id":"https:\/\/www.leo-stift.de\/pflege\/#website","url":"https:\/\/www.leo-stift.de\/pflege\/","name":"St. Leo-Stift gemeinn\u00fctzige GmbH","description":"Herzlich Willkommen","publisher":{"@id":"https:\/\/www.leo-stift.de\/pflege\/#organization"},"potentialAction":[{"@type":"SearchAction","target":{"@type":"EntryPoint","urlTemplate":"https:\/\/www.leo-stift.de\/pflege\/?s={search_term_string}"},"query-input":"required name=search_term_string"}],"inLanguage":"de"},{"@type":"WebPage","@id":"https:\/\/www.leo-stift.de\/pflege\/die-einrichtung\/#webpage","url":"https:\/\/www.leo-stift.de\/pflege\/die-einrichtung\/","name":"Die Einrichtung | St. Leo-Stift gemeinn\u00fctzige GmbH","isPartOf":{"@id":"https:\/\/www.leo-stift.de\/pflege\/#website"},"datePublished":"2018-05-15T12:45:33+00:00","dateModified":"2018-06-14T09:17:58+00:00","breadcrumb":{"@id":"https:\/\/www.leo-stift.de\/pflege\/die-einrichtung\/#breadcrumb"},"inLanguage":"de","potentialAction":[{"@type":"ReadAction","target":["https:\/\/www.leo-stift.de\/pflege\/die-einrichtung\/"]}]},{"@type":"BreadcrumbList","@id":"https:\/\/www.leo-stift.de\/pflege\/die-einrichtung\/#breadcrumb","itemListElement":[{"@type":"ListItem","position":1,"name":"Startseite","item":"https:\/\/www.leo-stift.de\/pflege\/"},{"@type":"ListItem","position":2,"name":"Die Einrichtung"}]}]}},"_links":{"self":[{"href":"https:\/\/www.leo-stift.de\/pflege\/wp-json\/wp\/v2\/pages\/196","targetHints":{"allow":["GET"]}}],"collection":[{"href":"https:\/\/www.leo-stift.de\/pflege\/wp-json\/wp\/v2\/pages"}],"about":[{"href":"https:\/\/www.leo-stift.de\/pflege\/wp-json\/wp\/v2\/types\/page"}],"author":[{"embeddable":true,"href":"https:\/\/www.leo-stift.de\/pflege\/wp-json\/wp\/v2\/users\/1"}],"replies":[{"embeddable":true,"href":"https:\/\/www.leo-stift.de\/pflege\/wp-json\/wp\/v2\/comments?post=196"}],"version-history":[{"count":23,"href":"https:\/\/www.leo-stift.de\/pflege\/wp-json\/wp\/v2\/pages\/196\/revisions"}],"predecessor-version":[{"id":565,"href":"https:\/\/www.leo-stift.de\/pflege\/wp-json\/wp\/v2\/pages\/196\/revisions\/565"}],"wp:attachment":[{"href":"https:\/\/www.leo-stift.de\/pflege\/wp-json\/wp\/v2\/media?parent=196"}],"curies":[{"name":"wp","href":"https:\/\/api.w.org\/{rel}","templated":true}]}}