{"id":195,"date":"2018-05-15T14:45:33","date_gmt":"2018-05-15T12:45:33","guid":{"rendered":"https:\/\/www.leo-stift.de\/pflege\/kontakt\/"},"modified":"2018-05-16T15:34:19","modified_gmt":"2018-05-16T13:34:19","slug":"kontakt","status":"publish","type":"page","link":"https:\/\/www.leo-stift.de\/pflege\/kontakt\/","title":{"rendered":"Kontakt"},"content":{"rendered":"[vc_row][vc_column][mk_advanced_gmaps][\/vc_column][\/vc_row][vc_row][vc_column][mk_padding_divider size=&#8220;100&#8243;][\/vc_column][\/vc_row][vc_row][vc_column width=&#8220;1\/2&#8243;][vc_column_text css=&#8220;.vc_custom_1526477184359{margin-bottom: 0px !important;}&#8220;]\n<p align=\"justify\">Bei Interesse an unserer Einrichtung k\u00f6nnen Sie ganz unkompliziert und einfach unser Info-Paket anfordern oder mit unserer Pflegedienstleitung Frau Boklage (Tel.: 05434-9406-434) einen Besichtigungstermin vereinbaren.<\/p>\n<p align=\"justify\">Selbstverst\u00e4ndlich erkl\u00e4ren wir Ihnen in aller Ruhe die Kostenaufstellungen und unsere Leistungen. Wir beraten Sie gerne in Fragen zu Pfleges\u00e4tzen, oder Zusch\u00fcssen von den gesetzlichen Pflegekassen und erl\u00e4utern Ihnen unser Pflegekonzept.<\/p>\n<p align=\"justify\">Wir freuen uns auf Sie und Ihre Angeh\u00f6rigen.<\/p>\n[\/vc_column_text][\/vc_column][vc_column width=&#8220;1\/2&#8243;][mk_contact_info phone=&#8220;05434-9406-0&#8243; fax=&#8220;05434-9406-435&#8243; email=&#8220;info@leo-stift.de&#8220; address=&#8220;Burgstr. 1, 49632 Essen (Oldb.) &#8220; company=&#8220;St. Leo-Stift gemeinn\u00fctzige GmbH &#8220; website=&#8220;https:\/\/leo-stift.de&#8220;][\/vc_column][\/vc_row][vc_row fullwidth=&#8220;true&#8220;][vc_column][mk_padding_divider size=&#8220;75&#8243;][mk_divider style=&#8220;thin_solid&#8220;][mk_padding_divider size=&#8220;75&#8243;][\/vc_column][\/vc_row][vc_row][vc_column]<div role=\"form\" class=\"wpcf7\" id=\"wpcf7-f469-o1\" lang=\"de-DE\" dir=\"ltr\">\n<div class=\"screen-reader-response\"><p role=\"status\" aria-live=\"polite\" aria-atomic=\"true\"><\/p> <ul><\/ul><\/div>\n<form action=\"\/pflege\/wp-json\/wp\/v2\/pages\/195#wpcf7-f469-o1\" method=\"post\" class=\"wpcf7-form init\" novalidate=\"novalidate\" data-status=\"init\">\n<div style=\"display: none;\">\n<input type=\"hidden\" name=\"_wpcf7\" value=\"469\" \/>\n<input type=\"hidden\" name=\"_wpcf7_version\" value=\"5.5.6\" \/>\n<input type=\"hidden\" name=\"_wpcf7_locale\" value=\"de_DE\" \/>\n<input type=\"hidden\" name=\"_wpcf7_unit_tag\" value=\"wpcf7-f469-o1\" \/>\n<input type=\"hidden\" name=\"_wpcf7_container_post\" value=\"0\" \/>\n<input type=\"hidden\" name=\"_wpcf7_posted_data_hash\" value=\"\" \/>\n<\/div>\n<p><label> Dein Name (Pflichtfeld)<br \/>\n    <span class=\"wpcf7-form-control-wrap your-name\"><input type=\"text\" name=\"your-name\" value=\"\" size=\"40\" class=\"wpcf7-form-control wpcf7-text wpcf7-validates-as-required\" aria-required=\"true\" aria-invalid=\"false\" \/><\/span> <\/label><\/p>\n<p><label> Deine E-Mail-Adresse (Pflichtfeld)<br \/>\n    <span class=\"wpcf7-form-control-wrap your-email\"><input type=\"email\" name=\"your-email\" value=\"\" size=\"40\" class=\"wpcf7-form-control wpcf7-text wpcf7-email wpcf7-validates-as-required wpcf7-validates-as-email\" aria-required=\"true\" aria-invalid=\"false\" \/><\/span> <\/label><\/p>\n<p><label> Betreff<br \/>\n    <span class=\"wpcf7-form-control-wrap your-subject\"><input type=\"text\" name=\"your-subject\" value=\"\" size=\"40\" class=\"wpcf7-form-control wpcf7-text\" aria-invalid=\"false\" \/><\/span> <\/label><\/p>\n<p><label> Deine Nachricht<br \/>\n    <span class=\"wpcf7-form-control-wrap your-message\"><textarea name=\"your-message\" cols=\"40\" rows=\"10\" class=\"wpcf7-form-control wpcf7-textarea\" aria-invalid=\"false\"><\/textarea><\/span> <\/label><\/p>\n<p><span class=\"wpcf7-form-control-wrap acceptance-31\"><span class=\"wpcf7-form-control wpcf7-acceptance\"><span class=\"wpcf7-list-item\"><label><input type=\"checkbox\" name=\"acceptance-31\" value=\"1\" aria-invalid=\"false\" \/><span class=\"wpcf7-list-item-label\">Ich stimme zu, dass meine Angaben aus dem Kontaktformular zur Beantwortung meiner Anfrage erhoben und verarbeitet werden. Die Daten werden nach abgeschlossener Bearbeitung Ihrer Anfrage gel\u00f6scht. Hinweis: Sie k\u00f6nnen Ihre Einwilligung jederzeit fu\u0308r die Zukunft per E-Mail an info@leo-stift.de widerrufen. Detaillierte Informationen zum Umgang mit Nutzerdaten finden Sie in unserer Datenschutzerkl\u00e4rung.<\/span><\/label><\/span><\/span><\/span><\/p>\n<p><input type=\"submit\" value=\"Senden\" class=\"wpcf7-form-control has-spinner wpcf7-submit\" \/><\/p>\n<div class=\"wpcf7-response-output\" aria-hidden=\"true\"><\/div><\/form><\/div>[\/vc_column][\/vc_row][vc_row][vc_column][mk_padding_divider size=&#8220;100&#8243;][\/vc_column][\/vc_row]\n","protected":false},"excerpt":{"rendered":"<p>[vc_row][vc_column][mk_advanced_gmaps][\/vc_column][\/vc_row][vc_row][vc_column][mk_padding_divider size=&#8220;100&#8243;][\/vc_column][\/vc_row][vc_row][vc_column width=&#8220;1\/2&#8243;][vc_column_text css=&#8220;.vc_custom_1526477184359{margin-bottom: 0px !important;}&#8220;] Bei Interesse an unserer Einrichtung k\u00f6nnen Sie ganz unkompliziert und einfach unser Info-Paket anfordern oder mit unserer Pflegedienstleitung Frau Boklage (Tel.: 05434-9406-434) einen Besichtigungstermin vereinbaren. Selbstverst\u00e4ndlich erkl\u00e4ren wir Ihnen in aller Ruhe die Kostenaufstellungen und unsere Leistungen. Wir beraten Sie gerne in Fragen zu Pfleges\u00e4tzen, oder Zusch\u00fcssen von den [&hellip;]<\/p>\n","protected":false},"author":1,"featured_media":0,"parent":0,"menu_order":4,"comment_status":"closed","ping_status":"closed","template":"","meta":{"footnotes":""},"class_list":["post-195","page","type-page","status-publish","hentry"],"yoast_head":"<!-- This site is optimized with the Yoast SEO plugin v18.2 - https:\/\/yoast.com\/wordpress\/plugins\/seo\/ -->\n<title>Kontakt | St. Leo-Stift gemeinn\u00fctzige GmbH<\/title>\n<meta name=\"robots\" content=\"index, follow, max-snippet:-1, max-image-preview:large, max-video-preview:-1\" \/>\n<link rel=\"canonical\" href=\"https:\/\/www.leo-stift.de\/pflege\/kontakt\/\" \/>\n<meta property=\"og:locale\" content=\"de_DE\" \/>\n<meta property=\"og:type\" content=\"article\" \/>\n<meta property=\"og:title\" content=\"Kontakt | St. Leo-Stift gemeinn\u00fctzige GmbH\" \/>\n<meta property=\"og:description\" content=\"[vc_row][vc_column][mk_advanced_gmaps][\/vc_column][\/vc_row][vc_row][vc_column][mk_padding_divider size=&#8220;100&#8243;][\/vc_column][\/vc_row][vc_row][vc_column width=&#8220;1\/2&#8243;][vc_column_text css=&#8220;.vc_custom_1526477184359{margin-bottom: 0px !important;}&#8220;] Bei Interesse an unserer Einrichtung k\u00f6nnen Sie ganz unkompliziert und einfach unser Info-Paket anfordern oder mit unserer Pflegedienstleitung Frau Boklage (Tel.: 05434-9406-434) einen Besichtigungstermin vereinbaren. Selbstverst\u00e4ndlich erkl\u00e4ren wir Ihnen in aller Ruhe die Kostenaufstellungen und unsere Leistungen. Wir beraten Sie gerne in Fragen zu Pfleges\u00e4tzen, oder Zusch\u00fcssen von den [&hellip;]\" \/>\n<meta property=\"og:url\" content=\"https:\/\/www.leo-stift.de\/pflege\/kontakt\/\" \/>\n<meta property=\"og:site_name\" content=\"St. Leo-Stift gemeinn\u00fctzige GmbH\" \/>\n<meta property=\"article:modified_time\" content=\"2018-05-16T13:34:19+00:00\" \/>\n<meta name=\"twitter:card\" content=\"summary_large_image\" \/>\n<meta name=\"twitter:label1\" content=\"Gesch\u00e4tzte Lesezeit\" \/>\n\t<meta name=\"twitter:data1\" content=\"1\u00a0Minute\" \/>\n<script type=\"application\/ld+json\" class=\"yoast-schema-graph\">{\"@context\":\"https:\/\/schema.org\",\"@graph\":[{\"@type\":\"Organization\",\"@id\":\"https:\/\/www.leo-stift.de\/pflege\/#organization\",\"name\":\"St. Leo-Stift gemeinn\u00fctzige GmbH\",\"url\":\"https:\/\/www.leo-stift.de\/pflege\/\",\"sameAs\":[],\"logo\":{\"@type\":\"ImageObject\",\"@id\":\"https:\/\/www.leo-stift.de\/pflege\/#logo\",\"inLanguage\":\"de\",\"url\":\"https:\/\/www.leo-stift.de\/pflege\/wp-content\/uploads\/2018\/05\/logo.png\",\"contentUrl\":\"https:\/\/www.leo-stift.de\/pflege\/wp-content\/uploads\/2018\/05\/logo.png\",\"width\":1223,\"height\":287,\"caption\":\"St. Leo-Stift gemeinn\u00fctzige GmbH\"},\"image\":{\"@id\":\"https:\/\/www.leo-stift.de\/pflege\/#logo\"}},{\"@type\":\"WebSite\",\"@id\":\"https:\/\/www.leo-stift.de\/pflege\/#website\",\"url\":\"https:\/\/www.leo-stift.de\/pflege\/\",\"name\":\"St. Leo-Stift gemeinn\u00fctzige GmbH\",\"description\":\"Herzlich Willkommen\",\"publisher\":{\"@id\":\"https:\/\/www.leo-stift.de\/pflege\/#organization\"},\"potentialAction\":[{\"@type\":\"SearchAction\",\"target\":{\"@type\":\"EntryPoint\",\"urlTemplate\":\"https:\/\/www.leo-stift.de\/pflege\/?s={search_term_string}\"},\"query-input\":\"required name=search_term_string\"}],\"inLanguage\":\"de\"},{\"@type\":\"WebPage\",\"@id\":\"https:\/\/www.leo-stift.de\/pflege\/kontakt\/#webpage\",\"url\":\"https:\/\/www.leo-stift.de\/pflege\/kontakt\/\",\"name\":\"Kontakt | St. Leo-Stift gemeinn\u00fctzige GmbH\",\"isPartOf\":{\"@id\":\"https:\/\/www.leo-stift.de\/pflege\/#website\"},\"datePublished\":\"2018-05-15T12:45:33+00:00\",\"dateModified\":\"2018-05-16T13:34:19+00:00\",\"breadcrumb\":{\"@id\":\"https:\/\/www.leo-stift.de\/pflege\/kontakt\/#breadcrumb\"},\"inLanguage\":\"de\",\"potentialAction\":[{\"@type\":\"ReadAction\",\"target\":[\"https:\/\/www.leo-stift.de\/pflege\/kontakt\/\"]}]},{\"@type\":\"BreadcrumbList\",\"@id\":\"https:\/\/www.leo-stift.de\/pflege\/kontakt\/#breadcrumb\",\"itemListElement\":[{\"@type\":\"ListItem\",\"position\":1,\"name\":\"Startseite\",\"item\":\"https:\/\/www.leo-stift.de\/pflege\/\"},{\"@type\":\"ListItem\",\"position\":2,\"name\":\"Kontakt\"}]}]}<\/script>\n<!-- \/ Yoast SEO plugin. -->","yoast_head_json":{"title":"Kontakt | St. Leo-Stift gemeinn\u00fctzige GmbH","robots":{"index":"index","follow":"follow","max-snippet":"max-snippet:-1","max-image-preview":"max-image-preview:large","max-video-preview":"max-video-preview:-1"},"canonical":"https:\/\/www.leo-stift.de\/pflege\/kontakt\/","og_locale":"de_DE","og_type":"article","og_title":"Kontakt | St. Leo-Stift gemeinn\u00fctzige GmbH","og_description":"[vc_row][vc_column][mk_advanced_gmaps][\/vc_column][\/vc_row][vc_row][vc_column][mk_padding_divider size=&#8220;100&#8243;][\/vc_column][\/vc_row][vc_row][vc_column width=&#8220;1\/2&#8243;][vc_column_text css=&#8220;.vc_custom_1526477184359{margin-bottom: 0px !important;}&#8220;] Bei Interesse an unserer Einrichtung k\u00f6nnen Sie ganz unkompliziert und einfach unser Info-Paket anfordern oder mit unserer Pflegedienstleitung Frau Boklage (Tel.: 05434-9406-434) einen Besichtigungstermin vereinbaren. Selbstverst\u00e4ndlich erkl\u00e4ren wir Ihnen in aller Ruhe die Kostenaufstellungen und unsere Leistungen. Wir beraten Sie gerne in Fragen zu Pfleges\u00e4tzen, oder Zusch\u00fcssen von den [&hellip;]","og_url":"https:\/\/www.leo-stift.de\/pflege\/kontakt\/","og_site_name":"St. Leo-Stift gemeinn\u00fctzige GmbH","article_modified_time":"2018-05-16T13:34:19+00:00","twitter_card":"summary_large_image","twitter_misc":{"Gesch\u00e4tzte Lesezeit":"1\u00a0Minute"},"schema":{"@context":"https:\/\/schema.org","@graph":[{"@type":"Organization","@id":"https:\/\/www.leo-stift.de\/pflege\/#organization","name":"St. Leo-Stift gemeinn\u00fctzige GmbH","url":"https:\/\/www.leo-stift.de\/pflege\/","sameAs":[],"logo":{"@type":"ImageObject","@id":"https:\/\/www.leo-stift.de\/pflege\/#logo","inLanguage":"de","url":"https:\/\/www.leo-stift.de\/pflege\/wp-content\/uploads\/2018\/05\/logo.png","contentUrl":"https:\/\/www.leo-stift.de\/pflege\/wp-content\/uploads\/2018\/05\/logo.png","width":1223,"height":287,"caption":"St. Leo-Stift gemeinn\u00fctzige GmbH"},"image":{"@id":"https:\/\/www.leo-stift.de\/pflege\/#logo"}},{"@type":"WebSite","@id":"https:\/\/www.leo-stift.de\/pflege\/#website","url":"https:\/\/www.leo-stift.de\/pflege\/","name":"St. Leo-Stift gemeinn\u00fctzige GmbH","description":"Herzlich Willkommen","publisher":{"@id":"https:\/\/www.leo-stift.de\/pflege\/#organization"},"potentialAction":[{"@type":"SearchAction","target":{"@type":"EntryPoint","urlTemplate":"https:\/\/www.leo-stift.de\/pflege\/?s={search_term_string}"},"query-input":"required name=search_term_string"}],"inLanguage":"de"},{"@type":"WebPage","@id":"https:\/\/www.leo-stift.de\/pflege\/kontakt\/#webpage","url":"https:\/\/www.leo-stift.de\/pflege\/kontakt\/","name":"Kontakt | St. Leo-Stift gemeinn\u00fctzige GmbH","isPartOf":{"@id":"https:\/\/www.leo-stift.de\/pflege\/#website"},"datePublished":"2018-05-15T12:45:33+00:00","dateModified":"2018-05-16T13:34:19+00:00","breadcrumb":{"@id":"https:\/\/www.leo-stift.de\/pflege\/kontakt\/#breadcrumb"},"inLanguage":"de","potentialAction":[{"@type":"ReadAction","target":["https:\/\/www.leo-stift.de\/pflege\/kontakt\/"]}]},{"@type":"BreadcrumbList","@id":"https:\/\/www.leo-stift.de\/pflege\/kontakt\/#breadcrumb","itemListElement":[{"@type":"ListItem","position":1,"name":"Startseite","item":"https:\/\/www.leo-stift.de\/pflege\/"},{"@type":"ListItem","position":2,"name":"Kontakt"}]}]}},"_links":{"self":[{"href":"https:\/\/www.leo-stift.de\/pflege\/wp-json\/wp\/v2\/pages\/195","targetHints":{"allow":["GET"]}}],"collection":[{"href":"https:\/\/www.leo-stift.de\/pflege\/wp-json\/wp\/v2\/pages"}],"about":[{"href":"https:\/\/www.leo-stift.de\/pflege\/wp-json\/wp\/v2\/types\/page"}],"author":[{"embeddable":true,"href":"https:\/\/www.leo-stift.de\/pflege\/wp-json\/wp\/v2\/users\/1"}],"replies":[{"embeddable":true,"href":"https:\/\/www.leo-stift.de\/pflege\/wp-json\/wp\/v2\/comments?post=195"}],"version-history":[{"count":7,"href":"https:\/\/www.leo-stift.de\/pflege\/wp-json\/wp\/v2\/pages\/195\/revisions"}],"predecessor-version":[{"id":470,"href":"https:\/\/www.leo-stift.de\/pflege\/wp-json\/wp\/v2\/pages\/195\/revisions\/470"}],"wp:attachment":[{"href":"https:\/\/www.leo-stift.de\/pflege\/wp-json\/wp\/v2\/media?parent=195"}],"curies":[{"name":"wp","href":"https:\/\/api.w.org\/{rel}","templated":true}]}}