{"id":193,"date":"2018-05-15T14:45:33","date_gmt":"2018-05-15T12:45:33","guid":{"rendered":"https:\/\/www.leo-stift.de\/pflege\/impressum\/"},"modified":"2023-03-01T09:04:00","modified_gmt":"2023-03-01T08:04:00","slug":"impressum","status":"publish","type":"page","link":"https:\/\/www.leo-stift.de\/pflege\/impressum\/","title":{"rendered":"Impressum"},"content":{"rendered":"[vc_row][vc_column][mk_padding_divider size=&#8220;75&#8243;][\/vc_column][\/vc_row][vc_row][vc_column][vc_column_text css=&#8220;.vc_custom_1677657809705{margin-bottom: 0px !important;}&#8220;]\n<h1>Impressum<\/h1>\n<h2>Angaben gem\u00e4\u00df \u00a7 5 TMG:<\/h2>\n<p>St. Leo-Stift gemeinn\u00fctzige GmbH<\/p>\n<p>Burgstra\u00dfe 1<\/p>\n<p>49632 Essen (Oldb.)<\/p>\n<h2>Vertreten durch:<\/h2>\n<p>Vertretungsberechtigt und verantwortlich ist als Gesch\u00e4ftsf\u00fchrer:<\/p>\n<p>Herr F.-J. Ferneding<\/p>\n<p>Burgstr. 1, 49632 Essen (Oldb.)<\/p>\n<p>Tel.: 05434-9406-402<\/p>\n<p>eMail: ferneding@leo-stift.de<\/p>\n<h2>Kontakt:<\/h2>\n<p>Telefon: 05434-9406-0<\/p>\n<p>Telefax: 05434-9406-435<\/p>\n<p>E-Mail: info@leo-stift.de<\/p>\n<h2>Registereintrag:<\/h2>\n<p>Eintragung im Handelsregister.<\/p>\n<p>Registergericht:Amtsgericht Oldenburg<\/p>\n<p>Registernummer: HRB 207209<\/p>\n<h2>Datenschutzbeauftragter:<\/h2>\n<p><em> Gesetzlich vorgeschriebener Datenschutzbeauftragter<\/em><\/p>\n<p>Wir haben f\u00fcr unser Unternehmen einen Datenschutzbeauftragten bestellt.<\/p>\n<p>Herr Thomas Kempe<br \/>\nBurgstra\u00dfe 1<br \/>\n49632 Essen (Oldenburg)<br \/>\nE-Mail: info@leo-stift.de<\/p>\n<h2>Zust\u00e4ndige Aufsichtsbeh\u00f6rde<\/h2>\n<p>Andreas Blohms<br \/>\nUnserer Lieben Frauen Kirchhof 20<br \/>\n28195 Bremen<br \/>\nTelefon: 0 42 1 &#8211; 16 30 19 25<br \/>\nE-Mail: a.blohms@datenschutz-katholisch-nord.de<\/p>\n<h2>Streitschlichtung<\/h2>\n<p>Die Europ\u00e4ische Kommission stellt eine Plattform zur Online-Streitbeilegung (OS) bereit: <a href=\"https:\/\/ec.europa.eu\/consumers\/odr\" target=\"_blank\" rel=\"noopener\">https:\/\/ec.europa.eu\/consumers\/odr<\/a>.<\/p>\n<p>Unsere E-Mail-Adresse finden Sie oben im Impressum.<\/p>\n<p>Wir sind nicht bereit oder verpflichtet, an Streitbeilegungsverfahren vor einer Verbraucherschlichtungsstelle teilzunehmen.<\/p>\n<h3>Haftung f\u00fcr Inhalte<\/h3>\n<p>Als Diensteanbieter sind wir gem\u00e4\u00df \u00a7 7 Abs.1 TMG f\u00fcr eigene Inhalte auf diesen Seiten nach den allgemeinen Gesetzen verantwortlich. Nach \u00a7\u00a7 8 bis 10 TMG sind wir als Diensteanbieter jedoch nicht verpflichtet, \u00fcbermittelte oder gespeicherte fremde Informationen zu \u00fcberwachen oder nach Umst\u00e4nden zu forschen, die auf eine rechtswidrige T\u00e4tigkeit hinweisen.<\/p>\n<p>Verpflichtungen zur Entfernung oder Sperrung der Nutzung von Informationen nach den allgemeinen Gesetzen bleiben hiervon unber\u00fchrt. Eine diesbez\u00fcgliche Haftung ist jedoch erst ab dem Zeitpunkt der Kenntnis einer konkreten Rechtsverletzung m\u00f6glich. Bei Bekanntwerden von entsprechenden Rechtsverletzungen werden wir diese Inhalte umgehend entfernen.<\/p>\n<h3>Haftung f\u00fcr Links<\/h3>\n<p>Unser Angebot enth\u00e4lt Links zu externen Websites Dritter, auf deren Inhalte wir keinen Einfluss haben. Deshalb k\u00f6nnen wir f\u00fcr diese fremden Inhalte auch keine Gew\u00e4hr \u00fcbernehmen. F\u00fcr die Inhalte der verlinkten Seiten ist stets der jeweilige Anbieter oder Betreiber der Seiten verantwortlich. Die verlinkten Seiten wurden zum Zeitpunkt der Verlinkung auf m\u00f6gliche Rechtsverst\u00f6\u00dfe \u00fcberpr\u00fcft. Rechtswidrige Inhalte waren zum Zeitpunkt der Verlinkung nicht erkennbar.<\/p>\n<p>Eine permanente inhaltliche Kontrolle der verlinkten Seiten ist jedoch ohne konkrete Anhaltspunkte einer Rechtsverletzung nicht zumutbar. Bei Bekanntwerden von Rechtsverletzungen werden wir derartige Links umgehend entfernen.<\/p>\n<h3>Urheberrecht<\/h3>\n<p>Die durch die Seitenbetreiber erstellten Inhalte und Werke auf diesen Seiten unterliegen dem deutschen Urheberrecht. Die Vervielf\u00e4ltigung, Bearbeitung, Verbreitung und jede Art der Verwertung au\u00dferhalb der Grenzen des Urheberrechtes bed\u00fcrfen der schriftlichen Zustimmung des jeweiligen Autors bzw. Erstellers. Downloads und Kopien dieser Seite sind nur f\u00fcr den privaten, nicht kommerziellen Gebrauch gestattet.<\/p>\n<p>Soweit die Inhalte auf dieser Seite nicht vom Betreiber erstellt wurden, werden die Urheberrechte Dritter beachtet. Insbesondere werden Inhalte Dritter als solche gekennzeichnet. Sollten Sie trotzdem auf eine Urheberrechtsverletzung aufmerksam werden, bitten wir um einen entsprechenden Hinweis. Bei Bekanntwerden von Rechtsverletzungen werden wir derartige Inhalte umgehend entfernen.[\/vc_column_text][\/vc_column][\/vc_row][vc_row][vc_column][mk_padding_divider size=&#8220;75&#8243;][\/vc_column][\/vc_row]\n","protected":false},"excerpt":{"rendered":"<p>[vc_row][vc_column][mk_padding_divider size=&#8220;75&#8243;][\/vc_column][\/vc_row][vc_row][vc_column][vc_column_text css=&#8220;.vc_custom_1677657809705{margin-bottom: 0px !important;}&#8220;] Impressum Angaben gem\u00e4\u00df \u00a7 5 TMG: St. Leo-Stift gemeinn\u00fctzige GmbH Burgstra\u00dfe 1 49632 Essen (Oldb.) Vertreten durch: Vertretungsberechtigt und verantwortlich ist als Gesch\u00e4ftsf\u00fchrer: Herr F.-J. Ferneding Burgstr. 1, 49632 Essen (Oldb.) Tel.: 05434-9406-402 eMail: ferneding@leo-stift.de Kontakt: Telefon: 05434-9406-0 Telefax: 05434-9406-435 E-Mail: info@leo-stift.de Registereintrag: Eintragung im Handelsregister. Registergericht:Amtsgericht Oldenburg Registernummer: HRB [&hellip;]<\/p>\n","protected":false},"author":1,"featured_media":0,"parent":0,"menu_order":5,"comment_status":"closed","ping_status":"closed","template":"","meta":{"footnotes":""},"class_list":["post-193","page","type-page","status-publish","hentry"],"yoast_head":"<!-- This site is optimized with the Yoast SEO plugin v18.2 - https:\/\/yoast.com\/wordpress\/plugins\/seo\/ -->\n<title>Impressum | St. Leo-Stift gemeinn\u00fctzige GmbH<\/title>\n<meta name=\"robots\" content=\"index, follow, max-snippet:-1, max-image-preview:large, max-video-preview:-1\" \/>\n<link rel=\"canonical\" href=\"https:\/\/www.leo-stift.de\/pflege\/impressum\/\" \/>\n<meta property=\"og:locale\" content=\"de_DE\" \/>\n<meta property=\"og:type\" content=\"article\" \/>\n<meta property=\"og:title\" content=\"Impressum | St. Leo-Stift gemeinn\u00fctzige GmbH\" \/>\n<meta property=\"og:description\" content=\"[vc_row][vc_column][mk_padding_divider size=&#8220;75&#8243;][\/vc_column][\/vc_row][vc_row][vc_column][vc_column_text css=&#8220;.vc_custom_1677657809705{margin-bottom: 0px !important;}&#8220;] Impressum Angaben gem\u00e4\u00df \u00a7 5 TMG: St. Leo-Stift gemeinn\u00fctzige GmbH Burgstra\u00dfe 1 49632 Essen (Oldb.) Vertreten durch: Vertretungsberechtigt und verantwortlich ist als Gesch\u00e4ftsf\u00fchrer: Herr F.-J. Ferneding Burgstr. 1, 49632 Essen (Oldb.) Tel.: 05434-9406-402 eMail: ferneding@leo-stift.de Kontakt: Telefon: 05434-9406-0 Telefax: 05434-9406-435 E-Mail: info@leo-stift.de Registereintrag: Eintragung im Handelsregister. Registergericht:Amtsgericht Oldenburg Registernummer: HRB [&hellip;]\" \/>\n<meta property=\"og:url\" content=\"https:\/\/www.leo-stift.de\/pflege\/impressum\/\" \/>\n<meta property=\"og:site_name\" content=\"St. Leo-Stift gemeinn\u00fctzige GmbH\" \/>\n<meta property=\"article:modified_time\" content=\"2023-03-01T08:04:00+00:00\" \/>\n<meta name=\"twitter:card\" content=\"summary_large_image\" \/>\n<meta name=\"twitter:label1\" content=\"Gesch\u00e4tzte Lesezeit\" \/>\n\t<meta name=\"twitter:data1\" content=\"2\u00a0Minuten\" \/>\n<script type=\"application\/ld+json\" class=\"yoast-schema-graph\">{\"@context\":\"https:\/\/schema.org\",\"@graph\":[{\"@type\":\"Organization\",\"@id\":\"https:\/\/www.leo-stift.de\/pflege\/#organization\",\"name\":\"St. Leo-Stift gemeinn\u00fctzige GmbH\",\"url\":\"https:\/\/www.leo-stift.de\/pflege\/\",\"sameAs\":[],\"logo\":{\"@type\":\"ImageObject\",\"@id\":\"https:\/\/www.leo-stift.de\/pflege\/#logo\",\"inLanguage\":\"de\",\"url\":\"https:\/\/www.leo-stift.de\/pflege\/wp-content\/uploads\/2018\/05\/logo.png\",\"contentUrl\":\"https:\/\/www.leo-stift.de\/pflege\/wp-content\/uploads\/2018\/05\/logo.png\",\"width\":1223,\"height\":287,\"caption\":\"St. Leo-Stift gemeinn\u00fctzige GmbH\"},\"image\":{\"@id\":\"https:\/\/www.leo-stift.de\/pflege\/#logo\"}},{\"@type\":\"WebSite\",\"@id\":\"https:\/\/www.leo-stift.de\/pflege\/#website\",\"url\":\"https:\/\/www.leo-stift.de\/pflege\/\",\"name\":\"St. Leo-Stift gemeinn\u00fctzige GmbH\",\"description\":\"Herzlich Willkommen\",\"publisher\":{\"@id\":\"https:\/\/www.leo-stift.de\/pflege\/#organization\"},\"potentialAction\":[{\"@type\":\"SearchAction\",\"target\":{\"@type\":\"EntryPoint\",\"urlTemplate\":\"https:\/\/www.leo-stift.de\/pflege\/?s={search_term_string}\"},\"query-input\":\"required name=search_term_string\"}],\"inLanguage\":\"de\"},{\"@type\":\"WebPage\",\"@id\":\"https:\/\/www.leo-stift.de\/pflege\/impressum\/#webpage\",\"url\":\"https:\/\/www.leo-stift.de\/pflege\/impressum\/\",\"name\":\"Impressum | St. Leo-Stift gemeinn\u00fctzige GmbH\",\"isPartOf\":{\"@id\":\"https:\/\/www.leo-stift.de\/pflege\/#website\"},\"datePublished\":\"2018-05-15T12:45:33+00:00\",\"dateModified\":\"2023-03-01T08:04:00+00:00\",\"breadcrumb\":{\"@id\":\"https:\/\/www.leo-stift.de\/pflege\/impressum\/#breadcrumb\"},\"inLanguage\":\"de\",\"potentialAction\":[{\"@type\":\"ReadAction\",\"target\":[\"https:\/\/www.leo-stift.de\/pflege\/impressum\/\"]}]},{\"@type\":\"BreadcrumbList\",\"@id\":\"https:\/\/www.leo-stift.de\/pflege\/impressum\/#breadcrumb\",\"itemListElement\":[{\"@type\":\"ListItem\",\"position\":1,\"name\":\"Startseite\",\"item\":\"https:\/\/www.leo-stift.de\/pflege\/\"},{\"@type\":\"ListItem\",\"position\":2,\"name\":\"Impressum\"}]}]}<\/script>\n<!-- \/ Yoast SEO plugin. -->","yoast_head_json":{"title":"Impressum | St. Leo-Stift gemeinn\u00fctzige GmbH","robots":{"index":"index","follow":"follow","max-snippet":"max-snippet:-1","max-image-preview":"max-image-preview:large","max-video-preview":"max-video-preview:-1"},"canonical":"https:\/\/www.leo-stift.de\/pflege\/impressum\/","og_locale":"de_DE","og_type":"article","og_title":"Impressum | St. Leo-Stift gemeinn\u00fctzige GmbH","og_description":"[vc_row][vc_column][mk_padding_divider size=&#8220;75&#8243;][\/vc_column][\/vc_row][vc_row][vc_column][vc_column_text css=&#8220;.vc_custom_1677657809705{margin-bottom: 0px !important;}&#8220;] Impressum Angaben gem\u00e4\u00df \u00a7 5 TMG: St. Leo-Stift gemeinn\u00fctzige GmbH Burgstra\u00dfe 1 49632 Essen (Oldb.) Vertreten durch: Vertretungsberechtigt und verantwortlich ist als Gesch\u00e4ftsf\u00fchrer: Herr F.-J. Ferneding Burgstr. 1, 49632 Essen (Oldb.) Tel.: 05434-9406-402 eMail: ferneding@leo-stift.de Kontakt: Telefon: 05434-9406-0 Telefax: 05434-9406-435 E-Mail: info@leo-stift.de Registereintrag: Eintragung im Handelsregister. Registergericht:Amtsgericht Oldenburg Registernummer: HRB [&hellip;]","og_url":"https:\/\/www.leo-stift.de\/pflege\/impressum\/","og_site_name":"St. Leo-Stift gemeinn\u00fctzige GmbH","article_modified_time":"2023-03-01T08:04:00+00:00","twitter_card":"summary_large_image","twitter_misc":{"Gesch\u00e4tzte Lesezeit":"2\u00a0Minuten"},"schema":{"@context":"https:\/\/schema.org","@graph":[{"@type":"Organization","@id":"https:\/\/www.leo-stift.de\/pflege\/#organization","name":"St. Leo-Stift gemeinn\u00fctzige GmbH","url":"https:\/\/www.leo-stift.de\/pflege\/","sameAs":[],"logo":{"@type":"ImageObject","@id":"https:\/\/www.leo-stift.de\/pflege\/#logo","inLanguage":"de","url":"https:\/\/www.leo-stift.de\/pflege\/wp-content\/uploads\/2018\/05\/logo.png","contentUrl":"https:\/\/www.leo-stift.de\/pflege\/wp-content\/uploads\/2018\/05\/logo.png","width":1223,"height":287,"caption":"St. Leo-Stift gemeinn\u00fctzige GmbH"},"image":{"@id":"https:\/\/www.leo-stift.de\/pflege\/#logo"}},{"@type":"WebSite","@id":"https:\/\/www.leo-stift.de\/pflege\/#website","url":"https:\/\/www.leo-stift.de\/pflege\/","name":"St. Leo-Stift gemeinn\u00fctzige GmbH","description":"Herzlich Willkommen","publisher":{"@id":"https:\/\/www.leo-stift.de\/pflege\/#organization"},"potentialAction":[{"@type":"SearchAction","target":{"@type":"EntryPoint","urlTemplate":"https:\/\/www.leo-stift.de\/pflege\/?s={search_term_string}"},"query-input":"required name=search_term_string"}],"inLanguage":"de"},{"@type":"WebPage","@id":"https:\/\/www.leo-stift.de\/pflege\/impressum\/#webpage","url":"https:\/\/www.leo-stift.de\/pflege\/impressum\/","name":"Impressum | St. Leo-Stift gemeinn\u00fctzige GmbH","isPartOf":{"@id":"https:\/\/www.leo-stift.de\/pflege\/#website"},"datePublished":"2018-05-15T12:45:33+00:00","dateModified":"2023-03-01T08:04:00+00:00","breadcrumb":{"@id":"https:\/\/www.leo-stift.de\/pflege\/impressum\/#breadcrumb"},"inLanguage":"de","potentialAction":[{"@type":"ReadAction","target":["https:\/\/www.leo-stift.de\/pflege\/impressum\/"]}]},{"@type":"BreadcrumbList","@id":"https:\/\/www.leo-stift.de\/pflege\/impressum\/#breadcrumb","itemListElement":[{"@type":"ListItem","position":1,"name":"Startseite","item":"https:\/\/www.leo-stift.de\/pflege\/"},{"@type":"ListItem","position":2,"name":"Impressum"}]}]}},"_links":{"self":[{"href":"https:\/\/www.leo-stift.de\/pflege\/wp-json\/wp\/v2\/pages\/193","targetHints":{"allow":["GET"]}}],"collection":[{"href":"https:\/\/www.leo-stift.de\/pflege\/wp-json\/wp\/v2\/pages"}],"about":[{"href":"https:\/\/www.leo-stift.de\/pflege\/wp-json\/wp\/v2\/types\/page"}],"author":[{"embeddable":true,"href":"https:\/\/www.leo-stift.de\/pflege\/wp-json\/wp\/v2\/users\/1"}],"replies":[{"embeddable":true,"href":"https:\/\/www.leo-stift.de\/pflege\/wp-json\/wp\/v2\/comments?post=193"}],"version-history":[{"count":3,"href":"https:\/\/www.leo-stift.de\/pflege\/wp-json\/wp\/v2\/pages\/193\/revisions"}],"predecessor-version":[{"id":584,"href":"https:\/\/www.leo-stift.de\/pflege\/wp-json\/wp\/v2\/pages\/193\/revisions\/584"}],"wp:attachment":[{"href":"https:\/\/www.leo-stift.de\/pflege\/wp-json\/wp\/v2\/media?parent=193"}],"curies":[{"name":"wp","href":"https:\/\/api.w.org\/{rel}","templated":true}]}}