{"id":522,"date":"2020-08-20T10:09:59","date_gmt":"2020-08-20T08:09:59","guid":{"rendered":"https:\/\/www.leo-stift.de\/fachbereich-leo-stift\/index.php\/service-2\/"},"modified":"2026-01-07T07:37:45","modified_gmt":"2026-01-07T06:37:45","slug":"service-2","status":"publish","type":"page","link":"https:\/\/www.leo-stift.de\/fachbereich-leo-stift\/index.php\/service-2\/","title":{"rendered":"Service"},"content":{"rendered":"\t\t<div data-elementor-type=\"wp-page\" data-elementor-id=\"522\" class=\"elementor elementor-522\" data-elementor-settings=\"[]\">\n\t\t\t\t\t\t<div class=\"elementor-inner\">\n\t\t\t\t\t\t\t<div class=\"elementor-section-wrap\">\n\t\t\t\t\t\t\t<section class=\"elementor-section elementor-top-section elementor-element elementor-element-afebb58 elementor-section-boxed elementor-section-height-default elementor-section-height-default\" data-id=\"afebb58\" data-element_type=\"section\">\n\t\t\t\t\t\t<div class=\"elementor-container elementor-column-gap-default\">\n\t\t\t\t\t\t\t<div class=\"elementor-row\">\n\t\t\t\t\t<div class=\"elementor-column elementor-col-100 elementor-top-column elementor-element elementor-element-1c1de03\" data-id=\"1c1de03\" data-element_type=\"column\">\n\t\t\t<div class=\"elementor-column-wrap elementor-element-populated\">\n\t\t\t\t\t\t\t<div class=\"elementor-widget-wrap\">\n\t\t\t\t\t\t<div class=\"elementor-element elementor-element-05028db elementor-widget elementor-widget-heading\" data-id=\"05028db\" data-element_type=\"widget\" data-widget_type=\"heading.default\">\n\t\t\t\t<div class=\"elementor-widget-container\">\n\t\t\t<h2 class=\"elementor-heading-title elementor-size-default\">Dokumente und Formulare<\/h2>\t\t<\/div>\n\t\t\t\t<\/div>\n\t\t\t\t<div class=\"elementor-element elementor-element-643ff5a elementor-widget elementor-widget-text-editor\" data-id=\"643ff5a\" data-element_type=\"widget\" data-widget_type=\"text-editor.default\">\n\t\t\t\t<div class=\"elementor-widget-container\">\n\t\t\t\t\t<div class=\"elementor-text-editor elementor-clearfix\"><p>Hier haben wir einige Dokumente zusammengetragen, die Sie m\u00f6glicherweise brauchen k\u00f6nnen. Wir haben die Dokumente in verschiedene Bereiche eingeteilt, damit Sie sie schneller finden.<\/p><p><strong><span style=\"color: #339966;\">Bereich &#8222;Darstellung unserer Einrichtung&#8220;:<\/span><\/strong><\/p><ul><li><a href=\"https:\/\/www.leo-stift.de\/fachbereich-leo-stift\/wp-content\/uploads\/2026\/01\/DO-643-Strukturerhebungsbogen.pdf\" target=\"_blank\" rel=\"noopener\">Profil unserer Langzeiteinrichtung (f\u00fcr Eilige)<\/a><\/li><li><a href=\"https:\/\/www.leo-stift.de\/fachbereich-leo-stift\/wp-content\/uploads\/2024\/07\/DO-516-Gesamtkonzeption-Modulsystem-fuer-CMA.pdf\">Gesamtkonzeption &#8222;Modulsystem&#8220;<\/a><\/li><li><a href=\"https:\/\/www.leo-stift.de\/fachbereich-leo-stift\/wp-content\/uploads\/2024\/07\/DO-555-Konzept-heiminterne-Tagesstruktur-fuer-CMA.pdf\">Konzeption &#8222;Heiminterne Tagesstruktur&#8220;<\/a><\/li><li><a href=\"https:\/\/www.leo-stift.de\/fachbereich-leo-stift\/wp-content\/uploads\/2020\/12\/Leitbild.pdf\" target=\"_blank\" rel=\"noopener\">Die Leits\u00e4tze des St. Leo-Stiftes<\/a><\/li><li><a href=\"https:\/\/www.leo-stift.de\/fachbereich-leo-stift\/wp-content\/uploads\/2024\/07\/DO-564-Vorvertragliche-Informationen.pdf\">Vorvertragliche Informationen gem. \u00a73 WBVG<\/a><\/li><li><a href=\"https:\/\/www.leo-stift.de\/fachbereich-leo-stift\/wp-content\/uploads\/2024\/07\/DO-509-Anlage-5-WBV-Hausordnung.pdf\">Hausordnung (in leichter Sprache)<\/a><\/li><li><a href=\"https:\/\/www.leo-stift.de\/fachbereich-leo-stift\/wp-content\/uploads\/2020\/12\/Bankverbindungen.pdf\" target=\"_blank\" rel=\"noopener\">Bankverbindungen<\/a><\/li><\/ul><div>\u00a0<\/div><div><strong><span style=\"color: #339966;\">Bereich &#8222;Allgemeine Unterlagen&#8220;:<\/span><\/strong><\/div><ul><li><a href=\"https:\/\/www.leo-stift.de\/fachbereich-leo-stift\/wp-content\/uploads\/2020\/12\/Bescheinigung-Infektionsschutzgesetz.pdf\" target=\"_blank\" rel=\"noopener\">Bescheinigung gem\u00e4\u00df Infektionsschutzgesetz<\/a><\/li><li><a href=\"https:\/\/www.leo-stift.de\/fachbereich-leo-stift\/wp-content\/uploads\/2025\/01\/DO-524-Aufnahmebogen.pdf\" target=\"_blank\" rel=\"noopener\">Erste Informationen f\u00fcr uns (Aufnahmeinformationen)<\/a><\/li><li><a href=\"https:\/\/www.leo-stift.de\/fachbereich-leo-stift\/wp-content\/uploads\/2026\/01\/DO-605-Wohn-und-Betreuungsvertrag.pdf\" target=\"_blank\" rel=\"noopener\">Wohn- und Betreuungsvertrag f\u00fcr unsere &#8222;besonderen Wohnformen&#8220; gem\u00e4\u00df NuWG (Nieders\u00e4chsisches Gesetz \u00fcber unterst\u00fctzende Wohnformen)<\/a><\/li><li><a href=\"https:\/\/www.leo-stift.de\/fachbereich-leo-stift\/wp-content\/uploads\/2020\/12\/Betreuungsvertrag-AWB.pdf\" target=\"_blank\" rel=\"noopener\">Betreuungsvertrag f\u00fcr die ambulante Wohnbetreuung<\/a><\/li><\/ul><div>\u00a0<\/div><div><strong><span style=\"color: #339966;\">Bereich &#8222;Beantragung von Grundsicherung und Mehrbedarf&#8220;:<\/span><\/strong><\/div><ul><li><a href=\"https:\/\/www.leo-stift.de\/fachbereich-leo-stift\/wp-content\/uploads\/2026\/01\/Kostenrelevante-Auszuege-aus-dem-WBV-2026.pdf\" target=\"_blank\" rel=\"noopener\">Kostenrelevante Ausz\u00fcge aus dem Wohn- und Betreuungsvertrag f\u00fcr die Beantragung von Grundsicherung beim Sozialamt<\/a><\/li><li><a href=\"https:\/\/www.leo-stift.de\/fachbereich-leo-stift\/wp-content\/uploads\/2021\/06\/DO-515-Anlagen-1-4-WBV.pdf\" target=\"_blank\" rel=\"noopener\">Anlagen 1-4 zum Wohn- und Betreuungsvertrag in leichter Sprache<\/a><\/li><li><a href=\"https:\/\/www.leo-stift.de\/fachbereich-leo-stift\/wp-content\/uploads\/2021\/06\/DO-509-Anlage-5-WBV-Hausordnung.pdf\" target=\"_blank\" rel=\"noopener\">Anlage 5 zum Wohn- und Betreuungsvertrag (Hausordnung in leichter Sprache)<\/a><\/li><li><a href=\"https:\/\/www.leo-stift.de\/fachbereich-leo-stift\/wp-content\/uploads\/2026\/01\/DO-606-Anlage-6-WBV-Zahlungen.pdf\" target=\"_blank\" rel=\"noopener\">Anlage 6 zum Wohn- und Betreuungsvertrag (Zahlungsregelungswunsch f\u00fcr das Einreichen beim Sozialamt in leichter Sprache)<\/a><\/li><li><a href=\"https:\/\/www.leo-stift.de\/fachbereich-leo-stift\/wp-content\/uploads\/2026\/01\/DO-608-Anlage-7-WBV-Lastschriftmandat.pdf\" target=\"_blank\" rel=\"noopener\">Anlage 7 zum Wohn- und Betreuungsvertrag (SEPA-Lastschriftmandat f\u00fcr den Einzug von Miete und Verpflegungskosten, falls dies gew\u00fcnscht wird)<\/a><\/li><li><a href=\"https:\/\/www.leo-stift.de\/fachbereich-leo-stift\/wp-content\/uploads\/2021\/06\/DO-563-Anlage-8-WBV-Schweigepflichtsentbindung.pdf\" target=\"_blank\" rel=\"noopener\">Anlage 8 zum Wohn- und Betreuungsvertrag (Schweigepflichtsentbindung in leichter Sprache)<\/a><\/li><li><a href=\"https:\/\/www.leo-stift.de\/fachbereich-leo-stift\/wp-content\/uploads\/2026\/01\/DO-611-Anlage-9-WBV-Antrag-Mehrbedarf.pdf\" target=\"_blank\" rel=\"noopener\">Anlage 9 zum Wohn- und Betreuungsvertrag (formloser Antrag auf &#8222;Mehrbedarf f\u00fcr das Mittagessen&#8220; im Rahmen der Tagesstruktur f\u00fcr das Einreichen beim Sozialamt)<\/a><\/li><li><a href=\"https:\/\/www.leo-stift.de\/fachbereich-leo-stift\/wp-content\/uploads\/2021\/06\/DO-595-Anlage-10-WBV-Einverstaendniserklaerung-DSGV.pdf\" target=\"_blank\" rel=\"noopener\">Anlage 10 zum Wohn- und Betreuungsvertrag (Einverst\u00e4ndniserkl\u00e4rung Datenschutzgrundverordnung)<\/a><\/li><li><a href=\"https:\/\/www.leo-stift.de\/fachbereich-leo-stift\/wp-content\/uploads\/2020\/12\/Antrag-Grundsicherung-der-Deutschen-Rentenversicherung.pdf\" target=\"_blank\" rel=\"noopener\">Antrag auf Grundsicherung (Deutsche Rentenversicherung)<\/a><\/li><li><a href=\"https:\/\/www.leo-stift.de\/fachbereich-leo-stift\/wp-content\/uploads\/2020\/12\/Antrag-Sozialhilfeleistungen.pdf\" target=\"_blank\" rel=\"noopener\">Antrag auf Sozialhilfeleistungen (Landkreis Cloppenburg)<\/a><\/li><li><a href=\"https:\/\/www.leo-stift.de\/fachbereich-leo-stift\/wp-content\/uploads\/2020\/12\/Vermoegenserklaerung-Antrag-Sozialhilfe.pdf\" target=\"_blank\" rel=\"noopener\">Verm\u00f6genserkl\u00e4rung zum Antrag auf Sozialhilfe (Landkreis Cloppenburg)<\/a><\/li><\/ul><div>\u00a0<\/div><div><strong><span style=\"color: #339966;\">Bereich &#8222;Verg\u00fctungsvereinbarungen&#8220;:<\/span><\/strong><\/div><ul><li><a href=\"https:\/\/www.leo-stift.de\/fachbereich-leo-stift\/wp-content\/uploads\/2026\/01\/St.-Leo-Stift-gGmbH-Verguetungsvereinbarung-2026-Wohnstaette.pdf\" target=\"_blank\" rel=\"noopener\">Verg\u00fctungsvereinbarung 2026 &#8222;Wohnst\u00e4tte&#8220;<br \/><\/a><\/li><li><a href=\"https:\/\/www.leo-stift.de\/fachbereich-leo-stift\/wp-content\/uploads\/2026\/01\/St.-Leo-Stift-gGmbH-Verguetungsvereinbarung-2026-HiT.pdf\" target=\"_blank\" rel=\"noopener\">Verg\u00fctungsvereinbarung 2026 &#8222;Heiminterne Tagesstruktur&#8220;<br \/><\/a><\/li><li><a href=\"https:\/\/www.leo-stift.de\/fachbereich-leo-stift\/wp-content\/uploads\/2026\/01\/St.-Leo-Stift-gGmbH-Verguetungsvereinbarung-2026-AWB.pdf\" target=\"_blank\" rel=\"noopener\">Verg\u00fctungsvereinbarung 2026 &#8222;Ambulante Wohnassistenz&#8220;<br \/><\/a><\/li><\/ul><div>\u00a0<\/div><p><strong><span style=\"color: #339966;\">Bereich &#8222;Informationen und Service&#8220;:<\/span><\/strong><\/p><ul><li><a href=\"https:\/\/www.leo-stift.de\/fachbereich-leo-stift\/wp-content\/uploads\/2020\/12\/EUTB.pdf\" target=\"_blank\" rel=\"noopener\">Unabh\u00e4ngige Teilhabeberatung Cloppenburg<\/a><\/li><\/ul><div>\u00a0<\/div><p>Alle Dateien k\u00f6nnen mit dem Adobe Acrobat Reader gelesen und von dort aus auch ausgedruckt werden.<\/p><p>Falls Sie Fragen haben, mailen Sie uns einfach: rohde(at)leo-stift.de oder rufen Sie schnell durch: 05434-9406-306<\/p><\/div>\n\t\t\t\t<\/div>\n\t\t\t\t<\/div>\n\t\t\t\t<div class=\"elementor-element elementor-element-a45097d elementor-widget elementor-widget-image\" data-id=\"a45097d\" data-element_type=\"widget\" data-widget_type=\"image.default\">\n\t\t\t\t<div class=\"elementor-widget-container\">\n\t\t\t\t\t<div class=\"elementor-image\">\n\t\t\t\t\t\t\t\t\t\t<img loading=\"lazy\" decoding=\"async\" width=\"768\" height=\"512\" src=\"https:\/\/www.leo-stift.de\/fachbereich-leo-stift\/wp-content\/uploads\/2020\/12\/weiter-768x512.jpg\" class=\"attachment-medium_large size-medium_large\" alt=\"\" srcset=\"https:\/\/www.leo-stift.de\/fachbereich-leo-stift\/wp-content\/uploads\/2020\/12\/weiter-768x512.jpg 768w, https:\/\/www.leo-stift.de\/fachbereich-leo-stift\/wp-content\/uploads\/2020\/12\/weiter-300x200.jpg 300w, https:\/\/www.leo-stift.de\/fachbereich-leo-stift\/wp-content\/uploads\/2020\/12\/weiter.jpg 900w\" sizes=\"auto, (max-width: 768px) 100vw, 768px\" \/>\t\t\t\t\t\t\t\t\t\t\t<\/div>\n\t\t\t\t<\/div>\n\t\t\t\t<\/div>\n\t\t\t\t\t\t<\/div>\n\t\t\t\t\t<\/div>\n\t\t<\/div>\n\t\t\t\t\t\t\t\t<\/div>\n\t\t\t\t\t<\/div>\n\t\t<\/section>\n\t\t\t\t<section class=\"elementor-section elementor-top-section elementor-element elementor-element-c77fa74 elementor-section-boxed elementor-section-height-default elementor-section-height-default\" data-id=\"c77fa74\" data-element_type=\"section\">\n\t\t\t\t\t\t<div class=\"elementor-container elementor-column-gap-default\">\n\t\t\t\t\t\t\t<div class=\"elementor-row\">\n\t\t\t\t\t<div class=\"elementor-column elementor-col-100 elementor-top-column elementor-element elementor-element-7db4587\" data-id=\"7db4587\" data-element_type=\"column\">\n\t\t\t<div class=\"elementor-column-wrap elementor-element-populated\">\n\t\t\t\t\t\t\t<div class=\"elementor-widget-wrap\">\n\t\t\t\t\t\t<div class=\"elementor-element elementor-element-0e23318 elementor-widget elementor-widget-heading\" data-id=\"0e23318\" data-element_type=\"widget\" data-widget_type=\"heading.default\">\n\t\t\t\t<div class=\"elementor-widget-container\">\n\t\t\t<h2 class=\"elementor-heading-title elementor-size-default\"><br><br>Ablauf der Aufnahme<\/h2>\t\t<\/div>\n\t\t\t\t<\/div>\n\t\t\t\t\t\t<\/div>\n\t\t\t\t\t<\/div>\n\t\t<\/div>\n\t\t\t\t\t\t\t\t<\/div>\n\t\t\t\t\t<\/div>\n\t\t<\/section>\n\t\t\t\t<section class=\"elementor-section elementor-top-section elementor-element elementor-element-4b9aa57 elementor-section-boxed elementor-section-height-default elementor-section-height-default\" data-id=\"4b9aa57\" data-element_type=\"section\">\n\t\t\t\t\t\t<div class=\"elementor-container elementor-column-gap-default\">\n\t\t\t\t\t\t\t<div class=\"elementor-row\">\n\t\t\t\t\t<div class=\"elementor-column elementor-col-100 elementor-top-column elementor-element elementor-element-13e6d91\" data-id=\"13e6d91\" data-element_type=\"column\">\n\t\t\t<div class=\"elementor-column-wrap elementor-element-populated\">\n\t\t\t\t\t\t\t<div class=\"elementor-widget-wrap\">\n\t\t\t\t\t\t<div class=\"elementor-element elementor-element-08ab369 elementor-widget elementor-widget-text-editor\" data-id=\"08ab369\" data-element_type=\"widget\" data-widget_type=\"text-editor.default\">\n\t\t\t\t<div class=\"elementor-widget-container\">\n\t\t\t\t\t<div class=\"elementor-text-editor elementor-clearfix\"><p>Sie haben Interesse an unserer Einrichtung? Und jetzt? Wie macht man es jetzt am besten? <\/p>\n<p>Im Laufe der Zeit hat sich folgendes Vorgehen als sehr effektiv und sinnvoll erwiesen:<\/p>\n<ul>\n<li>Im Grunde sind zun\u00e4chst 2 Dinge sehr wichtig: Einerseits m\u00fcssen Sie nat\u00fcrlich unsere Einrichtung besichtigen und kennenlernen und selbstverst\u00e4ndlich Informationen haben, wie &#8222;es bei uns so l\u00e4uft&#8220;. Anderseits muss das sog. Kostenanerkenntnisverfahren eingeleitet werden, denn der Aufenthalt bei uns kostet ja Geld, das in der Regel vom Sozialamt kommt.<\/li>\n<li>Wir vereinbaren also am besten einen &#8222;Besichtigungstermin&#8220;, an dem Sie zu uns kommen, sich alles ansehen und Fragen stellen k\u00f6nnen. Gerne k\u00f6nnen Sie einen Freund oder Ihren Betreuer oder jemanden aus der Familie mitbringen. In dem gemeinsamen Gespr\u00e4ch k\u00f6nnen wir dann alle m\u00f6glichen Fragen kl\u00e4ren, Planungen besprechen und \u00c4ngste oder Bedenken bereden, wenn Sie sich unsicher f\u00fchlen. Wir k\u00f6nnen zusammen<br>einige Wohngruppen, die Werkst\u00e4tten usw. besichtigen und alles in Ruhe auf uns wirken lassen.<\/li>\n<li>Ebenso ist es wichtig, dass von Beginn an der zust\u00e4ndige Kostentr\u00e4ger (also der Tr\u00e4ger der Eingliederungshilfe) mit &#8222;im Boot sitzt&#8220; und das gesamte Aufnahmeverfahren begleitet. Die Tr\u00e4ger der Eingliederungshilfe sind in der Regel immer die Sozial\u00e4mter. Zumeist sind die Sozial\u00e4mter in verschiedene Bereiche aufgeteilt: Ein Bereich ist dann zust\u00e4ndig f\u00fcr die &#8222;Grundsicherung&#8220; und die &#8222;Hilfe zum Lebensunterhalt&#8220; und ein anderer Bereich ist zust\u00e4ndig f\u00fcr die &#8222;Eingliederungshilfe&#8220;. Beide Bereiche helfen Ihnen oder vermitteln Sie an den jeweils anderen.<\/li>\n<li>Wenn unserer Einrichtung interessant f\u00fcr Sie, Ihren Betreuten, Familienangeh\u00f6rigen, Freund oder Klienten ist, muss z\u00fcgig ein Antrag auf Eingliederungshilfe (SGB IX) beim zust\u00e4ndigen Tr\u00e4ger der Eingliederungshilfe gestellt werden. Das ist in der Regel immer das Sozialamt des Landkreises, in dem Sie wohnen: Wohnen Sie z.B. in Molbergen, ist der Landkreis Cloppenburg zust\u00e4ndig. Wohnen Sie z.B. in Meppen, ist der Landkreis Emsland zust\u00e4ndig und wohnen Sie in Moormerland, ist der Landkreis Leer zust\u00e4ndig. Das sind nat\u00fcrlich nur einige Beispiele und es gibt auch Ausnahmeregelungen, aber so \u00e4hnlich sind die Zust\u00e4ndigkeiten in der Regel. <\/li>\n<li>Zus\u00e4tzlich sollten Sie einen Antrag auf die sog. existenzsicherneden Leistungen (&#8222;Sozialhilfe&#8220; oder &#8222;Grundsicherung&#8220;) beim Sozialamt stellen. Das sind Leistungen f\u00fcr die &#8222;Unterkunft&#8220; (also f\u00fcr das Wohnen bei uns) und die &#8222;Hilfe zum Lebensunterhalt&#8220; (also das, was sie zum Leben brauchen, wie z.B. Verpflegung, Bekleidung, Geld f\u00fcr pers\u00f6nliche Anschaffungen, Tabak usw.). F\u00fcr die Grundsicherung ist das Sozialamt vor Ort zust\u00e4ndig.<\/li>\n<li>Hilfe beim Ausf\u00fcllen der Antragsunterlagen bekommen Sie von ihrem gesetzlichen Betreuer oder von Angeh\u00f6rigen oder auch bei der erg\u00e4nzenden unabh\u00e4ngigen Teilhabeberatung (www.teilhabeberatung.de). \u00dcber die Webseite k\u00f6nnen Sie kostenlos und unverbindlich Fragen stellen und sich eine Beratungsstelle in Ihrer N\u00e4he heraussuchen lassen.<\/li>\n<li>Sie k\u00f6nnen hier von unserer Web-Seite f\u00fcr die Beantragung der &#8222;Hilfe zum Lebensunterhalt&#8220; bzw. Grundsicherung eine Aufstellung der Miet- und Verpflegungskosten (Auszug aus dem Wohn- und Betreuungsvertrag) abladen und dem Antrag beif\u00fcgen. Dann geht es schneller.<\/li>\n<li>Nachdem Ihr Antrag auf Eingliederungshilfe vom Sozialamt gepr\u00fcft und bearbeitet wurde, werden Sie wahrscheinlich zu einem Gespr\u00e4ch eingeladen, in dem Ihr &#8222;Hilfebedarf&#8220; besprochen wird. In diesem Gespr\u00e4ch kommt zumeist eine nette Mitarbeiterin oder ein netter Mitarbeiter vom &#8222;Amt&#8220; und unterh\u00e4lt sich mit Ihnen dar\u00fcber, wie es weitegehen soll, wobei Sie Hilfe ben\u00f6tigen und was Sie noch alleine gut hinbekommen. Dieses Gespr\u00e4ch nennt sich &#8222;Bedarfsermittlung&#8220; (BENi.).<\/li>\n<li>Danach m\u00fcssen Sie auf die Entscheidung des Amtes warten.<\/li>\n<li>Sobald Sie eine Kostenzusage von Ihrem zust\u00e4ndigen Eingliederungshilfetr\u00e4ger bekommen, k\u00f6nnen wir sofort ein Aufnahmedatum vereinbaren.<\/li>\n<\/ul>\n<p>F\u00fcr die Aufnahme ben\u00f6tigen wir folgende Dinge:<\/p>\n<ul>\n<li>Wir brauchen eine Kostenzusage des Eingliederungshilfetr\u00e4gers gem\u00e4\u00df SGB IX (Eingliederungshilfe).<\/li>\n<li>Wir ben\u00f6tigen den Bescheid \u00fcber die Kosten\u00fcbernahme der existenzsichernden Leistungen (Kosten der Unterkunft und Hilfe zum Lebensunterhalt) vom Grundsicherungsamt.<\/li>\n<li>Sie m\u00fcssen mit unserem Betreuungskonzept und der Hausordnung einverstanden sein.<\/li>\n<li>Sie m\u00fcssen &#8222;n\u00fcchtern&#8220; bzw. &#8222;trocken&#8220; bleiben wollen.<\/li>\n<li>Sie m\u00fcssen &#8222;entgiftet&#8220; sein, bevor Sie zu uns kommen.<\/li>\n<li>Sie m\u00fcssen sich bereit erkl\u00e4ren, regelm\u00e4\u00dfig und aktiv an unserer Tagesstruktur und Besch\u00e4ftigung teilzunehmen.<\/li>\n<li>Sie d\u00fcrfen keine ansteckende Krankheit nach dem Bundesseuchengesetz haben (z.B. Tuberkulose o.\u00e4.).<\/li>\n<\/ul>\n<p>Auch wenn das alles jetzt etwas kompliziert klingen mag, ist es letztlich doch sehr leicht. Wir helfen Ihnen. <\/p>\n<p>Alle Informationen, die hier in leicht verst\u00e4ndlicher Sprache aufgeschrieben wurden, haben zum Ziel, Ihnen zu helfen. Die Informationen sind nat\u00fcrlich <u>nicht rechtsverbindlich<\/u>, sondern sind Beispiele und dienen lediglich zur \u00dcbersicht. Es mag also im Einzelfall sein, dass ein anderer Kostentr\u00e4ger &#8211; anders als in unseren Beispielen beschrieben &#8211; f\u00fcr Sie zust\u00e4ndig sein kann o.\u00e4. <\/p>\n<p>Das Sozialamt vor Ort kann Ihnen weiterhelfen und Sie sozialhilferechtlich beraten.<\/p><\/div>\n\t\t\t\t<\/div>\n\t\t\t\t<\/div>\n\t\t\t\t\t\t<\/div>\n\t\t\t\t\t<\/div>\n\t\t<\/div>\n\t\t\t\t\t\t\t\t<\/div>\n\t\t\t\t\t<\/div>\n\t\t<\/section>\n\t\t\t\t<section class=\"elementor-section elementor-top-section elementor-element elementor-element-40fcd8b elementor-section-boxed elementor-section-height-default elementor-section-height-default\" data-id=\"40fcd8b\" data-element_type=\"section\">\n\t\t\t\t\t\t<div class=\"elementor-container elementor-column-gap-default\">\n\t\t\t\t\t\t\t<div class=\"elementor-row\">\n\t\t\t\t\t<div class=\"elementor-column elementor-col-100 elementor-top-column elementor-element elementor-element-8e97b70\" data-id=\"8e97b70\" data-element_type=\"column\">\n\t\t\t<div class=\"elementor-column-wrap elementor-element-populated\">\n\t\t\t\t\t\t\t<div class=\"elementor-widget-wrap\">\n\t\t\t\t\t\t<div class=\"elementor-element elementor-element-d7c51c5 elementor-widget elementor-widget-image\" data-id=\"d7c51c5\" data-element_type=\"widget\" data-widget_type=\"image.default\">\n\t\t\t\t<div class=\"elementor-widget-container\">\n\t\t\t\t\t<div class=\"elementor-image\">\n\t\t\t\t\t\t\t\t\t\t<img loading=\"lazy\" decoding=\"async\" width=\"768\" height=\"432\" src=\"https:\/\/www.leo-stift.de\/fachbereich-leo-stift\/wp-content\/uploads\/2021\/01\/blume1-768x432.jpg\" class=\"elementor-animation-grow attachment-medium_large size-medium_large\" alt=\"\" srcset=\"https:\/\/www.leo-stift.de\/fachbereich-leo-stift\/wp-content\/uploads\/2021\/01\/blume1-768x432.jpg 768w, https:\/\/www.leo-stift.de\/fachbereich-leo-stift\/wp-content\/uploads\/2021\/01\/blume1-300x169.jpg 300w, https:\/\/www.leo-stift.de\/fachbereich-leo-stift\/wp-content\/uploads\/2021\/01\/blume1-1024x576.jpg 1024w, https:\/\/www.leo-stift.de\/fachbereich-leo-stift\/wp-content\/uploads\/2021\/01\/blume1.jpg 1067w\" sizes=\"auto, (max-width: 768px) 100vw, 768px\" \/>\t\t\t\t\t\t\t\t\t\t\t<\/div>\n\t\t\t\t<\/div>\n\t\t\t\t<\/div>\n\t\t\t\t\t\t<\/div>\n\t\t\t\t\t<\/div>\n\t\t<\/div>\n\t\t\t\t\t\t\t\t<\/div>\n\t\t\t\t\t<\/div>\n\t\t<\/section>\n\t\t\t\t\t\t<\/div>\n\t\t\t\t\t\t<\/div>\n\t\t\t\t\t<\/div>\n\t\t","protected":false},"excerpt":{"rendered":"<p>Dokumente und Formulare Hier haben wir einige Dokumente zusammengetragen, die Sie m\u00f6glicherweise brauchen k\u00f6nnen. Wir haben die Dokumente in verschiedene Bereiche eingeteilt, damit Sie sie schneller finden. Bereich &#8222;Darstellung unserer Einrichtung&#8220;: Profil unserer Langzeiteinrichtung (f\u00fcr Eilige) Gesamtkonzeption &#8222;Modulsystem&#8220; Konzeption &#8222;Heiminterne Tagesstruktur&#8220; Die Leits\u00e4tze des St. Leo-Stiftes Vorvertragliche Informationen gem. \u00a73 WBVG Hausordnung (in leichter Sprache) [&hellip;]<\/p>\n","protected":false},"author":1,"featured_media":0,"parent":0,"menu_order":2,"comment_status":"closed","ping_status":"closed","template":"","meta":{"ocean_post_layout":"full-width","ocean_both_sidebars_style":"","ocean_both_sidebars_content_width":0,"ocean_both_sidebars_sidebars_width":0,"ocean_sidebar":"0","ocean_second_sidebar":"0","ocean_disable_margins":"enable","ocean_add_body_class":"","ocean_shortcode_before_top_bar":"","ocean_shortcode_after_top_bar":"","ocean_shortcode_before_header":"","ocean_shortcode_after_header":"","ocean_has_shortcode":"","ocean_shortcode_after_title":"","ocean_shortcode_before_footer_widgets":"","ocean_shortcode_after_footer_widgets":"","ocean_shortcode_before_footer_bottom":"","ocean_shortcode_after_footer_bottom":"","ocean_display_top_bar":"off","ocean_display_header":"default","ocean_header_style":"","ocean_center_header_left_menu":"0","ocean_custom_header_template":"0","ocean_custom_logo":0,"ocean_custom_retina_logo":0,"ocean_custom_logo_max_width":0,"ocean_custom_logo_tablet_max_width":0,"ocean_custom_logo_mobile_max_width":0,"ocean_custom_logo_max_height":0,"ocean_custom_logo_tablet_max_height":0,"ocean_custom_logo_mobile_max_height":0,"ocean_header_custom_menu":"0","ocean_menu_typo_font_family":"0","ocean_menu_typo_font_subset":"","ocean_menu_typo_font_size":0,"ocean_menu_typo_font_size_tablet":0,"ocean_menu_typo_font_size_mobile":0,"ocean_menu_typo_font_size_unit":"px","ocean_menu_typo_font_weight":"","ocean_menu_typo_font_weight_tablet":"","ocean_menu_typo_font_weight_mobile":"","ocean_menu_typo_transform":"","ocean_menu_typo_transform_tablet":"","ocean_menu_typo_transform_mobile":"","ocean_menu_typo_line_height":0,"ocean_menu_typo_line_height_tablet":0,"ocean_menu_typo_line_height_mobile":0,"ocean_menu_typo_line_height_unit":"","ocean_menu_typo_spacing":0,"ocean_menu_typo_spacing_tablet":0,"ocean_menu_typo_spacing_mobile":0,"ocean_menu_typo_spacing_unit":"","ocean_menu_link_color":"","ocean_menu_link_color_hover":"","ocean_menu_link_color_active":"","ocean_menu_link_background":"","ocean_menu_link_hover_background":"","ocean_menu_link_active_background":"","ocean_menu_social_links_bg":"","ocean_menu_social_hover_links_bg":"","ocean_menu_social_links_color":"","ocean_menu_social_hover_links_color":"","ocean_disable_title":"on","ocean_disable_heading":"default","ocean_post_title":"","ocean_post_subheading":"","ocean_post_title_style":"","ocean_post_title_background_color":"","ocean_post_title_background":0,"ocean_post_title_bg_image_position":"","ocean_post_title_bg_image_attachment":"","ocean_post_title_bg_image_repeat":"","ocean_post_title_bg_image_size":"","ocean_post_title_height":0,"ocean_post_title_bg_overlay":0.5,"ocean_post_title_bg_overlay_color":"","ocean_disable_breadcrumbs":"default","ocean_breadcrumbs_color":"","ocean_breadcrumbs_separator_color":"","ocean_breadcrumbs_links_color":"","ocean_breadcrumbs_links_hover_color":"","ocean_display_footer_widgets":"default","ocean_display_footer_bottom":"default","ocean_custom_footer_template":"0","footnotes":""},"yst_prominent_words":[],"class_list":["post-522","page","type-page","status-publish","hentry","entry"],"_links":{"self":[{"href":"https:\/\/www.leo-stift.de\/fachbereich-leo-stift\/index.php\/wp-json\/wp\/v2\/pages\/522","targetHints":{"allow":["GET"]}}],"collection":[{"href":"https:\/\/www.leo-stift.de\/fachbereich-leo-stift\/index.php\/wp-json\/wp\/v2\/pages"}],"about":[{"href":"https:\/\/www.leo-stift.de\/fachbereich-leo-stift\/index.php\/wp-json\/wp\/v2\/types\/page"}],"author":[{"embeddable":true,"href":"https:\/\/www.leo-stift.de\/fachbereich-leo-stift\/index.php\/wp-json\/wp\/v2\/users\/1"}],"replies":[{"embeddable":true,"href":"https:\/\/www.leo-stift.de\/fachbereich-leo-stift\/index.php\/wp-json\/wp\/v2\/comments?post=522"}],"version-history":[{"count":224,"href":"https:\/\/www.leo-stift.de\/fachbereich-leo-stift\/index.php\/wp-json\/wp\/v2\/pages\/522\/revisions"}],"predecessor-version":[{"id":2162,"href":"https:\/\/www.leo-stift.de\/fachbereich-leo-stift\/index.php\/wp-json\/wp\/v2\/pages\/522\/revisions\/2162"}],"wp:attachment":[{"href":"https:\/\/www.leo-stift.de\/fachbereich-leo-stift\/index.php\/wp-json\/wp\/v2\/media?parent=522"}],"wp:term":[{"taxonomy":"yst_prominent_words","embeddable":true,"href":"https:\/\/www.leo-stift.de\/fachbereich-leo-stift\/index.php\/wp-json\/wp\/v2\/yst_prominent_words?post=522"}],"curies":[{"name":"wp","href":"https:\/\/api.w.org\/{rel}","templated":true}]}}