{"id":474,"date":"2020-08-15T21:24:39","date_gmt":"2020-08-15T19:24:39","guid":{"rendered":"https:\/\/www.leo-stift.de\/fachbereich-leo-stift\/index.php\/kontakt-2\/"},"modified":"2025-04-04T09:32:34","modified_gmt":"2025-04-04T07:32:34","slug":"kontakt-2","status":"publish","type":"page","link":"https:\/\/www.leo-stift.de\/fachbereich-leo-stift\/index.php\/home-leichte-sprache\/kontakt-2\/","title":{"rendered":"Kontakt (leichte Sprache)"},"content":{"rendered":"\t\t<div data-elementor-type=\"wp-page\" data-elementor-id=\"474\" class=\"elementor elementor-474\" data-elementor-settings=\"[]\">\n\t\t\t\t\t\t<div class=\"elementor-inner\">\n\t\t\t\t\t\t\t<div class=\"elementor-section-wrap\">\n\t\t\t\t\t\t\t<section class=\"elementor-section elementor-top-section elementor-element elementor-element-6ba1d99 elementor-section-boxed elementor-section-height-default elementor-section-height-default\" data-id=\"6ba1d99\" data-element_type=\"section\">\n\t\t\t\t\t\t<div class=\"elementor-container elementor-column-gap-default\">\n\t\t\t\t\t\t\t<div class=\"elementor-row\">\n\t\t\t\t\t<div class=\"elementor-column elementor-col-100 elementor-top-column elementor-element elementor-element-5bfedd5\" data-id=\"5bfedd5\" data-element_type=\"column\">\n\t\t\t<div class=\"elementor-column-wrap elementor-element-populated\">\n\t\t\t\t\t\t\t<div class=\"elementor-widget-wrap\">\n\t\t\t\t\t\t<div class=\"elementor-element elementor-element-e932eb9 elementor-widget elementor-widget-image\" data-id=\"e932eb9\" data-element_type=\"widget\" data-widget_type=\"image.default\">\n\t\t\t\t<div class=\"elementor-widget-container\">\n\t\t\t\t\t<div class=\"elementor-image\">\n\t\t\t\t\t\t\t\t\t\t<img src=\"https:\/\/www.leo-stift.de\/fachbereich-leo-stift\/wp-content\/uploads\/elementor\/thumbs\/20241127_062334-scaled-r3pd60ybmvbzrtl2h8v1confez1rz84x4pg1j0lpz4.jpg\" title=\"20241127_062334\" alt=\"20241127_062334\" \/>\t\t\t\t\t\t\t\t\t\t\t<\/div>\n\t\t\t\t<\/div>\n\t\t\t\t<\/div>\n\t\t\t\t<div class=\"elementor-element elementor-element-f7f5cdb elementor-widget elementor-widget-text-editor\" data-id=\"f7f5cdb\" data-element_type=\"widget\" data-widget_type=\"text-editor.default\">\n\t\t\t\t<div class=\"elementor-widget-container\">\n\t\t\t\t\t<div class=\"elementor-text-editor elementor-clearfix\"><div class=\"elementor-element elementor-element-ccc6aae elementor-widget elementor-widget-text-editor\" data-id=\"ccc6aae\" data-element_type=\"widget\" data-widget_type=\"text-editor.default\"><div class=\"elementor-widget-container\"><div class=\"elementor-text-editor elementor-clearfix\"><p><u style=\"font-size: 16px;\">Adresse:<\/u><\/p><p>St. Leo-Stift gGmbH<br \/>Fachbereich Sucht<br \/>Langzeiteinrichtung f\u00fcr chronisch mehrfach beeintr\u00e4chtigte Abh\u00e4ngigkeitskranke<br \/>Burgstr. 1<br \/>49632 Essen<\/p><p>Internet: <a href=\"https:\/\/www.leo-stift.de\" target=\"_blank\" rel=\"noopener\">https:\/\/www.leo-stift.de<\/a><\/p><p>Facebook: <a href=\"https:\/\/www.facebook.com\/leostift.portfolio.alkoholsucht\/\" target=\"_blank\" rel=\"noopener\">https:\/\/www.facebook.com\/leostift.portfolio.alkoholsucht\/<\/a><\/p><p>Instagram: h<a href=\"https:\/\/www.instagram.com\/st.leostift.suchtkrankenhilfe\/\" target=\"_blank\" rel=\"noopener\">ttps:\/\/www.instagram.com\/st.leostift.suchtkrankenhilfe\/<\/a><\/p><\/div><\/div><\/div><p>\u00a0<\/p><\/div>\n\t\t\t\t<\/div>\n\t\t\t\t<\/div>\n\t\t\t\t<div class=\"elementor-element elementor-element-ccc6aae elementor-widget elementor-widget-text-editor\" data-id=\"ccc6aae\" data-element_type=\"widget\" data-widget_type=\"text-editor.default\">\n\t\t\t\t<div class=\"elementor-widget-container\">\n\t\t\t\t\t<div class=\"elementor-text-editor elementor-clearfix\"><\/div>\n\t\t\t\t<\/div>\n\t\t\t\t<\/div>\n\t\t\t\t\t\t<\/div>\n\t\t\t\t\t<\/div>\n\t\t<\/div>\n\t\t\t\t\t\t\t\t<\/div>\n\t\t\t\t\t<\/div>\n\t\t<\/section>\n\t\t\t\t<section class=\"elementor-section elementor-top-section elementor-element elementor-element-e7e31ca elementor-section-boxed elementor-section-height-default elementor-section-height-default\" data-id=\"e7e31ca\" data-element_type=\"section\">\n\t\t\t\t\t\t<div class=\"elementor-container elementor-column-gap-default\">\n\t\t\t\t\t\t\t<div class=\"elementor-row\">\n\t\t\t\t\t<div class=\"elementor-column elementor-col-100 elementor-top-column elementor-element elementor-element-f15a89b\" data-id=\"f15a89b\" data-element_type=\"column\">\n\t\t\t<div class=\"elementor-column-wrap elementor-element-populated\">\n\t\t\t\t\t\t\t<div class=\"elementor-widget-wrap\">\n\t\t\t\t\t\t<div class=\"elementor-element elementor-element-28c61c7 elementor-widget elementor-widget-heading\" data-id=\"28c61c7\" data-element_type=\"widget\" data-widget_type=\"heading.default\">\n\t\t\t\t<div class=\"elementor-widget-container\">\n\t\t\t<h2 class=\"elementor-heading-title elementor-size-default\">Telefonnummern<\/h2>\t\t<\/div>\n\t\t\t\t<\/div>\n\t\t\t\t\t\t<\/div>\n\t\t\t\t\t<\/div>\n\t\t<\/div>\n\t\t\t\t\t\t\t\t<\/div>\n\t\t\t\t\t<\/div>\n\t\t<\/section>\n\t\t\t\t<section class=\"elementor-section elementor-top-section elementor-element elementor-element-3bdb91c elementor-section-boxed elementor-section-height-default elementor-section-height-default\" data-id=\"3bdb91c\" data-element_type=\"section\">\n\t\t\t\t\t\t<div class=\"elementor-container elementor-column-gap-default\">\n\t\t\t\t\t\t\t<div class=\"elementor-row\">\n\t\t\t\t\t<div class=\"elementor-column elementor-col-25 elementor-top-column elementor-element elementor-element-7c8752d\" data-id=\"7c8752d\" data-element_type=\"column\">\n\t\t\t<div class=\"elementor-column-wrap elementor-element-populated\">\n\t\t\t\t\t\t\t<div class=\"elementor-widget-wrap\">\n\t\t\t\t\t\t<div class=\"elementor-element elementor-element-bd5b4fb elementor-widget elementor-widget-text-editor\" data-id=\"bd5b4fb\" data-element_type=\"widget\" data-widget_type=\"text-editor.default\">\n\t\t\t\t<div class=\"elementor-widget-container\">\n\t\t\t\t\t<div class=\"elementor-text-editor elementor-clearfix\"><p><u>Zentrale \/ Vermittlung:<\/u><br \/>Tel.: 05434-9406-0<br \/>Fax: 05434-9406-435<\/p><\/div>\n\t\t\t\t<\/div>\n\t\t\t\t<\/div>\n\t\t\t\t\t\t<\/div>\n\t\t\t\t\t<\/div>\n\t\t<\/div>\n\t\t\t\t<div class=\"elementor-column elementor-col-25 elementor-top-column elementor-element elementor-element-755c5e6\" data-id=\"755c5e6\" data-element_type=\"column\">\n\t\t\t<div class=\"elementor-column-wrap\">\n\t\t\t\t\t\t\t<div class=\"elementor-widget-wrap\">\n\t\t\t\t\t\t\t\t<\/div>\n\t\t\t\t\t<\/div>\n\t\t<\/div>\n\t\t\t\t<div class=\"elementor-column elementor-col-25 elementor-top-column elementor-element elementor-element-a259395\" data-id=\"a259395\" data-element_type=\"column\">\n\t\t\t<div class=\"elementor-column-wrap elementor-element-populated\">\n\t\t\t\t\t\t\t<div class=\"elementor-widget-wrap\">\n\t\t\t\t\t\t<div class=\"elementor-element elementor-element-4cf6167 elementor-widget elementor-widget-text-editor\" data-id=\"4cf6167\" data-element_type=\"widget\" data-widget_type=\"text-editor.default\">\n\t\t\t\t<div class=\"elementor-widget-container\">\n\t\t\t\t\t<div class=\"elementor-text-editor elementor-clearfix\"><p><span style=\"text-decoration: underline;\">Wohnbereiche:<\/span><br \/>Tel.: 05434-9406-301<br \/>Fax: 05434-9406-313<br \/>eMail: wb3@leo-stift.de<\/p><\/div>\n\t\t\t\t<\/div>\n\t\t\t\t<\/div>\n\t\t\t\t\t\t<\/div>\n\t\t\t\t\t<\/div>\n\t\t<\/div>\n\t\t\t\t<div class=\"elementor-column elementor-col-25 elementor-top-column elementor-element elementor-element-c558422\" data-id=\"c558422\" data-element_type=\"column\">\n\t\t\t<div class=\"elementor-column-wrap elementor-element-populated\">\n\t\t\t\t\t\t\t<div class=\"elementor-widget-wrap\">\n\t\t\t\t\t\t<div class=\"elementor-element elementor-element-2eb18a7 elementor-widget elementor-widget-text-editor\" data-id=\"2eb18a7\" data-element_type=\"widget\" data-widget_type=\"text-editor.default\">\n\t\t\t\t<div class=\"elementor-widget-container\">\n\t\t\t\t\t<div class=\"elementor-text-editor elementor-clearfix\"><p>Sozialdienst:<br \/>(Frau Benz)<br \/>Tel.: 0160-916-79201<br \/>Fax: 05434-9406-313<br \/>eMail: benz(at)leo-stift.de<\/p><\/div>\n\t\t\t\t<\/div>\n\t\t\t\t<\/div>\n\t\t\t\t\t\t<\/div>\n\t\t\t\t\t<\/div>\n\t\t<\/div>\n\t\t\t\t\t\t\t\t<\/div>\n\t\t\t\t\t<\/div>\n\t\t<\/section>\n\t\t\t\t<section class=\"elementor-section elementor-top-section elementor-element elementor-element-771e27a elementor-section-boxed elementor-section-height-default elementor-section-height-default\" data-id=\"771e27a\" data-element_type=\"section\">\n\t\t\t\t\t\t<div class=\"elementor-container elementor-column-gap-default\">\n\t\t\t\t\t\t\t<div class=\"elementor-row\">\n\t\t\t\t\t<div class=\"elementor-column elementor-col-25 elementor-top-column elementor-element elementor-element-84a3b0a\" data-id=\"84a3b0a\" data-element_type=\"column\">\n\t\t\t<div class=\"elementor-column-wrap elementor-element-populated\">\n\t\t\t\t\t\t\t<div class=\"elementor-widget-wrap\">\n\t\t\t\t\t\t<div class=\"elementor-element elementor-element-390bf21 elementor-widget elementor-widget-text-editor\" data-id=\"390bf21\" data-element_type=\"widget\" data-widget_type=\"text-editor.default\">\n\t\t\t\t<div class=\"elementor-widget-container\">\n\t\t\t\t\t<div class=\"elementor-text-editor elementor-clearfix\"><p><u>Einrichtungsleiter:<\/u> <br \/>(Herr Rohde) <br \/>Tel.: 05434-9406-306<br \/>Fax: 05434-9406-313<br \/>eMail: rohde(at)leo-stift.de<\/p><\/div>\n\t\t\t\t<\/div>\n\t\t\t\t<\/div>\n\t\t\t\t\t\t<\/div>\n\t\t\t\t\t<\/div>\n\t\t<\/div>\n\t\t\t\t<div class=\"elementor-column elementor-col-25 elementor-top-column elementor-element elementor-element-8e68fc1\" data-id=\"8e68fc1\" data-element_type=\"column\">\n\t\t\t<div class=\"elementor-column-wrap elementor-element-populated\">\n\t\t\t\t\t\t\t<div class=\"elementor-widget-wrap\">\n\t\t\t\t\t\t<div class=\"elementor-element elementor-element-ed2d335 elementor-widget elementor-widget-text-editor\" data-id=\"ed2d335\" data-element_type=\"widget\" data-widget_type=\"text-editor.default\">\n\t\t\t\t<div class=\"elementor-widget-container\">\n\t\t\t\t\t<div class=\"elementor-text-editor elementor-clearfix\"><p><span style=\"text-decoration: underline;\">Wohnbereichsleitung und Gewaltschutzbeauftragte<br \/><\/span>(Frau Kosche-Plath)<br \/>Tel.: 05434-9406-289<br \/>Fax: 05434-9406-313<br \/>eMail: kosche-plath(at)leo-stift.de<\/p><\/div>\n\t\t\t\t<\/div>\n\t\t\t\t<\/div>\n\t\t\t\t\t\t<\/div>\n\t\t\t\t\t<\/div>\n\t\t<\/div>\n\t\t\t\t<div class=\"elementor-column elementor-col-25 elementor-top-column elementor-element elementor-element-3beda8f\" data-id=\"3beda8f\" data-element_type=\"column\">\n\t\t\t<div class=\"elementor-column-wrap elementor-element-populated\">\n\t\t\t\t\t\t\t<div class=\"elementor-widget-wrap\">\n\t\t\t\t\t\t<div class=\"elementor-element elementor-element-e79b6c2 elementor-widget elementor-widget-text-editor\" data-id=\"e79b6c2\" data-element_type=\"widget\" data-widget_type=\"text-editor.default\">\n\t\t\t\t<div class=\"elementor-widget-container\">\n\t\t\t\t\t<div class=\"elementor-text-editor elementor-clearfix\"><p><u>Werk- und Montagehalle am Richthof:<\/u> <br \/>(Herr Rinkowski, Herr Bornhorst)<br \/>Tel.: 05434-9249-1811<br \/>Fax: 05434-9249-1813<br \/>eMail: richthof(at)leo-stift.de<\/p><\/div>\n\t\t\t\t<\/div>\n\t\t\t\t<\/div>\n\t\t\t\t\t\t<\/div>\n\t\t\t\t\t<\/div>\n\t\t<\/div>\n\t\t\t\t<div class=\"elementor-column elementor-col-25 elementor-top-column elementor-element elementor-element-3982b9c\" data-id=\"3982b9c\" data-element_type=\"column\">\n\t\t\t<div class=\"elementor-column-wrap elementor-element-populated\">\n\t\t\t\t\t\t\t<div class=\"elementor-widget-wrap\">\n\t\t\t\t\t\t<div class=\"elementor-element elementor-element-5e62070 elementor-widget elementor-widget-text-editor\" data-id=\"5e62070\" data-element_type=\"widget\" data-widget_type=\"text-editor.default\">\n\t\t\t\t<div class=\"elementor-widget-container\">\n\t\t\t\t\t<div class=\"elementor-text-editor elementor-clearfix\"><p><u>Ergotherapie-Halle und Kreativ-Werkstatt:<\/u>\u00a0 <br \/>(Herr Sander)<br \/>Tel.: 05434-8068-966<br \/>Fax: 05434-9406-313<br \/>eMail: halle(at)leo-stift.de<\/p><\/div>\n\t\t\t\t<\/div>\n\t\t\t\t<\/div>\n\t\t\t\t\t\t<\/div>\n\t\t\t\t\t<\/div>\n\t\t<\/div>\n\t\t\t\t\t\t\t\t<\/div>\n\t\t\t\t\t<\/div>\n\t\t<\/section>\n\t\t\t\t<section class=\"elementor-section elementor-top-section elementor-element elementor-element-fb70758 elementor-section-boxed elementor-section-height-default elementor-section-height-default\" data-id=\"fb70758\" data-element_type=\"section\">\n\t\t\t\t\t\t<div class=\"elementor-container elementor-column-gap-default\">\n\t\t\t\t\t\t\t<div class=\"elementor-row\">\n\t\t\t\t\t<div class=\"elementor-column elementor-col-25 elementor-top-column elementor-element elementor-element-3fde974\" data-id=\"3fde974\" data-element_type=\"column\">\n\t\t\t<div class=\"elementor-column-wrap elementor-element-populated\">\n\t\t\t\t\t\t\t<div class=\"elementor-widget-wrap\">\n\t\t\t\t\t\t<div class=\"elementor-element elementor-element-f474a65 elementor-widget elementor-widget-text-editor\" data-id=\"f474a65\" data-element_type=\"widget\" data-widget_type=\"text-editor.default\">\n\t\t\t\t<div class=\"elementor-widget-container\">\n\t\t\t\t\t<div class=\"elementor-text-editor elementor-clearfix\"><p><u>Gesch\u00e4ftsf\u00fchrer:<\/u>\u00a0 <br \/>(Herr Ferneding)<br \/>Tel.: 05434-9406-402<br \/>Fax: 05434-9406-435<br \/>eMail: ferneding(at)leo-stift.de<\/p><\/div>\n\t\t\t\t<\/div>\n\t\t\t\t<\/div>\n\t\t\t\t\t\t<\/div>\n\t\t\t\t\t<\/div>\n\t\t<\/div>\n\t\t\t\t<div class=\"elementor-column elementor-col-25 elementor-top-column elementor-element elementor-element-81e3609\" data-id=\"81e3609\" data-element_type=\"column\">\n\t\t\t<div class=\"elementor-column-wrap elementor-element-populated\">\n\t\t\t\t\t\t\t<div class=\"elementor-widget-wrap\">\n\t\t\t\t\t\t<div class=\"elementor-element elementor-element-99a7026 elementor-widget elementor-widget-text-editor\" data-id=\"99a7026\" data-element_type=\"widget\" data-widget_type=\"text-editor.default\">\n\t\t\t\t<div class=\"elementor-widget-container\">\n\t\t\t\t\t<div class=\"elementor-text-editor elementor-clearfix\"><p>Buchhaltung: <br \/>(Frau B\u00f6ckmann)<br \/>Tel.: 05434-9406-414<br \/>Fax: 05434-9406-435<br \/>eMail: boeckmann(at)leo-stift.de<\/p><\/div>\n\t\t\t\t<\/div>\n\t\t\t\t<\/div>\n\t\t\t\t\t\t<\/div>\n\t\t\t\t\t<\/div>\n\t\t<\/div>\n\t\t\t\t<div class=\"elementor-column elementor-col-25 elementor-top-column elementor-element elementor-element-276b235\" data-id=\"276b235\" data-element_type=\"column\">\n\t\t\t<div class=\"elementor-column-wrap elementor-element-populated\">\n\t\t\t\t\t\t\t<div class=\"elementor-widget-wrap\">\n\t\t\t\t\t\t<div class=\"elementor-element elementor-element-05c5b9e elementor-widget elementor-widget-text-editor\" data-id=\"05c5b9e\" data-element_type=\"widget\" data-widget_type=\"text-editor.default\">\n\t\t\t\t<div class=\"elementor-widget-container\">\n\t\t\t\t\t<div class=\"elementor-text-editor elementor-clearfix\"><p><u>Sozialdienst und ambulante Wohnbetreuung:<\/u><br \/>(Frau Kaarz)<br \/>Tel.: 05434-9406-445<br \/>Fax: 05434-9406-313<br \/>eMail: kaarz(at)leo-stift.de<\/p><\/div>\n\t\t\t\t<\/div>\n\t\t\t\t<\/div>\n\t\t\t\t\t\t<\/div>\n\t\t\t\t\t<\/div>\n\t\t<\/div>\n\t\t\t\t<div class=\"elementor-column elementor-col-25 elementor-top-column elementor-element elementor-element-0dfc4e4\" data-id=\"0dfc4e4\" data-element_type=\"column\">\n\t\t\t<div class=\"elementor-column-wrap elementor-element-populated\">\n\t\t\t\t\t\t\t<div class=\"elementor-widget-wrap\">\n\t\t\t\t\t\t<div class=\"elementor-element elementor-element-f26f366 elementor-widget elementor-widget-text-editor\" data-id=\"f26f366\" data-element_type=\"widget\" data-widget_type=\"text-editor.default\">\n\t\t\t\t<div class=\"elementor-widget-container\">\n\t\t\t\t\t<div class=\"elementor-text-editor elementor-clearfix\"><p><u>Sozialdienst und Frauenbeauftrage:<\/u> <br \/>(Frau Reselage)<br \/>Tel.: 05434-9406-287<br \/>Fax: 05434-9406-313<br \/>eMail: reselage(at)leo-stift.de<\/p><\/div>\n\t\t\t\t<\/div>\n\t\t\t\t<\/div>\n\t\t\t\t\t\t<\/div>\n\t\t\t\t\t<\/div>\n\t\t<\/div>\n\t\t\t\t\t\t\t\t<\/div>\n\t\t\t\t\t<\/div>\n\t\t<\/section>\n\t\t\t\t<section class=\"elementor-section elementor-top-section elementor-element elementor-element-7115105 elementor-section-boxed elementor-section-height-default elementor-section-height-default\" data-id=\"7115105\" data-element_type=\"section\">\n\t\t\t\t\t\t<div class=\"elementor-container elementor-column-gap-default\">\n\t\t\t\t\t\t\t<div class=\"elementor-row\">\n\t\t\t\t\t<div class=\"elementor-column elementor-col-100 elementor-top-column elementor-element elementor-element-e321282\" data-id=\"e321282\" data-element_type=\"column\">\n\t\t\t<div class=\"elementor-column-wrap elementor-element-populated\">\n\t\t\t\t\t\t\t<div class=\"elementor-widget-wrap\">\n\t\t\t\t\t\t<div class=\"elementor-element elementor-element-c20fe19 elementor-widget elementor-widget-image\" data-id=\"c20fe19\" data-element_type=\"widget\" data-widget_type=\"image.default\">\n\t\t\t\t<div class=\"elementor-widget-container\">\n\t\t\t\t\t<div class=\"elementor-image\">\n\t\t\t\t\t\t\t\t\t\t<img src=\"https:\/\/www.leo-stift.de\/fachbereich-leo-stift\/wp-content\/uploads\/elementor\/thumbs\/20200205_143238-scaled-p69waj7wx3702qacqx38105sutosj5fwy6r743w828.jpg\" title=\"20200205_143238\" alt=\"20200205_143238\" \/>\t\t\t\t\t\t\t\t\t\t\t<\/div>\n\t\t\t\t<\/div>\n\t\t\t\t<\/div>\n\t\t\t\t\t\t<\/div>\n\t\t\t\t\t<\/div>\n\t\t<\/div>\n\t\t\t\t\t\t\t\t<\/div>\n\t\t\t\t\t<\/div>\n\t\t<\/section>\n\t\t\t\t\t\t<\/div>\n\t\t\t\t\t\t<\/div>\n\t\t\t\t\t<\/div>\n\t\t","protected":false},"excerpt":{"rendered":"<p>Adresse: St. Leo-Stift gGmbHFachbereich SuchtLangzeiteinrichtung f\u00fcr chronisch mehrfach beeintr\u00e4chtigte Abh\u00e4ngigkeitskrankeBurgstr. 149632 Essen Internet: https:\/\/www.leo-stift.de Facebook: https:\/\/www.facebook.com\/leostift.portfolio.alkoholsucht\/ Instagram: https:\/\/www.instagram.com\/st.leostift.suchtkrankenhilfe\/ \u00a0 Telefonnummern Zentrale \/ Vermittlung:Tel.: 05434-9406-0Fax: 05434-9406-435 Wohnbereiche:Tel.: 05434-9406-301Fax: 05434-9406-313eMail: wb3@leo-stift.de Sozialdienst:(Frau Benz)Tel.: 0160-916-79201Fax: 05434-9406-313eMail: benz(at)leo-stift.de Einrichtungsleiter: (Herr Rohde) Tel.: 05434-9406-306Fax: 05434-9406-313eMail: rohde(at)leo-stift.de Wohnbereichsleitung und Gewaltschutzbeauftragte(Frau Kosche-Plath)Tel.: 05434-9406-289Fax: 05434-9406-313eMail: kosche-plath(at)leo-stift.de Werk- und Montagehalle am Richthof: (Herr Rinkowski, [&hellip;]<\/p>\n","protected":false},"author":1,"featured_media":0,"parent":478,"menu_order":2,"comment_status":"closed","ping_status":"closed","template":"","meta":[],"yst_prominent_words":[83,73,51,94,93,92,76],"_links":{"self":[{"href":"https:\/\/www.leo-stift.de\/fachbereich-leo-stift\/index.php\/wp-json\/wp\/v2\/pages\/474"}],"collection":[{"href":"https:\/\/www.leo-stift.de\/fachbereich-leo-stift\/index.php\/wp-json\/wp\/v2\/pages"}],"about":[{"href":"https:\/\/www.leo-stift.de\/fachbereich-leo-stift\/index.php\/wp-json\/wp\/v2\/types\/page"}],"author":[{"embeddable":true,"href":"https:\/\/www.leo-stift.de\/fachbereich-leo-stift\/index.php\/wp-json\/wp\/v2\/users\/1"}],"replies":[{"embeddable":true,"href":"https:\/\/www.leo-stift.de\/fachbereich-leo-stift\/index.php\/wp-json\/wp\/v2\/comments?post=474"}],"version-history":[{"count":19,"href":"https:\/\/www.leo-stift.de\/fachbereich-leo-stift\/index.php\/wp-json\/wp\/v2\/pages\/474\/revisions"}],"predecessor-version":[{"id":2053,"href":"https:\/\/www.leo-stift.de\/fachbereich-leo-stift\/index.php\/wp-json\/wp\/v2\/pages\/474\/revisions\/2053"}],"up":[{"embeddable":true,"href":"https:\/\/www.leo-stift.de\/fachbereich-leo-stift\/index.php\/wp-json\/wp\/v2\/pages\/478"}],"wp:attachment":[{"href":"https:\/\/www.leo-stift.de\/fachbereich-leo-stift\/index.php\/wp-json\/wp\/v2\/media?parent=474"}],"wp:term":[{"taxonomy":"yst_prominent_words","embeddable":true,"href":"https:\/\/www.leo-stift.de\/fachbereich-leo-stift\/index.php\/wp-json\/wp\/v2\/yst_prominent_words?post=474"}],"curies":[{"name":"wp","href":"https:\/\/api.w.org\/{rel}","templated":true}]}}