{"id":403,"date":"2020-06-02T13:24:27","date_gmt":"2020-06-02T11:24:27","guid":{"rendered":"https:\/\/www.leo-stift.de\/fachbereich-leo-stift\/?page_id=403"},"modified":"2020-08-15T21:06:19","modified_gmt":"2020-08-15T19:06:19","slug":"anfahrt-leichte-sprache","status":"publish","type":"page","link":"https:\/\/www.leo-stift.de\/fachbereich-leo-stift\/index.php\/home-leichte-sprache\/anfahrt-leichte-sprache\/","title":{"rendered":"Anfahrt (leichte Sprache)"},"content":{"rendered":"\t\t<div data-elementor-type=\"wp-page\" data-elementor-id=\"403\" class=\"elementor elementor-403\" data-elementor-settings=\"[]\">\n\t\t\t\t\t\t<div class=\"elementor-inner\">\n\t\t\t\t\t\t\t<div class=\"elementor-section-wrap\">\n\t\t\t\t\t\t\t<section class=\"elementor-section elementor-top-section elementor-element elementor-element-e758d66 elementor-section-boxed elementor-section-height-default elementor-section-height-default\" data-id=\"e758d66\" data-element_type=\"section\">\n\t\t\t\t\t\t<div class=\"elementor-container elementor-column-gap-default\">\n\t\t\t\t\t\t\t<div class=\"elementor-row\">\n\t\t\t\t\t<div class=\"elementor-column elementor-col-100 elementor-top-column elementor-element elementor-element-af0438f\" data-id=\"af0438f\" data-element_type=\"column\">\n\t\t\t<div class=\"elementor-column-wrap elementor-element-populated\">\n\t\t\t\t\t\t\t<div class=\"elementor-widget-wrap\">\n\t\t\t\t\t\t<div class=\"elementor-element elementor-element-510b143 elementor-widget elementor-widget-text-editor\" data-id=\"510b143\" data-element_type=\"widget\" data-widget_type=\"text-editor.default\">\n\t\t\t\t<div class=\"elementor-widget-container\">\n\t\t\t\t\t<div class=\"elementor-text-editor elementor-clearfix\"><p>Die Adressen \u00b4Achterort 18\u00b4 und \u00b4Burgstr. 1\u00b4 beschreiben denselben Geb\u00e4udekomplex. Der Haupteingang des St. Leo-Stiftes wurde im Jahre 2005 verlegt und befindet sich jetzt an der \u00b4Burgstr.1\u00b4. Der alte Eingang lag an der Stra\u00dfenseite \u00b4Achterort 18\u00b4. Daher die verschiedenen Namensbezeichnungen. Die g\u00e4ngigen, handels\u00fcblichen Navigationssysteme mit der jeweils aktuellen Software erkennen beide Adressen.<\/p><p><b>Anreise mit dem PKW:<br \/><\/b>Von Norden fahren Sie mit dem PKW die Bundesstr. B72 bis CLOPPENBURG, den anschlie\u00dfenden Autobahnzubringer, der die Stadt Cloppenburg \u00b4umrundet\u00b4 bis zur Ausfahrt STAPELFELD, dann fahren Sie die B68 in Richtung Osnabr\u00fcck und kommen so direkt in den Ort ESSEN. Sie durchfahren den Ort geradeaus bis Sie kurz vor dem Ortsausgang rechts das Hinweisschild ST. LEO-STIFT erkennen. Dann ist es nicht mehr weit &#8230;<br \/>Von S\u00fcden fahren Sie mit dem PKW die B68 in Richtung CLOPPENBURG bis Sie den Ort ESSEN erreichen. Direkt hinter dem Ortseingang finden Sie links das Hinweisschild ST. LEO-STIFT.<\/p><p>Von Osten fahren Sie die B213 in Richtung CLOPPENBURG, den anschlie\u00dfenden Autobahnzubringer, der die Stadt Cloppenburg \u00b4umrundet\u00b4 bis zur Ausfahrt STAPELFELD, dann fahren Sie die B68 in Richtung Osnabr\u00fcck und kommen so direkt in den Ort ESSEN. Sie durchfahren den Ort geradeaus bis Sie kurz vor dem Ortsausgang rechts das Hinweisschild ST. LEO-STIFT erblicken k\u00f6nnen.<br \/>Von Westen fahren Sie die B213 in Richtung CLOPPENBURG. Kurz vor Cloppenburg biegen Sie rechts auf die B68 in Richtung STAPELFELD \/ OSNABR\u00dcCK bis Sie den Ort ESSEN erreichen. Sie durchfahren den Ort geradeaus bis Sie kurz vor dem Ortsausgang rechts das Hinweisschild ST. LEO-STIFT sehen k\u00f6nnen.<\/p><p><b>Anreise mit der Bahn:<br \/><\/b>Die Bahnlinie OSNABR\u00dcCK \/ OLDENBURG f\u00fchrt direkt durch den Ort ESSEN, der einen eigenen Bahnhof hat. Vom Essener Bahnhof gehen Sie etwa zehn Minuten zu Fu\u00df bis zur Einrichtung (Richtung Ortsmitte, Achterort, dem Stra\u00dfenverlauf nach bis zum ST. LEO-STIFT). Selbstverst\u00e4ndlich k\u00f6nnen wir Sie auch vom Bahnhof abholen &#8230; Anruf gen\u00fcgt !<\/p><\/div>\n\t\t\t\t<\/div>\n\t\t\t\t<\/div>\n\t\t\t\t<div class=\"elementor-element elementor-element-e5072e3 elementor-widget elementor-widget-google_maps\" data-id=\"e5072e3\" data-element_type=\"widget\" data-widget_type=\"google_maps.default\">\n\t\t\t\t<div class=\"elementor-widget-container\">\n\t\t\t<div class=\"elementor-custom-embed\"><iframe frameborder=\"0\" scrolling=\"no\" marginheight=\"0\" marginwidth=\"0\" src=\"https:\/\/maps.google.com\/maps?q=St.%20Leo%20Stift%2C%20Emstek&amp;t=m&amp;z=10&amp;output=embed&amp;iwloc=near\" title=\"St. Leo Stift, Emstek\" aria-label=\"St. Leo Stift, Emstek\"><\/iframe><\/div>\t\t<\/div>\n\t\t\t\t<\/div>\n\t\t\t\t\t\t<\/div>\n\t\t\t\t\t<\/div>\n\t\t<\/div>\n\t\t\t\t\t\t\t\t<\/div>\n\t\t\t\t\t<\/div>\n\t\t<\/section>\n\t\t\t\t\t\t<\/div>\n\t\t\t\t\t\t<\/div>\n\t\t\t\t\t<\/div>\n\t\t","protected":false},"excerpt":{"rendered":"<p>Die Adressen \u00b4Achterort 18\u00b4 und \u00b4Burgstr. 1\u00b4 beschreiben denselben Geb\u00e4udekomplex. Der Haupteingang des St. Leo-Stiftes wurde im Jahre 2005 verlegt und befindet sich jetzt an der \u00b4Burgstr.1\u00b4. Der alte Eingang lag an der Stra\u00dfenseite \u00b4Achterort 18\u00b4. Daher die verschiedenen Namensbezeichnungen. Die g\u00e4ngigen, handels\u00fcblichen Navigationssysteme mit der jeweils aktuellen Software erkennen beide Adressen. Anreise mit dem [&hellip;]<\/p>\n","protected":false},"author":1,"featured_media":0,"parent":478,"menu_order":1,"comment_status":"closed","ping_status":"closed","template":"","meta":[],"yst_prominent_words":[],"_links":{"self":[{"href":"https:\/\/www.leo-stift.de\/fachbereich-leo-stift\/index.php\/wp-json\/wp\/v2\/pages\/403"}],"collection":[{"href":"https:\/\/www.leo-stift.de\/fachbereich-leo-stift\/index.php\/wp-json\/wp\/v2\/pages"}],"about":[{"href":"https:\/\/www.leo-stift.de\/fachbereich-leo-stift\/index.php\/wp-json\/wp\/v2\/types\/page"}],"author":[{"embeddable":true,"href":"https:\/\/www.leo-stift.de\/fachbereich-leo-stift\/index.php\/wp-json\/wp\/v2\/users\/1"}],"replies":[{"embeddable":true,"href":"https:\/\/www.leo-stift.de\/fachbereich-leo-stift\/index.php\/wp-json\/wp\/v2\/comments?post=403"}],"version-history":[{"count":3,"href":"https:\/\/www.leo-stift.de\/fachbereich-leo-stift\/index.php\/wp-json\/wp\/v2\/pages\/403\/revisions"}],"predecessor-version":[{"id":456,"href":"https:\/\/www.leo-stift.de\/fachbereich-leo-stift\/index.php\/wp-json\/wp\/v2\/pages\/403\/revisions\/456"}],"up":[{"embeddable":true,"href":"https:\/\/www.leo-stift.de\/fachbereich-leo-stift\/index.php\/wp-json\/wp\/v2\/pages\/478"}],"wp:attachment":[{"href":"https:\/\/www.leo-stift.de\/fachbereich-leo-stift\/index.php\/wp-json\/wp\/v2\/media?parent=403"}],"wp:term":[{"taxonomy":"yst_prominent_words","embeddable":true,"href":"https:\/\/www.leo-stift.de\/fachbereich-leo-stift\/index.php\/wp-json\/wp\/v2\/yst_prominent_words?post=403"}],"curies":[{"name":"wp","href":"https:\/\/api.w.org\/{rel}","templated":true}]}}