{"id":233,"date":"2019-11-19T06:02:41","date_gmt":"2019-11-19T06:02:41","guid":{"rendered":"https:\/\/www.leo-stift.de\/fachbereich-leo-stift\/index.php\/einrichtung\/leistungen\/"},"modified":"2021-01-06T09:23:45","modified_gmt":"2021-01-06T08:23:45","slug":"leistungen","status":"publish","type":"page","link":"https:\/\/www.leo-stift.de\/fachbereich-leo-stift\/index.php\/einrichtung\/leistungen\/","title":{"rendered":"Leistungen"},"content":{"rendered":"\t\t<div data-elementor-type=\"wp-page\" data-elementor-id=\"233\" class=\"elementor elementor-233\" data-elementor-settings=\"[]\">\n\t\t\t\t\t\t<div class=\"elementor-inner\">\n\t\t\t\t\t\t\t<div class=\"elementor-section-wrap\">\n\t\t\t\t\t\t\t<section class=\"elementor-section elementor-top-section elementor-element elementor-element-30a35e51 elementor-section-boxed elementor-section-height-default elementor-section-height-default\" data-id=\"30a35e51\" data-element_type=\"section\">\n\t\t\t\t\t\t<div class=\"elementor-container elementor-column-gap-default\">\n\t\t\t\t\t\t\t<div class=\"elementor-row\">\n\t\t\t\t\t<div class=\"elementor-column elementor-col-50 elementor-top-column elementor-element elementor-element-5340ee72\" data-id=\"5340ee72\" data-element_type=\"column\">\n\t\t\t<div class=\"elementor-column-wrap elementor-element-populated\">\n\t\t\t\t\t\t\t<div class=\"elementor-widget-wrap\">\n\t\t\t\t\t\t<div class=\"elementor-element elementor-element-4df2caa1 elementor-widget elementor-widget-heading\" data-id=\"4df2caa1\" data-element_type=\"widget\" data-widget_type=\"heading.default\">\n\t\t\t\t<div class=\"elementor-widget-container\">\n\t\t\t<h2 class=\"elementor-heading-title elementor-size-default\">Leistungen<\/h2>\t\t<\/div>\n\t\t\t\t<\/div>\n\t\t\t\t<div class=\"elementor-element elementor-element-59187119 elementor-widget elementor-widget-text-editor\" data-id=\"59187119\" data-element_type=\"widget\" data-widget_type=\"text-editor.default\">\n\t\t\t\t<div class=\"elementor-widget-container\">\n\t\t\t\t\t<div class=\"elementor-text-editor elementor-clearfix\"><p>Die Leistungen unserer Einrichtung lassen sich (zusammengefasst) in folgenden Versorgungsangeboten wiederfinden :<\/p><\/div>\n\t\t\t\t<\/div>\n\t\t\t\t<\/div>\n\t\t\t\t<div class=\"elementor-element elementor-element-539e194 elementor-widget elementor-widget-text-editor\" data-id=\"539e194\" data-element_type=\"widget\" data-widget_type=\"text-editor.default\">\n\t\t\t\t<div class=\"elementor-widget-container\">\n\t\t\t\t\t<div class=\"elementor-text-editor elementor-clearfix\"><ul><li>Wohnangebote in kleinen und gr\u00f6\u00dferen Wohngruppen, Wohngemeinschaften und Trainingswohnungen,<\/li><li>Gestaltung eines suchtmittelfreien Milieus, das sich g\u00fcnstig auf die Entwicklung pers\u00f6nlicher Bew\u00e4ltigungskompetenzen f\u00fcr R\u00fcckfall- und Krisensituationen unserer Bewohner auswirkt,<\/li><li>das Schaffen eines &#8222;Zuhause&#8220;, d.h. die Erm\u00f6glichung eines angemessenen Wohnens in einer angenehmen Atmosph\u00e4re,<\/li><li>Angebote der Tagesstrukturierung (Trennung von Arbeits- und Pausenzeiten, Wiedererlernen eines gesunden Schlaf-Wach-Rhythmus\u00b4 usw.),<\/li><li>Besch\u00e4ftigungsangebote in den Bereichen Industriemontage und Verpackung (heiminterne Werk- und Montagehalle), Kreativwerkstatt, Ergotherapie, Garten- und Gr\u00fcnanlagenpflege, Sp\u00fclk\u00fcche, Cafeteria, Haustechnik und Hausmeisterei, W\u00e4scherei und Hauswirtschaft,<\/li><li>Hilfen bei der Alltagsbew\u00e4ltigung und Selbst\u00e4ndigkeitstraining,<\/li><li>Administrative Unterst\u00fctzung bzw. \u00dcbernahme von T\u00e4tigkeiten (z.B. Realisierung von Leistungsanspr\u00fcchen, Korrespondenz mit Beh\u00f6rden und \u00c4mtern usw.),<\/li><li>Hilfe bei der Regulierung von Schulden, Unterst\u00fctzung bei der Geldverwaltung und Hinf\u00fchrung zu einem angemessenen Umgang mit Geld,<\/li><li>Sicherung und Begleitung der individuellen Basisversorgung,<\/li><li>Anleitung bei der Haushaltsf\u00fchrung (Reinigung des eigenen Wohnraumes, richtige Lagerung von Lebensmitteln, Haushaltsplanung usw.),<\/li><li>F\u00f6rderung der \u00dcbernahme von Eigenverantwortung (Anleitung zur K\u00f6rperhygiene, Beschaffung und Pflege von Bekleidung usw.),<\/li><li>Hilfe bei der Gestaltung sozialer Beziehungen (Kontaktaufnahme und Aufbau von Beziehungen zu Mitbewohnern, Angeh\u00f6rigen, Mitarbeitern, Freunden usw.),<\/li><li>Anleitung bei der Aus\u00fcbung von Rechten und Pflichten innerhalb der Gemeinschaft, F\u00f6rderung der Beziehungs- und Konfliktf\u00e4higkeit durch regelm\u00e4\u00dfige Bewohnerkonferenzen, Beteiligung der Bewohner an der Gestaltung der Hausordnung (Heimbeirat usw.),<\/li><li>Hilfe bei der aktiven Freizeitgestaltung,<\/li><li>Angebote von &#8222;Gehirnjogging&#8220; und Hirnleistungstraining,<\/li><li>Einzelgespr\u00e4che im Rahmen der psychosozialen und sozialp\u00e4dagogischen Einzelfallhilfe,<\/li><li>Individuelle F\u00f6rderplanung (Hilfebedarfsfeststellung, Entwicklung von Perspektiven, Beratung, Aufkl\u00e4rung, Motivation, Anleitung usw.),<\/li><li>Hilfe und Anleitung im Rahmen der elementaren und allgemeinen Verst\u00e4ndigung (Kommunikation mit anderen neu erlernen, Ausdrucksweisen \u00fcben, Empathie trainieren usw.),<\/li><li>Hilfen im psychosozialen Bereich (Krisenbew\u00e4ltigung, R\u00fcckfallprophylaxe und Krisenmanagement, Konfliktbew\u00e4ltigung usw.),<\/li><li>Medizinische Hilfen (Vermittlung von Ma\u00dfnahmen oder therapeutischen Verordnungen, Unterst\u00fctzung eines gesundheitsf\u00f6rdernden Lebensstils, Begleitung, Zuspruch und Motivation usw.),<\/li><li>Lebensbegleitung und Seelsorge,<\/li><li>Vermittlung von suchtspezifischen Angeboten (Kontakt zu Selbsthilfegruppen und Suchtberatungsstellen),<\/li><li>Angebote speziell f\u00fcr Frauen (Frauengruppe, Krebsvorsorge, Thema &#8222;Verh\u00fctung&#8220;, Beauty-Tage usw.),<\/li><li>Anbahnung von Besch\u00e4ftigung, Arbeit, Ausbildung au\u00dferhalb der Einrichtung (z.B. Vermittlung in Praktika und Arbeitserprobungen),<\/li><li>Nachsorge (ambulante Wohnbetreuung und Angebote der externen Tagesstruktur),<\/li><li>Vermittlung von Anschlusshilfen und Auszugsvorbereitungen,<\/li><li>Dokumentation.<\/li><\/ul><div><p>Die Betreuungsleistungen werden durch Information, Bedarfskl\u00e4rung, Beratung und Motivation, Assistenz, Anleitung und Begleitung, Unterst\u00fctzung, teilweise \u00dcbernahme, stellvertretende Durchf\u00fchrung und Behandlung erbracht.<\/p><p>Neben diesen sog. direkten Betreuungsleistungen werden nat\u00fcrlich noch andere Leistungen verwirklicht, wie z.B. die mittelbaren Betreuungsleistungen (Anamnese, Hilfeplanung, Dokumentation, Angeh\u00f6rigenarbeit usw.), indirekte Leistungen (Administration, Austausch und Reflexion mit anderen Leistungsanbietern, Mitwirkung in verschiedenen Arbeitskreisen der regionalen und \u00fcberregionalen Verbundsysteme) usw.<\/p><\/div><div>\u00a0<\/div><div>\u00a0<\/div><div>\u00a0<\/div><\/div>\n\t\t\t\t<\/div>\n\t\t\t\t<\/div>\n\t\t\t\t\t\t<\/div>\n\t\t\t\t\t<\/div>\n\t\t<\/div>\n\t\t\t\t<div class=\"elementor-column elementor-col-50 elementor-top-column elementor-element elementor-element-42974ba3\" data-id=\"42974ba3\" data-element_type=\"column\">\n\t\t\t<div class=\"elementor-column-wrap\">\n\t\t\t\t\t\t\t<div class=\"elementor-widget-wrap\">\n\t\t\t\t\t\t\t\t<\/div>\n\t\t\t\t\t<\/div>\n\t\t<\/div>\n\t\t\t\t\t\t\t\t<\/div>\n\t\t\t\t\t<\/div>\n\t\t<\/section>\n\t\t\t\t<section class=\"elementor-section elementor-top-section elementor-element elementor-element-c8deef7 elementor-section-boxed elementor-section-height-default elementor-section-height-default\" data-id=\"c8deef7\" data-element_type=\"section\">\n\t\t\t\t\t\t<div class=\"elementor-container elementor-column-gap-default\">\n\t\t\t\t\t\t\t<div class=\"elementor-row\">\n\t\t\t\t\t<div class=\"elementor-column elementor-col-100 elementor-top-column elementor-element elementor-element-2d3b8a8\" data-id=\"2d3b8a8\" data-element_type=\"column\">\n\t\t\t<div class=\"elementor-column-wrap elementor-element-populated\">\n\t\t\t\t\t\t\t<div class=\"elementor-widget-wrap\">\n\t\t\t\t\t\t<div class=\"elementor-element elementor-element-268cb79 elementor-widget elementor-widget-image\" data-id=\"268cb79\" data-element_type=\"widget\" data-widget_type=\"image.default\">\n\t\t\t\t<div class=\"elementor-widget-container\">\n\t\t\t\t\t<div class=\"elementor-image\">\n\t\t\t\t\t\t\t\t\t\t<img loading=\"lazy\" decoding=\"async\" width=\"768\" height=\"432\" src=\"https:\/\/www.leo-stift.de\/fachbereich-leo-stift\/wp-content\/uploads\/2021\/01\/buero5-768x432.jpg\" class=\"attachment-medium_large size-medium_large\" alt=\"\" srcset=\"https:\/\/www.leo-stift.de\/fachbereich-leo-stift\/wp-content\/uploads\/2021\/01\/buero5-768x432.jpg 768w, https:\/\/www.leo-stift.de\/fachbereich-leo-stift\/wp-content\/uploads\/2021\/01\/buero5-300x169.jpg 300w, https:\/\/www.leo-stift.de\/fachbereich-leo-stift\/wp-content\/uploads\/2021\/01\/buero5-1024x576.jpg 1024w, https:\/\/www.leo-stift.de\/fachbereich-leo-stift\/wp-content\/uploads\/2021\/01\/buero5.jpg 1067w\" sizes=\"auto, (max-width: 768px) 100vw, 768px\" \/>\t\t\t\t\t\t\t\t\t\t\t<\/div>\n\t\t\t\t<\/div>\n\t\t\t\t<\/div>\n\t\t\t\t\t\t<\/div>\n\t\t\t\t\t<\/div>\n\t\t<\/div>\n\t\t\t\t\t\t\t\t<\/div>\n\t\t\t\t\t<\/div>\n\t\t<\/section>\n\t\t\t\t\t\t<\/div>\n\t\t\t\t\t\t<\/div>\n\t\t\t\t\t<\/div>\n\t\t","protected":false},"excerpt":{"rendered":"<p>Leistungen Die Leistungen unserer Einrichtung lassen sich (zusammengefasst) in folgenden Versorgungsangeboten wiederfinden : Wohnangebote in kleinen und gr\u00f6\u00dferen Wohngruppen, Wohngemeinschaften und Trainingswohnungen, Gestaltung eines suchtmittelfreien Milieus, das sich g\u00fcnstig auf die Entwicklung pers\u00f6nlicher Bew\u00e4ltigungskompetenzen f\u00fcr R\u00fcckfall- und Krisensituationen unserer Bewohner auswirkt, das Schaffen eines &#8222;Zuhause&#8220;, d.h. die Erm\u00f6glichung eines angemessenen Wohnens in einer angenehmen Atmosph\u00e4re, [&hellip;]<\/p>\n","protected":false},"author":1,"featured_media":0,"parent":15,"menu_order":7,"comment_status":"closed","ping_status":"closed","template":"","meta":{"ocean_post_layout":"full-width","ocean_both_sidebars_style":"","ocean_both_sidebars_content_width":0,"ocean_both_sidebars_sidebars_width":0,"ocean_sidebar":"0","ocean_second_sidebar":"0","ocean_disable_margins":"enable","ocean_add_body_class":"","ocean_shortcode_before_top_bar":"","ocean_shortcode_after_top_bar":"","ocean_shortcode_before_header":"","ocean_shortcode_after_header":"","ocean_has_shortcode":"","ocean_shortcode_after_title":"","ocean_shortcode_before_footer_widgets":"","ocean_shortcode_after_footer_widgets":"","ocean_shortcode_before_footer_bottom":"","ocean_shortcode_after_footer_bottom":"","ocean_display_top_bar":"off","ocean_display_header":"default","ocean_header_style":"","ocean_center_header_left_menu":"0","ocean_custom_header_template":"0","ocean_custom_logo":0,"ocean_custom_retina_logo":0,"ocean_custom_logo_max_width":0,"ocean_custom_logo_tablet_max_width":0,"ocean_custom_logo_mobile_max_width":0,"ocean_custom_logo_max_height":0,"ocean_custom_logo_tablet_max_height":0,"ocean_custom_logo_mobile_max_height":0,"ocean_header_custom_menu":"0","ocean_menu_typo_font_family":"0","ocean_menu_typo_font_subset":"","ocean_menu_typo_font_size":0,"ocean_menu_typo_font_size_tablet":0,"ocean_menu_typo_font_size_mobile":0,"ocean_menu_typo_font_size_unit":"px","ocean_menu_typo_font_weight":"","ocean_menu_typo_font_weight_tablet":"","ocean_menu_typo_font_weight_mobile":"","ocean_menu_typo_transform":"","ocean_menu_typo_transform_tablet":"","ocean_menu_typo_transform_mobile":"","ocean_menu_typo_line_height":0,"ocean_menu_typo_line_height_tablet":0,"ocean_menu_typo_line_height_mobile":0,"ocean_menu_typo_line_height_unit":"","ocean_menu_typo_spacing":0,"ocean_menu_typo_spacing_tablet":0,"ocean_menu_typo_spacing_mobile":0,"ocean_menu_typo_spacing_unit":"","ocean_menu_link_color":"","ocean_menu_link_color_hover":"","ocean_menu_link_color_active":"","ocean_menu_link_background":"","ocean_menu_link_hover_background":"","ocean_menu_link_active_background":"","ocean_menu_social_links_bg":"","ocean_menu_social_hover_links_bg":"","ocean_menu_social_links_color":"","ocean_menu_social_hover_links_color":"","ocean_disable_title":"on","ocean_disable_heading":"default","ocean_post_title":"","ocean_post_subheading":"","ocean_post_title_style":"","ocean_post_title_background_color":"","ocean_post_title_background":0,"ocean_post_title_bg_image_position":"","ocean_post_title_bg_image_attachment":"","ocean_post_title_bg_image_repeat":"","ocean_post_title_bg_image_size":"","ocean_post_title_height":0,"ocean_post_title_bg_overlay":0.5,"ocean_post_title_bg_overlay_color":"","ocean_disable_breadcrumbs":"default","ocean_breadcrumbs_color":"","ocean_breadcrumbs_separator_color":"","ocean_breadcrumbs_links_color":"","ocean_breadcrumbs_links_hover_color":"","ocean_display_footer_widgets":"default","ocean_display_footer_bottom":"default","ocean_custom_footer_template":"0","footnotes":""},"yst_prominent_words":[],"class_list":["post-233","page","type-page","status-publish","hentry","entry"],"_links":{"self":[{"href":"https:\/\/www.leo-stift.de\/fachbereich-leo-stift\/index.php\/wp-json\/wp\/v2\/pages\/233","targetHints":{"allow":["GET"]}}],"collection":[{"href":"https:\/\/www.leo-stift.de\/fachbereich-leo-stift\/index.php\/wp-json\/wp\/v2\/pages"}],"about":[{"href":"https:\/\/www.leo-stift.de\/fachbereich-leo-stift\/index.php\/wp-json\/wp\/v2\/types\/page"}],"author":[{"embeddable":true,"href":"https:\/\/www.leo-stift.de\/fachbereich-leo-stift\/index.php\/wp-json\/wp\/v2\/users\/1"}],"replies":[{"embeddable":true,"href":"https:\/\/www.leo-stift.de\/fachbereich-leo-stift\/index.php\/wp-json\/wp\/v2\/comments?post=233"}],"version-history":[{"count":8,"href":"https:\/\/www.leo-stift.de\/fachbereich-leo-stift\/index.php\/wp-json\/wp\/v2\/pages\/233\/revisions"}],"predecessor-version":[{"id":1205,"href":"https:\/\/www.leo-stift.de\/fachbereich-leo-stift\/index.php\/wp-json\/wp\/v2\/pages\/233\/revisions\/1205"}],"up":[{"embeddable":true,"href":"https:\/\/www.leo-stift.de\/fachbereich-leo-stift\/index.php\/wp-json\/wp\/v2\/pages\/15"}],"wp:attachment":[{"href":"https:\/\/www.leo-stift.de\/fachbereich-leo-stift\/index.php\/wp-json\/wp\/v2\/media?parent=233"}],"wp:term":[{"taxonomy":"yst_prominent_words","embeddable":true,"href":"https:\/\/www.leo-stift.de\/fachbereich-leo-stift\/index.php\/wp-json\/wp\/v2\/yst_prominent_words?post=233"}],"curies":[{"name":"wp","href":"https:\/\/api.w.org\/{rel}","templated":true}]}}