{"id":232,"date":"2019-11-19T06:02:41","date_gmt":"2019-11-19T06:02:41","guid":{"rendered":"https:\/\/www.leo-stift.de\/fachbereich-leo-stift\/index.php\/einrichtung\/inhalte-und-ziele\/"},"modified":"2021-01-06T09:17:18","modified_gmt":"2021-01-06T08:17:18","slug":"inhalte-und-ziele","status":"publish","type":"page","link":"https:\/\/www.leo-stift.de\/fachbereich-leo-stift\/index.php\/einrichtung\/inhalte-und-ziele\/","title":{"rendered":"Inhalte und Ziele"},"content":{"rendered":"\t\t<div data-elementor-type=\"wp-page\" data-elementor-id=\"232\" class=\"elementor elementor-232\" data-elementor-settings=\"[]\">\n\t\t\t\t\t\t<div class=\"elementor-inner\">\n\t\t\t\t\t\t\t<div class=\"elementor-section-wrap\">\n\t\t\t\t\t\t\t<section class=\"elementor-section elementor-top-section elementor-element elementor-element-3770a3bc elementor-section-boxed elementor-section-height-default elementor-section-height-default\" data-id=\"3770a3bc\" data-element_type=\"section\">\n\t\t\t\t\t\t<div class=\"elementor-container elementor-column-gap-default\">\n\t\t\t\t\t\t\t<div class=\"elementor-row\">\n\t\t\t\t\t<div class=\"elementor-column elementor-col-50 elementor-top-column elementor-element elementor-element-28bb9bed\" data-id=\"28bb9bed\" data-element_type=\"column\">\n\t\t\t<div class=\"elementor-column-wrap elementor-element-populated\">\n\t\t\t\t\t\t\t<div class=\"elementor-widget-wrap\">\n\t\t\t\t\t\t<div class=\"elementor-element elementor-element-75aa845c elementor-widget elementor-widget-heading\" data-id=\"75aa845c\" data-element_type=\"widget\" data-widget_type=\"heading.default\">\n\t\t\t\t<div class=\"elementor-widget-container\">\n\t\t\t<h2 class=\"elementor-heading-title elementor-size-default\">Inhalte und Ziele\n<\/h2>\t\t<\/div>\n\t\t\t\t<\/div>\n\t\t\t\t<div class=\"elementor-element elementor-element-2d50ada9 elementor-widget elementor-widget-text-editor\" data-id=\"2d50ada9\" data-element_type=\"widget\" data-widget_type=\"text-editor.default\">\n\t\t\t\t<div class=\"elementor-widget-container\">\n\t\t\t\t\t<div class=\"elementor-text-editor elementor-clearfix\"><p>Das St. Leo-Stift ist eine Einrichtung der Behindertenhilfe. Die &#8222;Eingliederungshilfe&#8220;, die in den Sozialgesetzb\u00fcchern beschrieben wird, hat prim\u00e4r eine &#8222;Auffangfunktion&#8220;, die im Nachrang der Sozialhilfe im System der Sozialgesetze begr\u00fcndet ist. Sie umfasst grunds\u00e4tzlich zwei Aufgabenbereiche:<\/p><p>Zum einen soll eine drohende Behinderung verh\u00fctet werden, zum anderen soll eine bereits vorhandene Behinderung oder deren Folgen beseitigt oder gemildert werden. Hierbei stehen im Vordergrund vor allem, dem Behinderten die Teilnahme am Leben in sozialen Verb\u00e4nden zu erm\u00f6glichen bzw. zu erhalten oder zu erleichtern, ihm die Aus\u00fcbung einer ad\u00e4quaten T\u00e4tigkeit zu erm\u00f6glichen und ihn soweit wie m\u00f6glich unabh\u00e4ngig von Pflege zu machen.<\/p><\/div>\n\t\t\t\t<\/div>\n\t\t\t\t<\/div>\n\t\t\t\t<div class=\"elementor-element elementor-element-8fe6f18 elementor-widget elementor-widget-text-editor\" data-id=\"8fe6f18\" data-element_type=\"widget\" data-widget_type=\"text-editor.default\">\n\t\t\t\t<div class=\"elementor-widget-container\">\n\t\t\t\t\t<div class=\"elementor-text-editor elementor-clearfix\"><p>Aufgabe unserer Langzeiteinrichtung f\u00fcr chronisch mehrfach beeintr\u00e4chtigte, alkoholkranke Menschen ist es also einerseits, unsere Klienten zu bef\u00e4higen, m\u00f6glichst weitgehend und dauerhaft am Leben in der Gesellschaft teilzunehmen und andererseits, sie vor weiteren seelischen und k\u00f6rperlichen Sch\u00e4digungen zu bewahren.<\/p><p>Die Konzeption f\u00fcr das Hilfeangebot ist &#8211; neben der Basisversorgung &#8211; also auf die Wiederherstellung gr\u00f6\u00dftm\u00f6glicher Eigenkompetenz bei weitgehend selbst\u00e4ndiger Lebensf\u00fchrung ausgerichtet. Die aus dieser Grundidee abgeleiteten Inhalte und Ziele der Einrichtung St. Leo-Stift lassen sich stichpunktartig wie folgt aufzeigen:<\/p><ul><li>Verh\u00fctung, Milderung oder Beseitigung der krankheits- und behinderungsbedingten Beeintr\u00e4chtigungen und ihrer Folgen<\/li><li>die k\u00f6rperliche Erholung und Verbesserung des Allgemeinzustandes,<\/li><li>die psychische und soziale Stabilisierung<\/li><li>das Erlernen der Verselbst\u00e4ndigung<\/li><li>das Erreichen einer m\u00f6glichst weitgehenden Selbst\u00e4ndigkeit (Wohnen, Arbeit, Freizeitgestaltung usw.)<\/li><li>das Wiedererlernen einer sinnvollen Tagesstruktur mittels produktiver T\u00e4tigkeiten<\/li><li>die m\u00f6glichst eigenst\u00e4ndige Lebensf\u00fchrung und Verantwortungs\u00fcbernahme<\/li><li>die Zur\u00fcckgewinnung der lebenspraktischen Kompetenz<\/li><li>die Entwicklung eines Realit\u00e4tsbewu\u00dftseins<\/li><li>die Entwicklung von pers\u00f6nlichen Lebensperspektiven<\/li><li>die Partizipation am Leben innerhalb von Gemeinschaften<\/li><li>der Umgang und die Bew\u00e4ltigung von Situationen, in denen sonst getrunken wurde.<\/li><\/ul><\/div>\n\t\t\t\t<\/div>\n\t\t\t\t<\/div>\n\t\t\t\t<div class=\"elementor-element elementor-element-4724620 elementor-widget elementor-widget-text-editor\" data-id=\"4724620\" data-element_type=\"widget\" data-widget_type=\"text-editor.default\">\n\t\t\t\t<div class=\"elementor-widget-container\">\n\t\t\t\t\t<div class=\"elementor-text-editor elementor-clearfix\"><p>Grunds\u00e4tzlich basiert das System der Betreuung im St. Leo-Stift aus einer Kombination von verbindlichen Regeln, die im Falle des Versto\u00dfes sanktioniert werden, und Verabredungen bzw. Vereinbarungen, die zwischen dem Personal und den einzelnen Bewohnern getroffen werden. Im Vordergrund der \u00dcberlegungen stehen dabei sowohl Gedanken einer Heim-Atmosph\u00e4re, die aktiv vom Bewohner mitgestaltet werden kann, als auch ein h\u00f6chstm\u00f6gliches Ma\u00df an Selbstbestimmung, Respekt und Eigenverantwortlichkeit, die an den Bewohner (zur\u00fcck)gegeben werden soll.<\/p>\n<p>Wir haben somit auf der einen Seite klare Regeln, die als Orientierung dienen sollen und die Grundlage des Zusammenlebens darstellen. Auf der anderen Seite k\u00f6nnen diese Grundregeln mit Hilfe von Vereinbarungen dynamisch an die individuellen Bed\u00fcrfnisse der Bewohner angepasst werden, ohne dass gegen sie versto\u00dfen wird. In diesem Sinne versuchen wir &#8211; wie &#8222;drau\u00dfen&#8220; auch &#8211; eine gesunde und vertrauensvolle Basis f\u00fcr ein gemeinsames Leben in Gemeinschaft zu schaffen.<\/p><\/div>\n\t\t\t\t<\/div>\n\t\t\t\t<\/div>\n\t\t\t\t\t\t<\/div>\n\t\t\t\t\t<\/div>\n\t\t<\/div>\n\t\t\t\t<div class=\"elementor-column elementor-col-50 elementor-top-column elementor-element elementor-element-64603992\" data-id=\"64603992\" data-element_type=\"column\">\n\t\t\t<div class=\"elementor-column-wrap\">\n\t\t\t\t\t\t\t<div class=\"elementor-widget-wrap\">\n\t\t\t\t\t\t\t\t<\/div>\n\t\t\t\t\t<\/div>\n\t\t<\/div>\n\t\t\t\t\t\t\t\t<\/div>\n\t\t\t\t\t<\/div>\n\t\t<\/section>\n\t\t\t\t<section class=\"elementor-section elementor-top-section elementor-element elementor-element-776199e elementor-section-boxed elementor-section-height-default elementor-section-height-default\" data-id=\"776199e\" data-element_type=\"section\">\n\t\t\t\t\t\t<div class=\"elementor-container elementor-column-gap-default\">\n\t\t\t\t\t\t\t<div class=\"elementor-row\">\n\t\t\t\t\t<div class=\"elementor-column elementor-col-100 elementor-top-column elementor-element elementor-element-2c55095\" data-id=\"2c55095\" data-element_type=\"column\">\n\t\t\t<div class=\"elementor-column-wrap elementor-element-populated\">\n\t\t\t\t\t\t\t<div class=\"elementor-widget-wrap\">\n\t\t\t\t\t\t<div class=\"elementor-element elementor-element-d8a6dd0 elementor-widget elementor-widget-image\" data-id=\"d8a6dd0\" data-element_type=\"widget\" data-widget_type=\"image.default\">\n\t\t\t\t<div class=\"elementor-widget-container\">\n\t\t\t\t\t<div class=\"elementor-image\">\n\t\t\t\t\t\t\t\t\t\t<img loading=\"lazy\" decoding=\"async\" width=\"768\" height=\"432\" src=\"https:\/\/www.leo-stift.de\/fachbereich-leo-stift\/wp-content\/uploads\/2020\/12\/20201215_140448-768x432.jpg\" class=\"attachment-medium_large size-medium_large\" alt=\"\" srcset=\"https:\/\/www.leo-stift.de\/fachbereich-leo-stift\/wp-content\/uploads\/2020\/12\/20201215_140448-768x432.jpg 768w, https:\/\/www.leo-stift.de\/fachbereich-leo-stift\/wp-content\/uploads\/2020\/12\/20201215_140448-300x169.jpg 300w, https:\/\/www.leo-stift.de\/fachbereich-leo-stift\/wp-content\/uploads\/2020\/12\/20201215_140448-1024x576.jpg 1024w, https:\/\/www.leo-stift.de\/fachbereich-leo-stift\/wp-content\/uploads\/2020\/12\/20201215_140448.jpg 1067w\" sizes=\"auto, (max-width: 768px) 100vw, 768px\" \/>\t\t\t\t\t\t\t\t\t\t\t<\/div>\n\t\t\t\t<\/div>\n\t\t\t\t<\/div>\n\t\t\t\t\t\t<\/div>\n\t\t\t\t\t<\/div>\n\t\t<\/div>\n\t\t\t\t\t\t\t\t<\/div>\n\t\t\t\t\t<\/div>\n\t\t<\/section>\n\t\t\t\t\t\t<\/div>\n\t\t\t\t\t\t<\/div>\n\t\t\t\t\t<\/div>\n\t\t","protected":false},"excerpt":{"rendered":"<p>Inhalte und Ziele Das St. Leo-Stift ist eine Einrichtung der Behindertenhilfe. Die &#8222;Eingliederungshilfe&#8220;, die in den Sozialgesetzb\u00fcchern beschrieben wird, hat prim\u00e4r eine &#8222;Auffangfunktion&#8220;, die im Nachrang der Sozialhilfe im System der Sozialgesetze begr\u00fcndet ist. Sie umfasst grunds\u00e4tzlich zwei Aufgabenbereiche: Zum einen soll eine drohende Behinderung verh\u00fctet werden, zum anderen soll eine bereits vorhandene Behinderung oder [&hellip;]<\/p>\n","protected":false},"author":1,"featured_media":0,"parent":15,"menu_order":6,"comment_status":"closed","ping_status":"closed","template":"","meta":{"ocean_post_layout":"full-width","ocean_both_sidebars_style":"","ocean_both_sidebars_content_width":0,"ocean_both_sidebars_sidebars_width":0,"ocean_sidebar":"0","ocean_second_sidebar":"0","ocean_disable_margins":"enable","ocean_add_body_class":"","ocean_shortcode_before_top_bar":"","ocean_shortcode_after_top_bar":"","ocean_shortcode_before_header":"","ocean_shortcode_after_header":"","ocean_has_shortcode":"","ocean_shortcode_after_title":"","ocean_shortcode_before_footer_widgets":"","ocean_shortcode_after_footer_widgets":"","ocean_shortcode_before_footer_bottom":"","ocean_shortcode_after_footer_bottom":"","ocean_display_top_bar":"off","ocean_display_header":"default","ocean_header_style":"","ocean_center_header_left_menu":"0","ocean_custom_header_template":"0","ocean_custom_logo":0,"ocean_custom_retina_logo":0,"ocean_custom_logo_max_width":0,"ocean_custom_logo_tablet_max_width":0,"ocean_custom_logo_mobile_max_width":0,"ocean_custom_logo_max_height":0,"ocean_custom_logo_tablet_max_height":0,"ocean_custom_logo_mobile_max_height":0,"ocean_header_custom_menu":"0","ocean_menu_typo_font_family":"0","ocean_menu_typo_font_subset":"","ocean_menu_typo_font_size":0,"ocean_menu_typo_font_size_tablet":0,"ocean_menu_typo_font_size_mobile":0,"ocean_menu_typo_font_size_unit":"px","ocean_menu_typo_font_weight":"","ocean_menu_typo_font_weight_tablet":"","ocean_menu_typo_font_weight_mobile":"","ocean_menu_typo_transform":"","ocean_menu_typo_transform_tablet":"","ocean_menu_typo_transform_mobile":"","ocean_menu_typo_line_height":0,"ocean_menu_typo_line_height_tablet":0,"ocean_menu_typo_line_height_mobile":0,"ocean_menu_typo_line_height_unit":"","ocean_menu_typo_spacing":0,"ocean_menu_typo_spacing_tablet":0,"ocean_menu_typo_spacing_mobile":0,"ocean_menu_typo_spacing_unit":"","ocean_menu_link_color":"","ocean_menu_link_color_hover":"","ocean_menu_link_color_active":"","ocean_menu_link_background":"","ocean_menu_link_hover_background":"","ocean_menu_link_active_background":"","ocean_menu_social_links_bg":"","ocean_menu_social_hover_links_bg":"","ocean_menu_social_links_color":"","ocean_menu_social_hover_links_color":"","ocean_disable_title":"on","ocean_disable_heading":"default","ocean_post_title":"","ocean_post_subheading":"","ocean_post_title_style":"","ocean_post_title_background_color":"","ocean_post_title_background":0,"ocean_post_title_bg_image_position":"","ocean_post_title_bg_image_attachment":"","ocean_post_title_bg_image_repeat":"","ocean_post_title_bg_image_size":"","ocean_post_title_height":0,"ocean_post_title_bg_overlay":0.5,"ocean_post_title_bg_overlay_color":"","ocean_disable_breadcrumbs":"default","ocean_breadcrumbs_color":"","ocean_breadcrumbs_separator_color":"","ocean_breadcrumbs_links_color":"","ocean_breadcrumbs_links_hover_color":"","ocean_display_footer_widgets":"default","ocean_display_footer_bottom":"default","ocean_custom_footer_template":"0","footnotes":""},"yst_prominent_words":[],"class_list":["post-232","page","type-page","status-publish","hentry","entry"],"_links":{"self":[{"href":"https:\/\/www.leo-stift.de\/fachbereich-leo-stift\/index.php\/wp-json\/wp\/v2\/pages\/232","targetHints":{"allow":["GET"]}}],"collection":[{"href":"https:\/\/www.leo-stift.de\/fachbereich-leo-stift\/index.php\/wp-json\/wp\/v2\/pages"}],"about":[{"href":"https:\/\/www.leo-stift.de\/fachbereich-leo-stift\/index.php\/wp-json\/wp\/v2\/types\/page"}],"author":[{"embeddable":true,"href":"https:\/\/www.leo-stift.de\/fachbereich-leo-stift\/index.php\/wp-json\/wp\/v2\/users\/1"}],"replies":[{"embeddable":true,"href":"https:\/\/www.leo-stift.de\/fachbereich-leo-stift\/index.php\/wp-json\/wp\/v2\/comments?post=232"}],"version-history":[{"count":8,"href":"https:\/\/www.leo-stift.de\/fachbereich-leo-stift\/index.php\/wp-json\/wp\/v2\/pages\/232\/revisions"}],"predecessor-version":[{"id":1201,"href":"https:\/\/www.leo-stift.de\/fachbereich-leo-stift\/index.php\/wp-json\/wp\/v2\/pages\/232\/revisions\/1201"}],"up":[{"embeddable":true,"href":"https:\/\/www.leo-stift.de\/fachbereich-leo-stift\/index.php\/wp-json\/wp\/v2\/pages\/15"}],"wp:attachment":[{"href":"https:\/\/www.leo-stift.de\/fachbereich-leo-stift\/index.php\/wp-json\/wp\/v2\/media?parent=232"}],"wp:term":[{"taxonomy":"yst_prominent_words","embeddable":true,"href":"https:\/\/www.leo-stift.de\/fachbereich-leo-stift\/index.php\/wp-json\/wp\/v2\/yst_prominent_words?post=232"}],"curies":[{"name":"wp","href":"https:\/\/api.w.org\/{rel}","templated":true}]}}