{"id":231,"date":"2019-11-19T06:02:40","date_gmt":"2019-11-19T06:02:40","guid":{"rendered":"https:\/\/www.leo-stift.de\/fachbereich-leo-stift\/index.php\/einrichtung\/klientel-und-kostentraeger\/"},"modified":"2021-01-06T09:07:56","modified_gmt":"2021-01-06T08:07:56","slug":"klientel-und-kostentraeger","status":"publish","type":"page","link":"https:\/\/www.leo-stift.de\/fachbereich-leo-stift\/index.php\/einrichtung\/klientel-und-kostentraeger\/","title":{"rendered":"Klientel und Kostentr\u00e4ger"},"content":{"rendered":"\t\t<div data-elementor-type=\"wp-page\" data-elementor-id=\"231\" class=\"elementor elementor-231\" data-elementor-settings=\"[]\">\n\t\t\t\t\t\t<div class=\"elementor-inner\">\n\t\t\t\t\t\t\t<div class=\"elementor-section-wrap\">\n\t\t\t\t\t\t\t<section class=\"elementor-section elementor-top-section elementor-element elementor-element-1745042c elementor-section-boxed elementor-section-height-default elementor-section-height-default\" data-id=\"1745042c\" data-element_type=\"section\">\n\t\t\t\t\t\t<div class=\"elementor-container elementor-column-gap-default\">\n\t\t\t\t\t\t\t<div class=\"elementor-row\">\n\t\t\t\t\t<div class=\"elementor-column elementor-col-50 elementor-top-column elementor-element elementor-element-7ab5e908\" data-id=\"7ab5e908\" data-element_type=\"column\">\n\t\t\t<div class=\"elementor-column-wrap elementor-element-populated\">\n\t\t\t\t\t\t\t<div class=\"elementor-widget-wrap\">\n\t\t\t\t\t\t<div class=\"elementor-element elementor-element-6dec115a elementor-widget elementor-widget-heading\" data-id=\"6dec115a\" data-element_type=\"widget\" data-widget_type=\"heading.default\">\n\t\t\t\t<div class=\"elementor-widget-container\">\n\t\t\t<h2 class=\"elementor-heading-title elementor-size-default\">Klientel und Kostentr\u00e4ger\n<\/h2>\t\t<\/div>\n\t\t\t\t<\/div>\n\t\t\t\t<div class=\"elementor-element elementor-element-62923d75 elementor-widget elementor-widget-text-editor\" data-id=\"62923d75\" data-element_type=\"widget\" data-widget_type=\"text-editor.default\">\n\t\t\t\t<div class=\"elementor-widget-container\">\n\t\t\t\t\t<div class=\"elementor-text-editor elementor-clearfix\"><p>Das St. Leo-Stift wurde 1976 als sog. flankierende Einrichtung der ehemaligen nieders\u00e4chsischen Landeskrankenh\u00e4user &#8222;Wehnen&#8220; und &#8222;Osnabr\u00fcck&#8220; geschaffen und wird dementsprechend immer noch mit der Klientel aus den Einzugsgebieten dieser mittlerweile privatisierten Krankenh\u00e4user belegt. Die Vermittlung der potentiellen Bewohner findet aber nat\u00fcrlich auch \u00fcber Kontakte zu anderen psychiatrischen Kliniken, Betreuern, Suchtberatungsstellen, sozialpsychiatrische Dienste, Wohnheimen, Entw\u00f6hnungsst\u00e4tten oder auch Akutkrankenh\u00e4usern statt.<\/p><p>Das St. Leo-Stift ist kein Krankenhaus. Zust\u00e4ndige Kostentr\u00e4ger sind dementsprechend die Tr\u00e4ger der Eingliederungshilfe (Sozial\u00e4mter) und nicht die Krankenkassen. Im St. Leo-Stift kann man nicht entgiften. Wir haben keine M\u00f6glichkeit zum klinischen Entzug bzw. zur akuten Entgiftung. Jeder, der zu uns kommen m\u00f6chte, muss also bereits &#8222;frisch entgiftet&#8220; sein.<\/p><\/div>\n\t\t\t\t<\/div>\n\t\t\t\t<\/div>\n\t\t\t\t<div class=\"elementor-element elementor-element-530a9d3 elementor-widget elementor-widget-text-editor\" data-id=\"530a9d3\" data-element_type=\"widget\" data-widget_type=\"text-editor.default\">\n\t\t\t\t<div class=\"elementor-widget-container\">\n\t\t\t\t\t<div class=\"elementor-text-editor elementor-clearfix\"><p>Aufgenommen werden vollj\u00e4hrige Frauen und M\u00e4nner, die chronisch alkoholabh\u00e4ngig sind (ICD 10: F10.2) und aufgrund der Alkoholkrankheit und den damit verbundenen St\u00f6rungen nicht mehr in der Lage sind, ihr Leben eigenst\u00e4ndig zu gestalten und die allt\u00e4glichen Probleme zu meistern. Die Symptome sind vielf\u00e4ltig und haben durchaus unterschiedliche Schweregrade. Letztlich k\u00f6nnen sich die Betroffenen, die zu uns kommen, aber alle aufgrund der fortgeschrittenen Suchterkrankung nicht mehr eigenst\u00e4ndig versorgen und ihr Leben selbstverantwortlich organisieren. Ebenso k\u00f6nnen sie aufgrund der Chronifizierung eine Ver\u00e4nderung der akuten und (fast immer) bedrohlichen Lebenssituation nicht mehr aus eigener Kraft herbeif\u00fchren. Sie sind gefangen in dem bekannten Teufelskreis von Abstinenzversuch &#8211; R\u00fcckfall &#8211; Absturz &#8211; Entgiftung &#8211; erneuter Abstinenzversuch &#8211; erneuter R\u00fcckfall &#8211; erneuter Absturz &#8211; erneute Entgiftung usw. \u00dcblicherweise hat der betroffene Personenkreis bereits mehrere station\u00e4re Entgiftungen ohne langfristigen Abstinenzerfolg durchlaufen und verschiedene erfolglose bzw. unterbrochene Therapieversuche erlebt. Arbeitslosigkeit, ein insgesamt schlechter Allgemeinzustand, Isolation, soziale Vereinsamung, Gef\u00fchle von Sinnlosigkeit und Traurigkeit, Angst, Mutlosigkeit, Verlassenheit usw. verst\u00e4rken diesen Teufelskreis zus\u00e4tzlich.<\/p><\/div>\n\t\t\t\t<\/div>\n\t\t\t\t<\/div>\n\t\t\t\t<div class=\"elementor-element elementor-element-3bfd312 elementor-widget elementor-widget-text-editor\" data-id=\"3bfd312\" data-element_type=\"widget\" data-widget_type=\"text-editor.default\">\n\t\t\t\t<div class=\"elementor-widget-container\">\n\t\t\t\t\t<div class=\"elementor-text-editor elementor-clearfix\"><p>Die Bewohner, die aufgenommen werden sollen, m\u00fcssen jedoch physisch, psychisch und sozial noch eine Gesamtverfassung aufweisen, die eine regelm\u00e4\u00dfige Teilnahme an den Besch\u00e4ftigungsangeboten erm\u00f6glicht, da diesen im Hinblick auf den geregelten strukturierten Tagesablauf ein hoher Stellenwert zugeschrieben wird.<\/p><p>Entsprechend diesem Konzept k\u00f6nnen keine Bewerber aufgenommen werden, die dauerhaft pflegebed\u00fcrftig sind.<\/p><p>Die Aufnahme erfolgt in der Regel auf unbestimmte Zeit und ist im Einzelfall mit dem jeweiligen Kostentr\u00e4ger abzustimmen. Kurzzeitige Aufnahmen (&lt; 6 Monate) und Aufnahmen im Sinne einer reinen &#8222;\u00dcbergangsl\u00f6sung&#8220; (z.B. bei drohender Wohnungslosigkeit o.\u00e4.) haben erfahrungsgem\u00e4\u00df eine sehr ung\u00fcnstige Prognose und erscheinen daher wenig sinnvoll. Die Menschen, die zu uns kommen, m\u00fcssen ihr bisheriges Leben tats\u00e4chlich ver\u00e4ndern wollen. Das &#8222;wollen&#8220; spielt die entscheidende Rolle. Dabei k\u00f6nnen wir helfen. Aber wir sind keine &#8222;Notl\u00f6sung&#8220; bis z.B. eine neue Wohnung gefunden wird, in der einfach weitergetrunken werden kann, weil die alte Wohnung verwahrlost ist oder vom Vermieter gek\u00fcndigt wurde.<br \/><br \/>Anders gesagt: Wer obdachlos ist und einfach nur eine Wohnung sucht, in der er so weitermachen kann, wie bislang (trinken, Krankenhaus, Entgiftung, R\u00fcckfall, erneuter Krankenhausaufenthalt, erneuter R\u00fcckfall usw.), ist bei uns eindeutig falsch. Aber wer verstanden hat, dass er es ohne fremde Hilfe nicht mehr schafft, sich aus dem Teufelskreislauf des Trinkens zu befreien, ist genau richtig im Leo-Stift: Wer sich wirklich helfen lassen sein Leben ver\u00e4ndern m\u00f6chte, dem helfen wir gerne und mit vollem Einsatz.<\/p><\/div>\n\t\t\t\t<\/div>\n\t\t\t\t<\/div>\n\t\t\t\t\t\t<\/div>\n\t\t\t\t\t<\/div>\n\t\t<\/div>\n\t\t\t\t<div class=\"elementor-column elementor-col-50 elementor-top-column elementor-element elementor-element-7144794\" data-id=\"7144794\" data-element_type=\"column\">\n\t\t\t<div class=\"elementor-column-wrap\">\n\t\t\t\t\t\t\t<div class=\"elementor-widget-wrap\">\n\t\t\t\t\t\t\t\t<\/div>\n\t\t\t\t\t<\/div>\n\t\t<\/div>\n\t\t\t\t\t\t\t\t<\/div>\n\t\t\t\t\t<\/div>\n\t\t<\/section>\n\t\t\t\t<section class=\"elementor-section elementor-top-section elementor-element elementor-element-284693e elementor-section-boxed elementor-section-height-default elementor-section-height-default\" data-id=\"284693e\" data-element_type=\"section\">\n\t\t\t\t\t\t<div class=\"elementor-container elementor-column-gap-default\">\n\t\t\t\t\t\t\t<div class=\"elementor-row\">\n\t\t\t\t\t<div class=\"elementor-column elementor-col-50 elementor-top-column elementor-element elementor-element-2a35554\" data-id=\"2a35554\" data-element_type=\"column\">\n\t\t\t<div class=\"elementor-column-wrap elementor-element-populated\">\n\t\t\t\t\t\t\t<div class=\"elementor-widget-wrap\">\n\t\t\t\t\t\t<div class=\"elementor-element elementor-element-e23cedb elementor-widget elementor-widget-text-editor\" data-id=\"e23cedb\" data-element_type=\"widget\" data-widget_type=\"text-editor.default\">\n\t\t\t\t<div class=\"elementor-widget-container\">\n\t\t\t\t\t<div class=\"elementor-text-editor elementor-clearfix\"><div style=\"text-align: justify;\"><b>Wir k\u00f6nnen folgende Zielgruppen versorgen:<br \/><\/b><\/div><ul><li><div align=\"justify\">Frauen und M\u00e4nner, die durch ihre Alkoholabh\u00e4ngigkeitserkrankung nicht nur vor\u00fcbergehend, sondern dauerhaft und wesentlich seelisch behindert sind oder aufgrund der seelischen Krankheit von Behinderung bedroht sind,<\/div><\/li><li><div align=\"justify\">Frauen und M\u00e4nner, die als Folge der Suchtkrankheit zum Personenkreis der chronisch mehrfach gesch\u00e4digten Suchtkranken geh\u00f6ren,<\/div><\/li><li><div align=\"justify\">Frauen und M\u00e4nner, die aufgrund von gesundheitlichen und sozialen Beeintr\u00e4chtigungen als Folge einer Suchterkrankung Unterst\u00fctzung in den Bereichen &#8222;Selbstversorgung&#8220;, &#8222;Tagesstrukturierung&#8220; und &#8222;soziale Integration&#8220; sowie professionelle Hilfen zur \u00dcberwindung ihrer physischen, geistig-seelischen, intellektuellen und sozialen Grundst\u00f6rungen ben\u00f6tigen. Bei dem genannten Hilfebedarf handelt es sich um umfassende, dauerhaft notwendige Hilfen im Rahmen der sozialen und pers\u00f6nlichen Lebensgestaltung, der Tagesstrukturierung, der Besch\u00e4ftigung und der medizinisch-therapeutischen Hilfen,<\/div><\/li><li><div align=\"justify\">Frauen und M\u00e4nner, die dauerhaft an einer akuten Suchtsymptomatik in wechselnder Intensit\u00e4t leiden und dadurch in ihren F\u00e4higkeiten zur Alltagsorganisation beeintr\u00e4chtigt sind,<\/div><\/li><li><div align=\"justify\">Frauen und M\u00e4nner, die in Bezug auf das Angebot des Tr\u00e4gers nicht, nicht mehr oder noch nicht einer medizinischen oder beruflichen Rehabilitation durch einen &#8222;Reha-Tr\u00e4ger&#8220; (z.B. die Rentenversicherugnen) bed\u00fcrfen.<\/div><\/li><\/ul><\/div>\n\t\t\t\t<\/div>\n\t\t\t\t<\/div>\n\t\t\t\t<div class=\"elementor-element elementor-element-8bf73d9 elementor-widget elementor-widget-text-editor\" data-id=\"8bf73d9\" data-element_type=\"widget\" data-widget_type=\"text-editor.default\">\n\t\t\t\t<div class=\"elementor-widget-container\">\n\t\t\t\t\t<div class=\"elementor-text-editor elementor-clearfix\"><p><strong>Wir k\u00f6nnen leider keine Patienten aufnehmen, die:<\/strong><\/p><ul><li>weiterhin trinken m\u00f6chten (z.B. das ber\u00fchmte Feierabend-Bierchen)<\/li><li>&#8222;geschlossenen&#8220; untergebracht werden m\u00fcssen (z.B. nach PsychKG),<\/li><li>prim\u00e4r an schweren psychischen Erkrankungen leiden,<\/li><li>akut suizidal sind,<\/li><li>nicht ausreichend mobil f\u00fcr die Aus\u00fcbung unserer Besch\u00e4ftigungsangebote sind (z.B. bettl\u00e4gerig),<\/li><li>dauerhaft pflegebed\u00fcrftig sind,<\/li><li>an ansteckenden Krankheiten nach dem BSeuchG leiden,<\/li><li>abh\u00e4ngig von illegalen Drogen sind,<\/li><\/ul><\/div>\n\t\t\t\t<\/div>\n\t\t\t\t<\/div>\n\t\t\t\t\t\t<\/div>\n\t\t\t\t\t<\/div>\n\t\t<\/div>\n\t\t\t\t<div class=\"elementor-column elementor-col-50 elementor-top-column elementor-element elementor-element-6b1270d\" data-id=\"6b1270d\" data-element_type=\"column\">\n\t\t\t<div class=\"elementor-column-wrap\">\n\t\t\t\t\t\t\t<div class=\"elementor-widget-wrap\">\n\t\t\t\t\t\t\t\t<\/div>\n\t\t\t\t\t<\/div>\n\t\t<\/div>\n\t\t\t\t\t\t\t\t<\/div>\n\t\t\t\t\t<\/div>\n\t\t<\/section>\n\t\t\t\t<section class=\"elementor-section elementor-top-section elementor-element elementor-element-2202858 elementor-section-boxed elementor-section-height-default elementor-section-height-default\" data-id=\"2202858\" data-element_type=\"section\">\n\t\t\t\t\t\t<div class=\"elementor-container elementor-column-gap-default\">\n\t\t\t\t\t\t\t<div class=\"elementor-row\">\n\t\t\t\t\t<div class=\"elementor-column elementor-col-100 elementor-top-column elementor-element elementor-element-ecf93fe\" data-id=\"ecf93fe\" data-element_type=\"column\">\n\t\t\t<div class=\"elementor-column-wrap elementor-element-populated\">\n\t\t\t\t\t\t\t<div class=\"elementor-widget-wrap\">\n\t\t\t\t\t\t<div class=\"elementor-element elementor-element-264009a elementor-widget elementor-widget-image\" data-id=\"264009a\" data-element_type=\"widget\" data-widget_type=\"image.default\">\n\t\t\t\t<div class=\"elementor-widget-container\">\n\t\t\t\t\t<div class=\"elementor-image\">\n\t\t\t\t\t\t\t\t\t\t<img loading=\"lazy\" decoding=\"async\" width=\"768\" height=\"432\" src=\"https:\/\/www.leo-stift.de\/fachbereich-leo-stift\/wp-content\/uploads\/2020\/12\/glas1-768x432.jpg\" class=\"attachment-medium_large size-medium_large\" alt=\"\" srcset=\"https:\/\/www.leo-stift.de\/fachbereich-leo-stift\/wp-content\/uploads\/2020\/12\/glas1-768x432.jpg 768w, https:\/\/www.leo-stift.de\/fachbereich-leo-stift\/wp-content\/uploads\/2020\/12\/glas1-300x169.jpg 300w, https:\/\/www.leo-stift.de\/fachbereich-leo-stift\/wp-content\/uploads\/2020\/12\/glas1.jpg 1000w\" sizes=\"auto, (max-width: 768px) 100vw, 768px\" \/>\t\t\t\t\t\t\t\t\t\t\t<\/div>\n\t\t\t\t<\/div>\n\t\t\t\t<\/div>\n\t\t\t\t\t\t<\/div>\n\t\t\t\t\t<\/div>\n\t\t<\/div>\n\t\t\t\t\t\t\t\t<\/div>\n\t\t\t\t\t<\/div>\n\t\t<\/section>\n\t\t\t\t\t\t<\/div>\n\t\t\t\t\t\t<\/div>\n\t\t\t\t\t<\/div>\n\t\t","protected":false},"excerpt":{"rendered":"<p>Klientel und Kostentr\u00e4ger Das St. Leo-Stift wurde 1976 als sog. flankierende Einrichtung der ehemaligen nieders\u00e4chsischen Landeskrankenh\u00e4user &#8222;Wehnen&#8220; und &#8222;Osnabr\u00fcck&#8220; geschaffen und wird dementsprechend immer noch mit der Klientel aus den Einzugsgebieten dieser mittlerweile privatisierten Krankenh\u00e4user belegt. Die Vermittlung der potentiellen Bewohner findet aber nat\u00fcrlich auch \u00fcber Kontakte zu anderen psychiatrischen Kliniken, Betreuern, Suchtberatungsstellen, sozialpsychiatrische Dienste, [&hellip;]<\/p>\n","protected":false},"author":1,"featured_media":0,"parent":15,"menu_order":5,"comment_status":"closed","ping_status":"closed","template":"","meta":{"ocean_post_layout":"full-width","ocean_both_sidebars_style":"","ocean_both_sidebars_content_width":0,"ocean_both_sidebars_sidebars_width":0,"ocean_sidebar":"0","ocean_second_sidebar":"0","ocean_disable_margins":"enable","ocean_add_body_class":"","ocean_shortcode_before_top_bar":"","ocean_shortcode_after_top_bar":"","ocean_shortcode_before_header":"","ocean_shortcode_after_header":"","ocean_has_shortcode":"","ocean_shortcode_after_title":"","ocean_shortcode_before_footer_widgets":"","ocean_shortcode_after_footer_widgets":"","ocean_shortcode_before_footer_bottom":"","ocean_shortcode_after_footer_bottom":"","ocean_display_top_bar":"off","ocean_display_header":"default","ocean_header_style":"","ocean_center_header_left_menu":"0","ocean_custom_header_template":"0","ocean_custom_logo":0,"ocean_custom_retina_logo":0,"ocean_custom_logo_max_width":0,"ocean_custom_logo_tablet_max_width":0,"ocean_custom_logo_mobile_max_width":0,"ocean_custom_logo_max_height":0,"ocean_custom_logo_tablet_max_height":0,"ocean_custom_logo_mobile_max_height":0,"ocean_header_custom_menu":"0","ocean_menu_typo_font_family":"0","ocean_menu_typo_font_subset":"","ocean_menu_typo_font_size":0,"ocean_menu_typo_font_size_tablet":0,"ocean_menu_typo_font_size_mobile":0,"ocean_menu_typo_font_size_unit":"px","ocean_menu_typo_font_weight":"","ocean_menu_typo_font_weight_tablet":"","ocean_menu_typo_font_weight_mobile":"","ocean_menu_typo_transform":"","ocean_menu_typo_transform_tablet":"","ocean_menu_typo_transform_mobile":"","ocean_menu_typo_line_height":0,"ocean_menu_typo_line_height_tablet":0,"ocean_menu_typo_line_height_mobile":0,"ocean_menu_typo_line_height_unit":"","ocean_menu_typo_spacing":0,"ocean_menu_typo_spacing_tablet":0,"ocean_menu_typo_spacing_mobile":0,"ocean_menu_typo_spacing_unit":"","ocean_menu_link_color":"","ocean_menu_link_color_hover":"","ocean_menu_link_color_active":"","ocean_menu_link_background":"","ocean_menu_link_hover_background":"","ocean_menu_link_active_background":"","ocean_menu_social_links_bg":"","ocean_menu_social_hover_links_bg":"","ocean_menu_social_links_color":"","ocean_menu_social_hover_links_color":"","ocean_disable_title":"on","ocean_disable_heading":"default","ocean_post_title":"","ocean_post_subheading":"","ocean_post_title_style":"","ocean_post_title_background_color":"","ocean_post_title_background":0,"ocean_post_title_bg_image_position":"","ocean_post_title_bg_image_attachment":"","ocean_post_title_bg_image_repeat":"","ocean_post_title_bg_image_size":"","ocean_post_title_height":0,"ocean_post_title_bg_overlay":0.5,"ocean_post_title_bg_overlay_color":"","ocean_disable_breadcrumbs":"default","ocean_breadcrumbs_color":"","ocean_breadcrumbs_separator_color":"","ocean_breadcrumbs_links_color":"","ocean_breadcrumbs_links_hover_color":"","ocean_display_footer_widgets":"default","ocean_display_footer_bottom":"default","ocean_custom_footer_template":"0","footnotes":""},"yst_prominent_words":[],"class_list":["post-231","page","type-page","status-publish","hentry","entry"],"_links":{"self":[{"href":"https:\/\/www.leo-stift.de\/fachbereich-leo-stift\/index.php\/wp-json\/wp\/v2\/pages\/231","targetHints":{"allow":["GET"]}}],"collection":[{"href":"https:\/\/www.leo-stift.de\/fachbereich-leo-stift\/index.php\/wp-json\/wp\/v2\/pages"}],"about":[{"href":"https:\/\/www.leo-stift.de\/fachbereich-leo-stift\/index.php\/wp-json\/wp\/v2\/types\/page"}],"author":[{"embeddable":true,"href":"https:\/\/www.leo-stift.de\/fachbereich-leo-stift\/index.php\/wp-json\/wp\/v2\/users\/1"}],"replies":[{"embeddable":true,"href":"https:\/\/www.leo-stift.de\/fachbereich-leo-stift\/index.php\/wp-json\/wp\/v2\/comments?post=231"}],"version-history":[{"count":9,"href":"https:\/\/www.leo-stift.de\/fachbereich-leo-stift\/index.php\/wp-json\/wp\/v2\/pages\/231\/revisions"}],"predecessor-version":[{"id":1200,"href":"https:\/\/www.leo-stift.de\/fachbereich-leo-stift\/index.php\/wp-json\/wp\/v2\/pages\/231\/revisions\/1200"}],"up":[{"embeddable":true,"href":"https:\/\/www.leo-stift.de\/fachbereich-leo-stift\/index.php\/wp-json\/wp\/v2\/pages\/15"}],"wp:attachment":[{"href":"https:\/\/www.leo-stift.de\/fachbereich-leo-stift\/index.php\/wp-json\/wp\/v2\/media?parent=231"}],"wp:term":[{"taxonomy":"yst_prominent_words","embeddable":true,"href":"https:\/\/www.leo-stift.de\/fachbereich-leo-stift\/index.php\/wp-json\/wp\/v2\/yst_prominent_words?post=231"}],"curies":[{"name":"wp","href":"https:\/\/api.w.org\/{rel}","templated":true}]}}