{"id":230,"date":"2019-11-19T06:02:40","date_gmt":"2019-11-19T06:02:40","guid":{"rendered":"https:\/\/www.leo-stift.de\/fachbereich-leo-stift\/index.php\/einrichtung\/lage-und-infrastruktur\/"},"modified":"2024-01-05T08:01:53","modified_gmt":"2024-01-05T07:01:53","slug":"lage-und-infrastruktur","status":"publish","type":"page","link":"https:\/\/www.leo-stift.de\/fachbereich-leo-stift\/index.php\/einrichtung\/lage-und-infrastruktur\/","title":{"rendered":"Lage und Infrastruktur"},"content":{"rendered":"\t\t<div data-elementor-type=\"wp-page\" data-elementor-id=\"230\" class=\"elementor elementor-230\" data-elementor-settings=\"[]\">\n\t\t\t\t\t\t<div class=\"elementor-inner\">\n\t\t\t\t\t\t\t<div class=\"elementor-section-wrap\">\n\t\t\t\t\t\t\t<section class=\"elementor-section elementor-top-section elementor-element elementor-element-197d7d53 elementor-section-boxed elementor-section-height-default elementor-section-height-default\" data-id=\"197d7d53\" data-element_type=\"section\">\n\t\t\t\t\t\t<div class=\"elementor-container elementor-column-gap-default\">\n\t\t\t\t\t\t\t<div class=\"elementor-row\">\n\t\t\t\t\t<div class=\"elementor-column elementor-col-50 elementor-top-column elementor-element elementor-element-2f440f06\" data-id=\"2f440f06\" data-element_type=\"column\">\n\t\t\t<div class=\"elementor-column-wrap elementor-element-populated\">\n\t\t\t\t\t\t\t<div class=\"elementor-widget-wrap\">\n\t\t\t\t\t\t<div class=\"elementor-element elementor-element-54545300 elementor-widget elementor-widget-heading\" data-id=\"54545300\" data-element_type=\"widget\" data-widget_type=\"heading.default\">\n\t\t\t\t<div class=\"elementor-widget-container\">\n\t\t\t<h2 class=\"elementor-heading-title elementor-size-default\">Lage und Infrastruktur\n<\/h2>\t\t<\/div>\n\t\t\t\t<\/div>\n\t\t\t\t<div class=\"elementor-element elementor-element-44afe2f9 elementor-widget elementor-widget-text-editor\" data-id=\"44afe2f9\" data-element_type=\"widget\" data-widget_type=\"text-editor.default\">\n\t\t\t\t<div class=\"elementor-widget-container\">\n\t\t\t\t\t<div class=\"elementor-text-editor elementor-clearfix\"><p>Die St. Leo-Stift gemeinn\u00fctzige GmbH unterh\u00e4lt zwei unterschiedliche Einrichtungstypen mit zwei entsprechend unterschiedlichen Betreuungskonzepten, von denen das eine die Pflege \u00e4lterer Menschen in Form eines Alten- und Pflegeheimes (&#8222;Hilfe zur Pflege&#8220;) und das andere die Betreuungsangebote einer Einrichtung f\u00fcr Suchtkranke (&#8222;Eingliederungshilfe&#8220;) gem\u00e4\u00df den Formulierungen der Sozialgesetzb\u00fccher in den Mittelpunkt seiner Betrachtungen ger\u00fcckt hat. Beide Einrichtungstypen sind r\u00e4umlich komplett voneinander getrennt.<\/p><p>Der &#8222;Fachbereich Sucht&#8220; (eingliederungshilfe) ist ein abgegrenzter und eigenst\u00e4ndiger Teilkomplex der St. Leo-Stift gGmbH, die in der kleinen Ortschaft Essen-Oldenburg inmitten eines gro\u00dfen Parks liegt. Essen-Oldenburg ist mit seinen ca. 8000 Einwohnern eine gem\u00fctliche Gemeinde, die verkehrsg\u00fcnstig \u00fcber die Bundesstra\u00dfe B68 (Cloppenburg-Bramsche-Osnabr\u00fcck) sowie \u00fcber die Bahnlinie Osnabr\u00fcck-Oldenburg an zwei Hauptverkehrsadern angebunden ist. Die &#8222;Nordwestbahn&#8220; hat direkt im Ortskern Essen eine Haltestelle.<\/p><p>Es gibt in Essen-Oldenburg alle wichtigen Dinge des allt\u00e4glichen Lebens: Gesch\u00e4fte, Superm\u00e4rkte, Bekleidungsl\u00e4den, \u00c4rzte, Schulen, Kinderg\u00e4rten, Banken, eine Post, Kirchen, Autoh\u00e4user, Gastst\u00e4tten, Restaurants, Imbissbuden, eine B\u00fccherei, multikulturelle Lebensmittel-Shops, Apotheken, ein Rathaus, ein Schwimmbad und eine Sportanlage, einen Fahrradladen, ein &#8222;Soziales Kaufhaus&#8220;, Fachbetriebe, Parkanlagen und Spielpl\u00e4tze, Fahrradwege am Deich, Eisdielen, B\u00e4ckereien und sogar eine echte Fleischerei,\u00a0 usw.<\/p><\/div>\n\t\t\t\t<\/div>\n\t\t\t\t<\/div>\n\t\t\t\t\t\t<\/div>\n\t\t\t\t\t<\/div>\n\t\t<\/div>\n\t\t\t\t<div class=\"elementor-column elementor-col-50 elementor-top-column elementor-element elementor-element-127d6e61\" data-id=\"127d6e61\" data-element_type=\"column\">\n\t\t\t<div class=\"elementor-column-wrap\">\n\t\t\t\t\t\t\t<div class=\"elementor-widget-wrap\">\n\t\t\t\t\t\t\t\t<\/div>\n\t\t\t\t\t<\/div>\n\t\t<\/div>\n\t\t\t\t\t\t\t\t<\/div>\n\t\t\t\t\t<\/div>\n\t\t<\/section>\n\t\t\t\t<section class=\"elementor-section elementor-top-section elementor-element elementor-element-142d577 elementor-section-stretched elementor-section-boxed elementor-section-height-default elementor-section-height-default\" data-id=\"142d577\" data-element_type=\"section\" data-settings=\"{&quot;stretch_section&quot;:&quot;section-stretched&quot;}\">\n\t\t\t\t\t\t<div class=\"elementor-container elementor-column-gap-default\">\n\t\t\t\t\t\t\t<div class=\"elementor-row\">\n\t\t\t\t\t<div class=\"elementor-column elementor-col-100 elementor-top-column elementor-element elementor-element-ee0f16d\" data-id=\"ee0f16d\" data-element_type=\"column\">\n\t\t\t<div class=\"elementor-column-wrap elementor-element-populated\">\n\t\t\t\t\t\t\t<div class=\"elementor-widget-wrap\">\n\t\t\t\t\t\t<div class=\"elementor-element elementor-element-c122987 elementor-widget elementor-widget-gallery\" data-id=\"c122987\" data-element_type=\"widget\" data-settings=\"{&quot;columns&quot;:3,&quot;image_hover_animation&quot;:&quot;grow&quot;,&quot;lazyload&quot;:&quot;yes&quot;,&quot;gallery_layout&quot;:&quot;grid&quot;,&quot;columns_tablet&quot;:2,&quot;columns_mobile&quot;:1,&quot;gap&quot;:{&quot;unit&quot;:&quot;px&quot;,&quot;size&quot;:10,&quot;sizes&quot;:[]},&quot;gap_tablet&quot;:{&quot;unit&quot;:&quot;px&quot;,&quot;size&quot;:10,&quot;sizes&quot;:[]},&quot;gap_mobile&quot;:{&quot;unit&quot;:&quot;px&quot;,&quot;size&quot;:10,&quot;sizes&quot;:[]},&quot;aspect_ratio&quot;:&quot;3:2&quot;,&quot;content_hover_animation&quot;:&quot;fade-in&quot;}\" data-widget_type=\"gallery.default\">\n\t\t\t\t<div class=\"elementor-widget-container\">\n\t\t\t\t\t<div class=\"elementor-gallery__container\">\n\t\t\t\t\t\t\t<div class=\"e-gallery-item elementor-gallery-item elementor-animated-content\">\n\t\t\t\t\t<div class=\"e-gallery-image elementor-gallery-item__image\" data-thumbnail=\"https:\/\/www.leo-stift.de\/fachbereich-leo-stift\/wp-content\/uploads\/2019\/12\/front_2-300x225.jpg\" data-width=\"300\" data-height=\"225\" alt=\"\" ><\/div>\n\t\t\t\t\t\t\t\t\t\t\t\t\t\t<\/div>\n\t\t\t\t\t\t\t<div class=\"e-gallery-item elementor-gallery-item elementor-animated-content\">\n\t\t\t\t\t<div class=\"e-gallery-image elementor-gallery-item__image\" data-thumbnail=\"https:\/\/www.leo-stift.de\/fachbereich-leo-stift\/wp-content\/uploads\/2021\/04\/ort7-300x169.jpg\" data-width=\"300\" data-height=\"169\" alt=\"\" ><\/div>\n\t\t\t\t\t\t\t\t\t\t\t\t\t\t<\/div>\n\t\t\t\t\t\t\t<div class=\"e-gallery-item elementor-gallery-item elementor-animated-content\">\n\t\t\t\t\t<div class=\"e-gallery-image elementor-gallery-item__image\" data-thumbnail=\"https:\/\/www.leo-stift.de\/fachbereich-leo-stift\/wp-content\/uploads\/2021\/04\/bahnhof1-300x169.jpg\" data-width=\"300\" data-height=\"169\" alt=\"\" ><\/div>\n\t\t\t\t\t\t\t\t\t\t\t\t\t\t<\/div>\n\t\t\t\t\t\t\t<div class=\"e-gallery-item elementor-gallery-item elementor-animated-content\">\n\t\t\t\t\t<div class=\"e-gallery-image elementor-gallery-item__image\" data-thumbnail=\"https:\/\/www.leo-stift.de\/fachbereich-leo-stift\/wp-content\/uploads\/2019\/12\/essen1-300x200.jpg\" data-width=\"300\" data-height=\"200\" alt=\"\" ><\/div>\n\t\t\t\t\t\t\t\t\t\t\t\t\t\t<\/div>\n\t\t\t\t\t\t\t<div class=\"e-gallery-item elementor-gallery-item elementor-animated-content\">\n\t\t\t\t\t<div class=\"e-gallery-image elementor-gallery-item__image\" data-thumbnail=\"https:\/\/www.leo-stift.de\/fachbereich-leo-stift\/wp-content\/uploads\/2021\/04\/ort2-300x169.jpg\" data-width=\"300\" data-height=\"169\" alt=\"\" ><\/div>\n\t\t\t\t\t\t\t\t\t\t\t\t\t\t<\/div>\n\t\t\t\t\t\t\t<div class=\"e-gallery-item elementor-gallery-item elementor-animated-content\">\n\t\t\t\t\t<div class=\"e-gallery-image elementor-gallery-item__image\" data-thumbnail=\"https:\/\/www.leo-stift.de\/fachbereich-leo-stift\/wp-content\/uploads\/2019\/12\/essen.4-300x200.jpg\" data-width=\"300\" data-height=\"200\" alt=\"\" ><\/div>\n\t\t\t\t\t\t\t\t\t\t\t\t\t\t<\/div>\n\t\t\t\t\t\t\t<div class=\"e-gallery-item elementor-gallery-item elementor-animated-content\">\n\t\t\t\t\t<div class=\"e-gallery-image elementor-gallery-item__image\" data-thumbnail=\"https:\/\/www.leo-stift.de\/fachbereich-leo-stift\/wp-content\/uploads\/2021\/04\/nachtigall1-300x225.jpg\" data-width=\"300\" data-height=\"225\" alt=\"\" ><\/div>\n\t\t\t\t\t\t\t\t\t\t\t\t\t\t<\/div>\n\t\t\t\t\t\t\t<div class=\"e-gallery-item elementor-gallery-item elementor-animated-content\">\n\t\t\t\t\t<div class=\"e-gallery-image elementor-gallery-item__image\" data-thumbnail=\"https:\/\/www.leo-stift.de\/fachbereich-leo-stift\/wp-content\/uploads\/2021\/04\/ort9-300x169.jpg\" data-width=\"300\" data-height=\"169\" alt=\"\" ><\/div>\n\t\t\t\t\t\t\t\t\t\t\t\t\t\t<\/div>\n\t\t\t\t\t\t\t<div class=\"e-gallery-item elementor-gallery-item elementor-animated-content\">\n\t\t\t\t\t<div class=\"e-gallery-image elementor-gallery-item__image\" data-thumbnail=\"https:\/\/www.leo-stift.de\/fachbereich-leo-stift\/wp-content\/uploads\/2019\/12\/fron3-300x200.jpg\" data-width=\"300\" data-height=\"200\" alt=\"\" ><\/div>\n\t\t\t\t\t\t\t\t\t\t\t\t\t\t<\/div>\n\t\t\t\t\t\t\t<div class=\"e-gallery-item elementor-gallery-item elementor-animated-content\">\n\t\t\t\t\t<div class=\"e-gallery-image elementor-gallery-item__image\" data-thumbnail=\"https:\/\/www.leo-stift.de\/fachbereich-leo-stift\/wp-content\/uploads\/2019\/12\/essen3-300x200.jpg\" data-width=\"300\" data-height=\"200\" alt=\"\" ><\/div>\n\t\t\t\t\t\t\t\t\t\t\t\t\t\t<\/div>\n\t\t\t\t\t\t\t<div class=\"e-gallery-item elementor-gallery-item elementor-animated-content\">\n\t\t\t\t\t<div class=\"e-gallery-image elementor-gallery-item__image\" data-thumbnail=\"https:\/\/www.leo-stift.de\/fachbereich-leo-stift\/wp-content\/uploads\/2021\/04\/ort4-300x169.jpg\" data-width=\"300\" data-height=\"169\" alt=\"\" ><\/div>\n\t\t\t\t\t\t\t\t\t\t\t\t\t\t<\/div>\n\t\t\t\t\t\t\t<div class=\"e-gallery-item elementor-gallery-item elementor-animated-content\">\n\t\t\t\t\t<div class=\"e-gallery-image elementor-gallery-item__image\" data-thumbnail=\"https:\/\/www.leo-stift.de\/fachbereich-leo-stift\/wp-content\/uploads\/2021\/01\/ort2-300x225.jpg\" data-width=\"300\" data-height=\"225\" alt=\"\" ><\/div>\n\t\t\t\t\t\t\t\t\t\t\t\t\t\t<\/div>\n\t\t\t\t\t\t\t<div class=\"e-gallery-item elementor-gallery-item elementor-animated-content\">\n\t\t\t\t\t<div class=\"e-gallery-image elementor-gallery-item__image\" data-thumbnail=\"https:\/\/www.leo-stift.de\/fachbereich-leo-stift\/wp-content\/uploads\/2021\/04\/ort1-300x225.jpg\" data-width=\"300\" data-height=\"225\" alt=\"\" ><\/div>\n\t\t\t\t\t\t\t\t\t\t\t\t\t\t<\/div>\n\t\t\t\t\t\t\t<div class=\"e-gallery-item elementor-gallery-item elementor-animated-content\">\n\t\t\t\t\t<div class=\"e-gallery-image elementor-gallery-item__image\" data-thumbnail=\"https:\/\/www.leo-stift.de\/fachbereich-leo-stift\/wp-content\/uploads\/2021\/04\/ort3-300x169.jpg\" data-width=\"300\" data-height=\"169\" alt=\"\" ><\/div>\n\t\t\t\t\t\t\t\t\t\t\t\t\t\t<\/div>\n\t\t\t\t\t\t\t<div class=\"e-gallery-item elementor-gallery-item elementor-animated-content\">\n\t\t\t\t\t<div class=\"e-gallery-image elementor-gallery-item__image\" data-thumbnail=\"https:\/\/www.leo-stift.de\/fachbereich-leo-stift\/wp-content\/uploads\/2021\/04\/ort5-300x169.jpg\" data-width=\"300\" data-height=\"169\" alt=\"\" ><\/div>\n\t\t\t\t\t\t\t\t\t\t\t\t\t\t<\/div>\n\t\t\t\t\t\t\t<div class=\"e-gallery-item elementor-gallery-item elementor-animated-content\">\n\t\t\t\t\t<div class=\"e-gallery-image elementor-gallery-item__image\" data-thumbnail=\"https:\/\/www.leo-stift.de\/fachbereich-leo-stift\/wp-content\/uploads\/2021\/01\/ort1-300x225.jpg\" data-width=\"300\" data-height=\"225\" alt=\"\" ><\/div>\n\t\t\t\t\t\t\t\t\t\t\t\t\t\t<\/div>\n\t\t\t\t\t\t\t<div class=\"e-gallery-item elementor-gallery-item elementor-animated-content\">\n\t\t\t\t\t<div class=\"e-gallery-image elementor-gallery-item__image\" data-thumbnail=\"https:\/\/www.leo-stift.de\/fachbereich-leo-stift\/wp-content\/uploads\/2019\/12\/aussen5-300x225.jpg\" data-width=\"300\" data-height=\"225\" alt=\"\" ><\/div>\n\t\t\t\t\t\t\t\t\t\t\t\t\t\t<\/div>\n\t\t\t\t\t\t\t<div class=\"e-gallery-item elementor-gallery-item elementor-animated-content\">\n\t\t\t\t\t<div class=\"e-gallery-image elementor-gallery-item__image\" data-thumbnail=\"https:\/\/www.leo-stift.de\/fachbereich-leo-stift\/wp-content\/uploads\/2019\/12\/front4-300x200.jpg\" data-width=\"300\" data-height=\"200\" alt=\"\" ><\/div>\n\t\t\t\t\t\t\t\t\t\t\t\t\t\t<\/div>\n\t\t\t\t\t<\/div>\n\t\t\t<\/div>\n\t\t\t\t<\/div>\n\t\t\t\t\t\t<\/div>\n\t\t\t\t\t<\/div>\n\t\t<\/div>\n\t\t\t\t\t\t\t\t<\/div>\n\t\t\t\t\t<\/div>\n\t\t<\/section>\n\t\t\t\t<section class=\"elementor-section elementor-top-section elementor-element elementor-element-ad3e1cc elementor-section-boxed elementor-section-height-default elementor-section-height-default\" data-id=\"ad3e1cc\" data-element_type=\"section\">\n\t\t\t\t\t\t<div class=\"elementor-container elementor-column-gap-default\">\n\t\t\t\t\t\t\t<div class=\"elementor-row\">\n\t\t\t\t\t<div class=\"elementor-column elementor-col-50 elementor-top-column elementor-element elementor-element-395e70c\" data-id=\"395e70c\" data-element_type=\"column\">\n\t\t\t<div class=\"elementor-column-wrap elementor-element-populated\">\n\t\t\t\t\t\t\t<div class=\"elementor-widget-wrap\">\n\t\t\t\t\t\t<div class=\"elementor-element elementor-element-3831676 elementor-widget elementor-widget-text-editor\" data-id=\"3831676\" data-element_type=\"widget\" data-widget_type=\"text-editor.default\">\n\t\t\t\t<div class=\"elementor-widget-container\">\n\t\t\t\t\t<div class=\"elementor-text-editor elementor-clearfix\"><p>Unsere Bewohnerinnen und Bewohner leben in unterschiedlichen Wohnformen, z.B. in kleineren und gr\u00f6\u00dferen Wohngruppen, in Trainingswohnungen, in eigenen Wohnungen usw. Alle Wohnformen sind darauf ausgerichtet, unsere suchtkranken Betreuten wieder auf ein m\u00f6glichst eigenst\u00e4ndiges und selbstverantwortliches Leben au\u00dferhalb der Einrichtung vorbereiten und verschiedene Dinge des allt\u00e4glichen Lebens trainieren zu k\u00f6nnen.<\/p><p>Die verschiedenen Wohnformen und Wohnbereiche gehen mit ebenso verschiedenen &#8222;Anforderungen&#8220; an unsere Bewohner einher: Es gibt Wohnbereiche, die sehr engmaschig betreut werden und es gibt Wohnformen, in denen Bewohner leben, die schon sehr selbst\u00e4ndig sind und viele Dinge wieder alleine erledigen. Man kann sagen, dass die unterschiedlichen Wohnformen den unterschiedlichen &#8222;Verselbst\u00e4ndigungsstufen&#8220; und &#8222;Abl\u00f6sungsschritten&#8220; im Rahmen der psychosozialen Entwicklung unserer Klienten entsprechen. Wer viel Hilfe ben\u00f6tigt, bekommt viel Hilfe und wer weniger Hilfe ben\u00f6tigt und schon selbst\u00e4ndiger ist, bekommt weniger Hilfe. Vor allem aber ist die Hilfe ausdifferenziert und wird passgenau auf den jeweiligen Hilfebedarf des einzelnen Bewohners zugeschnitten: Wer Hilfe bei der Geldverwaltung ben\u00f6tigt, bekommt Hilfe im Umgang mit Geld. Wer beim Einkaufen Hilfe ben\u00f6tigt, bekommt Hilfe beim Einkaufen und wer nicht genau wei\u00df, wie er seine W\u00e4sche waschen muss oder eine Waschmaschine richtig bedient, bekommt dort Hilfe.<\/p><p>F\u00fcr die t\u00e4gliche Besch\u00e4ftigung stehen eine Kreativ- und Bastelwerkstatt (mit ca. 25 ergotherapeutisch ausgerichteten Arbeits-und Besch\u00e4ftigungspl\u00e4tzen) und eine gro\u00dfe Werk- und Montagehalle (mit ca. 35 Arbeitspl\u00e4tzen mit den Schwerpunkten &#8222;Verpackung und Montage&#8220; im Rahmen der Tagesstruktur) zur Verf\u00fcgung.\u00a0<\/p><\/div>\n\t\t\t\t<\/div>\n\t\t\t\t<\/div>\n\t\t\t\t<div class=\"elementor-element elementor-element-0b39dcf elementor-widget elementor-widget-text-editor\" data-id=\"0b39dcf\" data-element_type=\"widget\" data-widget_type=\"text-editor.default\">\n\t\t\t\t<div class=\"elementor-widget-container\">\n\t\t\t\t\t<div class=\"elementor-text-editor elementor-clearfix\"><p>Zudem gibt es im hauswirtschaftlichen Dienst in den Wohngruppen sowie in den Gartenanlagen gen\u00fcgend Raum f\u00fcr Besch\u00e4ftigungsm\u00f6glichkeiten.<\/p>\n<p>Das St. Leo-Stift ist inmitten der Ortschaft Essen gelegen, d.h. alle Gesch\u00e4fte und M\u00e4rkte sind bequem zu Fu\u00df erreichbar und erm\u00f6glichen den Bewohnern nach Feierabend nicht nur gem\u00fctliche Spazierg\u00e4nge im Ort oder die Kontaktaufnahme zu Einwohnern und Menschen au\u00dferhalb der Einrichtung, sondern f\u00f6rdern ebenso die Eigenst\u00e4ndigkeit in Form der Erledigung kleinerer Aufgaben oder des selbst\u00e4ndigen Einkaufes von Konsum- und Pflegeartikeln im Rahmen einer \u00fcbersichtlichen, ruhigen und &#8222;strukturell unkomplizierten&#8220; Gemeinde. Cloppenburg liegt mit knapp 20 km Entfernung als gr\u00f6\u00dfere Stadt in Richtung Norden ebenso in erreichbarer N\u00e4he wie das etwa 5 km entfernte Quakenbr\u00fcck im S\u00fcden, das bequem mit dem Fahrrad erkundet werden kann.<\/p>\n<p>Unsere Wohngruppen und Trainingswohnungen sind \u00fcberall im Ort &#8222;verstreut&#8220; und haben alle unterschiedliche Gr\u00f6\u00dfen. Es gibt Wohngruppen mit 8 Bewohnern, 6 Bewohnern, 5 Bewohnern und auch mehrere kleine Wohngemeinschaften mit jeweils nur 2 Bewohnwen. Wir haben sogar die M\u00f6glichkeit, dass auch P\u00e4rchen in Trainingswohnungen das Zusammenleben \u00fcben k\u00f6nnen.&nbsp;<\/p><\/div>\n\t\t\t\t<\/div>\n\t\t\t\t<\/div>\n\t\t\t\t\t\t<\/div>\n\t\t\t\t\t<\/div>\n\t\t<\/div>\n\t\t\t\t<div class=\"elementor-column elementor-col-50 elementor-top-column elementor-element elementor-element-9a27027\" data-id=\"9a27027\" data-element_type=\"column\">\n\t\t\t<div class=\"elementor-column-wrap\">\n\t\t\t\t\t\t\t<div class=\"elementor-widget-wrap\">\n\t\t\t\t\t\t\t\t<\/div>\n\t\t\t\t\t<\/div>\n\t\t<\/div>\n\t\t\t\t\t\t\t\t<\/div>\n\t\t\t\t\t<\/div>\n\t\t<\/section>\n\t\t\t\t<section class=\"elementor-section elementor-top-section elementor-element elementor-element-eeaae51 elementor-section-stretched elementor-section-boxed elementor-section-height-default elementor-section-height-default\" data-id=\"eeaae51\" data-element_type=\"section\" data-settings=\"{&quot;stretch_section&quot;:&quot;section-stretched&quot;,&quot;background_background&quot;:&quot;classic&quot;}\">\n\t\t\t\t\t\t<div class=\"elementor-container elementor-column-gap-default\">\n\t\t\t\t\t\t\t<div class=\"elementor-row\">\n\t\t\t\t\t<div class=\"elementor-column elementor-col-50 elementor-top-column elementor-element elementor-element-4e1f714\" data-id=\"4e1f714\" data-element_type=\"column\">\n\t\t\t<div class=\"elementor-column-wrap elementor-element-populated\">\n\t\t\t\t\t\t\t<div class=\"elementor-widget-wrap\">\n\t\t\t\t\t\t<div class=\"elementor-element elementor-element-ab91bdf elementor-widget elementor-widget-image\" data-id=\"ab91bdf\" data-element_type=\"widget\" data-widget_type=\"image.default\">\n\t\t\t\t<div class=\"elementor-widget-container\">\n\t\t\t\t\t<div class=\"elementor-image\">\n\t\t\t\t\t\t\t\t\t\t<img loading=\"lazy\" decoding=\"async\" width=\"900\" height=\"600\" src=\"https:\/\/www.leo-stift.de\/fachbereich-leo-stift\/wp-content\/uploads\/2020\/12\/vernetzung.jpg\" class=\"attachment-large size-large\" alt=\"\" srcset=\"https:\/\/www.leo-stift.de\/fachbereich-leo-stift\/wp-content\/uploads\/2020\/12\/vernetzung.jpg 900w, https:\/\/www.leo-stift.de\/fachbereich-leo-stift\/wp-content\/uploads\/2020\/12\/vernetzung-300x200.jpg 300w, https:\/\/www.leo-stift.de\/fachbereich-leo-stift\/wp-content\/uploads\/2020\/12\/vernetzung-768x512.jpg 768w\" sizes=\"auto, (max-width: 900px) 100vw, 900px\" \/>\t\t\t\t\t\t\t\t\t\t\t<\/div>\n\t\t\t\t<\/div>\n\t\t\t\t<\/div>\n\t\t\t\t\t\t<\/div>\n\t\t\t\t\t<\/div>\n\t\t<\/div>\n\t\t\t\t<div class=\"elementor-column elementor-col-50 elementor-top-column elementor-element elementor-element-19829e3\" data-id=\"19829e3\" data-element_type=\"column\">\n\t\t\t<div class=\"elementor-column-wrap\">\n\t\t\t\t\t\t\t<div class=\"elementor-widget-wrap\">\n\t\t\t\t\t\t\t\t<\/div>\n\t\t\t\t\t<\/div>\n\t\t<\/div>\n\t\t\t\t\t\t\t\t<\/div>\n\t\t\t\t\t<\/div>\n\t\t<\/section>\n\t\t\t\t\t\t<\/div>\n\t\t\t\t\t\t<\/div>\n\t\t\t\t\t<\/div>\n\t\t","protected":false},"excerpt":{"rendered":"<p>Lage und Infrastruktur Die St. Leo-Stift gemeinn\u00fctzige GmbH unterh\u00e4lt zwei unterschiedliche Einrichtungstypen mit zwei entsprechend unterschiedlichen Betreuungskonzepten, von denen das eine die Pflege \u00e4lterer Menschen in Form eines Alten- und Pflegeheimes (&#8222;Hilfe zur Pflege&#8220;) und das andere die Betreuungsangebote einer Einrichtung f\u00fcr Suchtkranke (&#8222;Eingliederungshilfe&#8220;) gem\u00e4\u00df den Formulierungen der Sozialgesetzb\u00fccher in den Mittelpunkt seiner Betrachtungen ger\u00fcckt [&hellip;]<\/p>\n","protected":false},"author":1,"featured_media":0,"parent":15,"menu_order":4,"comment_status":"closed","ping_status":"closed","template":"","meta":{"ocean_post_layout":"full-width","ocean_both_sidebars_style":"","ocean_both_sidebars_content_width":0,"ocean_both_sidebars_sidebars_width":0,"ocean_sidebar":"0","ocean_second_sidebar":"0","ocean_disable_margins":"enable","ocean_add_body_class":"","ocean_shortcode_before_top_bar":"","ocean_shortcode_after_top_bar":"","ocean_shortcode_before_header":"","ocean_shortcode_after_header":"","ocean_has_shortcode":"","ocean_shortcode_after_title":"","ocean_shortcode_before_footer_widgets":"","ocean_shortcode_after_footer_widgets":"","ocean_shortcode_before_footer_bottom":"","ocean_shortcode_after_footer_bottom":"","ocean_display_top_bar":"off","ocean_display_header":"default","ocean_header_style":"","ocean_center_header_left_menu":"0","ocean_custom_header_template":"0","ocean_custom_logo":0,"ocean_custom_retina_logo":0,"ocean_custom_logo_max_width":0,"ocean_custom_logo_tablet_max_width":0,"ocean_custom_logo_mobile_max_width":0,"ocean_custom_logo_max_height":0,"ocean_custom_logo_tablet_max_height":0,"ocean_custom_logo_mobile_max_height":0,"ocean_header_custom_menu":"0","ocean_menu_typo_font_family":"0","ocean_menu_typo_font_subset":"","ocean_menu_typo_font_size":0,"ocean_menu_typo_font_size_tablet":0,"ocean_menu_typo_font_size_mobile":0,"ocean_menu_typo_font_size_unit":"px","ocean_menu_typo_font_weight":"","ocean_menu_typo_font_weight_tablet":"","ocean_menu_typo_font_weight_mobile":"","ocean_menu_typo_transform":"","ocean_menu_typo_transform_tablet":"","ocean_menu_typo_transform_mobile":"","ocean_menu_typo_line_height":0,"ocean_menu_typo_line_height_tablet":0,"ocean_menu_typo_line_height_mobile":0,"ocean_menu_typo_line_height_unit":"","ocean_menu_typo_spacing":0,"ocean_menu_typo_spacing_tablet":0,"ocean_menu_typo_spacing_mobile":0,"ocean_menu_typo_spacing_unit":"","ocean_menu_link_color":"","ocean_menu_link_color_hover":"","ocean_menu_link_color_active":"","ocean_menu_link_background":"","ocean_menu_link_hover_background":"","ocean_menu_link_active_background":"","ocean_menu_social_links_bg":"","ocean_menu_social_hover_links_bg":"","ocean_menu_social_links_color":"","ocean_menu_social_hover_links_color":"","ocean_disable_title":"on","ocean_disable_heading":"default","ocean_post_title":"","ocean_post_subheading":"","ocean_post_title_style":"","ocean_post_title_background_color":"","ocean_post_title_background":0,"ocean_post_title_bg_image_position":"","ocean_post_title_bg_image_attachment":"","ocean_post_title_bg_image_repeat":"","ocean_post_title_bg_image_size":"","ocean_post_title_height":0,"ocean_post_title_bg_overlay":0.5,"ocean_post_title_bg_overlay_color":"","ocean_disable_breadcrumbs":"default","ocean_breadcrumbs_color":"","ocean_breadcrumbs_separator_color":"","ocean_breadcrumbs_links_color":"","ocean_breadcrumbs_links_hover_color":"","ocean_display_footer_widgets":"default","ocean_display_footer_bottom":"default","ocean_custom_footer_template":"0","footnotes":""},"yst_prominent_words":[],"class_list":["post-230","page","type-page","status-publish","hentry","entry"],"_links":{"self":[{"href":"https:\/\/www.leo-stift.de\/fachbereich-leo-stift\/index.php\/wp-json\/wp\/v2\/pages\/230","targetHints":{"allow":["GET"]}}],"collection":[{"href":"https:\/\/www.leo-stift.de\/fachbereich-leo-stift\/index.php\/wp-json\/wp\/v2\/pages"}],"about":[{"href":"https:\/\/www.leo-stift.de\/fachbereich-leo-stift\/index.php\/wp-json\/wp\/v2\/types\/page"}],"author":[{"embeddable":true,"href":"https:\/\/www.leo-stift.de\/fachbereich-leo-stift\/index.php\/wp-json\/wp\/v2\/users\/1"}],"replies":[{"embeddable":true,"href":"https:\/\/www.leo-stift.de\/fachbereich-leo-stift\/index.php\/wp-json\/wp\/v2\/comments?post=230"}],"version-history":[{"count":18,"href":"https:\/\/www.leo-stift.de\/fachbereich-leo-stift\/index.php\/wp-json\/wp\/v2\/pages\/230\/revisions"}],"predecessor-version":[{"id":1810,"href":"https:\/\/www.leo-stift.de\/fachbereich-leo-stift\/index.php\/wp-json\/wp\/v2\/pages\/230\/revisions\/1810"}],"up":[{"embeddable":true,"href":"https:\/\/www.leo-stift.de\/fachbereich-leo-stift\/index.php\/wp-json\/wp\/v2\/pages\/15"}],"wp:attachment":[{"href":"https:\/\/www.leo-stift.de\/fachbereich-leo-stift\/index.php\/wp-json\/wp\/v2\/media?parent=230"}],"wp:term":[{"taxonomy":"yst_prominent_words","embeddable":true,"href":"https:\/\/www.leo-stift.de\/fachbereich-leo-stift\/index.php\/wp-json\/wp\/v2\/yst_prominent_words?post=230"}],"curies":[{"name":"wp","href":"https:\/\/api.w.org\/{rel}","templated":true}]}}