{"id":228,"date":"2019-11-19T06:02:39","date_gmt":"2019-11-19T06:02:39","guid":{"rendered":"https:\/\/www.leo-stift.de\/fachbereich-leo-stift\/index.php\/einrichtung\/traeger-und-leistungstyp\/"},"modified":"2024-01-05T07:55:15","modified_gmt":"2024-01-05T06:55:15","slug":"traeger-und-leistungstyp","status":"publish","type":"page","link":"https:\/\/www.leo-stift.de\/fachbereich-leo-stift\/index.php\/einrichtung\/traeger-und-leistungstyp\/","title":{"rendered":"Tr\u00e4ger und Leistungstyp"},"content":{"rendered":"\t\t<div data-elementor-type=\"wp-page\" data-elementor-id=\"228\" class=\"elementor elementor-228\" data-elementor-settings=\"[]\">\n\t\t\t\t\t\t<div class=\"elementor-inner\">\n\t\t\t\t\t\t\t<div class=\"elementor-section-wrap\">\n\t\t\t\t\t\t\t<section class=\"elementor-section elementor-top-section elementor-element elementor-element-10ff852 elementor-section-boxed elementor-section-height-default elementor-section-height-default\" data-id=\"10ff852\" data-element_type=\"section\">\n\t\t\t\t\t\t<div class=\"elementor-container elementor-column-gap-default\">\n\t\t\t\t\t\t\t<div class=\"elementor-row\">\n\t\t\t\t\t<div class=\"elementor-column elementor-col-50 elementor-top-column elementor-element elementor-element-320bb025\" data-id=\"320bb025\" data-element_type=\"column\">\n\t\t\t<div class=\"elementor-column-wrap elementor-element-populated\">\n\t\t\t\t\t\t\t<div class=\"elementor-widget-wrap\">\n\t\t\t\t\t\t<div class=\"elementor-element elementor-element-27c8d5dc elementor-widget elementor-widget-heading\" data-id=\"27c8d5dc\" data-element_type=\"widget\" data-widget_type=\"heading.default\">\n\t\t\t\t<div class=\"elementor-widget-container\">\n\t\t\t<h2 class=\"elementor-heading-title elementor-size-default\">Tr\u00e4ger und Leistungstyp\n<\/h2>\t\t<\/div>\n\t\t\t\t<\/div>\n\t\t\t\t<div class=\"elementor-element elementor-element-4b721798 elementor-widget elementor-widget-text-editor\" data-id=\"4b721798\" data-element_type=\"widget\" data-widget_type=\"text-editor.default\">\n\t\t\t\t<div class=\"elementor-widget-container\">\n\t\t\t\t\t<div class=\"elementor-text-editor elementor-clearfix\"><p align=\"justify\">Tr\u00e4ger unserer Langzeiteinrichtung ist die St. Leo-Stift gemeinn\u00fctzige GmbH. Spitzenverband ist der Deutscher Caritasverband e.V.<\/p>\n<p align=\"justify\">Der Fachbereich Sucht\/CMA des St. Leo-Stiftes ist eine modulare Einrichtung der Eingliederungshilfe f\u00fcr seelisch behinderte Menschen mit ausdifferenzierten Betreuungsangeboten zur sozialen Rehabilitation chronisch mehrfach beeintr\u00e4chtigter Abh\u00e4ngigkeitskranker (CMA) im Rahmen der Behindertenhilfe gem\u00e4\u00df SGB IX. Es k\u00f6nnen (vollj\u00e4hrige) Frauen und M\u00e4nner aufgenommen werden. <br><br>Wir sind spezialisiert im Umgang mit und der Versorgung von alkoholabh\u00e4ngigen Menschen.<br><\/p>\n<p align=\"justify\">Der Fachbereich Sucht\/CMA der&nbsp; St. Leo-Stift gemeinn\u00fctzigen GmbH ist eine Einrichtung nach \u00a72 Abs. 2 des Nieders\u00e4chsischen Gesetzes \u00fcber unterst\u00fctzende Wohnformen (NuWG). Die Hilfsangebote umfassen folgende Leitungstypen:<br><br>1. Leistungstyp 3.2.2 &#8222;Wohnen f\u00fcr CMA-Patienten&#8220; <br><\/p>\n<p align=\"justify\">2. Leistungstyp 3.1.1.4 &#8222;Tagesstruktur f\u00fcr CMA-Patienten&#8220;<\/p>\n<p align=\"justify\">3. Leistungstyp 0.0.5.1, 0.0.5.2 und\/oder 0.0.5.3&nbsp; &#8222;Assistenz beim Wohnen au\u00dferhalb der besonderen Wohnformen&#8220; (Ambulante Wohnbetreuung)<br><\/p><\/div>\n\t\t\t\t<\/div>\n\t\t\t\t<\/div>\n\t\t\t\t\t\t<\/div>\n\t\t\t\t\t<\/div>\n\t\t<\/div>\n\t\t\t\t<div class=\"elementor-column elementor-col-50 elementor-top-column elementor-element elementor-element-3ac6d192\" data-id=\"3ac6d192\" data-element_type=\"column\">\n\t\t\t<div class=\"elementor-column-wrap\">\n\t\t\t\t\t\t\t<div class=\"elementor-widget-wrap\">\n\t\t\t\t\t\t\t\t<\/div>\n\t\t\t\t\t<\/div>\n\t\t<\/div>\n\t\t\t\t\t\t\t\t<\/div>\n\t\t\t\t\t<\/div>\n\t\t<\/section>\n\t\t\t\t\t\t<\/div>\n\t\t\t\t\t\t<\/div>\n\t\t\t\t\t<\/div>\n\t\t","protected":false},"excerpt":{"rendered":"<p>Tr\u00e4ger und Leistungstyp Tr\u00e4ger unserer Langzeiteinrichtung ist die St. Leo-Stift gemeinn\u00fctzige GmbH. Spitzenverband ist der Deutscher Caritasverband e.V. Der Fachbereich Sucht\/CMA des St. Leo-Stiftes ist eine modulare Einrichtung der Eingliederungshilfe f\u00fcr seelisch behinderte Menschen mit ausdifferenzierten Betreuungsangeboten zur sozialen Rehabilitation chronisch mehrfach beeintr\u00e4chtigter Abh\u00e4ngigkeitskranker (CMA) im Rahmen der Behindertenhilfe gem\u00e4\u00df SGB IX. Es k\u00f6nnen (vollj\u00e4hrige) [&hellip;]<\/p>\n","protected":false},"author":1,"featured_media":0,"parent":15,"menu_order":2,"comment_status":"closed","ping_status":"closed","template":"","meta":{"ocean_post_layout":"full-width","ocean_both_sidebars_style":"","ocean_both_sidebars_content_width":0,"ocean_both_sidebars_sidebars_width":0,"ocean_sidebar":"0","ocean_second_sidebar":"0","ocean_disable_margins":"enable","ocean_add_body_class":"","ocean_shortcode_before_top_bar":"","ocean_shortcode_after_top_bar":"","ocean_shortcode_before_header":"","ocean_shortcode_after_header":"","ocean_has_shortcode":"","ocean_shortcode_after_title":"","ocean_shortcode_before_footer_widgets":"","ocean_shortcode_after_footer_widgets":"","ocean_shortcode_before_footer_bottom":"","ocean_shortcode_after_footer_bottom":"","ocean_display_top_bar":"off","ocean_display_header":"default","ocean_header_style":"","ocean_center_header_left_menu":"0","ocean_custom_header_template":"0","ocean_custom_logo":0,"ocean_custom_retina_logo":0,"ocean_custom_logo_max_width":0,"ocean_custom_logo_tablet_max_width":0,"ocean_custom_logo_mobile_max_width":0,"ocean_custom_logo_max_height":0,"ocean_custom_logo_tablet_max_height":0,"ocean_custom_logo_mobile_max_height":0,"ocean_header_custom_menu":"0","ocean_menu_typo_font_family":"0","ocean_menu_typo_font_subset":"","ocean_menu_typo_font_size":0,"ocean_menu_typo_font_size_tablet":0,"ocean_menu_typo_font_size_mobile":0,"ocean_menu_typo_font_size_unit":"px","ocean_menu_typo_font_weight":"","ocean_menu_typo_font_weight_tablet":"","ocean_menu_typo_font_weight_mobile":"","ocean_menu_typo_transform":"","ocean_menu_typo_transform_tablet":"","ocean_menu_typo_transform_mobile":"","ocean_menu_typo_line_height":0,"ocean_menu_typo_line_height_tablet":0,"ocean_menu_typo_line_height_mobile":0,"ocean_menu_typo_line_height_unit":"","ocean_menu_typo_spacing":0,"ocean_menu_typo_spacing_tablet":0,"ocean_menu_typo_spacing_mobile":0,"ocean_menu_typo_spacing_unit":"","ocean_menu_link_color":"","ocean_menu_link_color_hover":"","ocean_menu_link_color_active":"","ocean_menu_link_background":"","ocean_menu_link_hover_background":"","ocean_menu_link_active_background":"","ocean_menu_social_links_bg":"","ocean_menu_social_hover_links_bg":"","ocean_menu_social_links_color":"","ocean_menu_social_hover_links_color":"","ocean_disable_title":"on","ocean_disable_heading":"default","ocean_post_title":"","ocean_post_subheading":"","ocean_post_title_style":"","ocean_post_title_background_color":"","ocean_post_title_background":0,"ocean_post_title_bg_image_position":"","ocean_post_title_bg_image_attachment":"","ocean_post_title_bg_image_repeat":"","ocean_post_title_bg_image_size":"","ocean_post_title_height":0,"ocean_post_title_bg_overlay":0.5,"ocean_post_title_bg_overlay_color":"","ocean_disable_breadcrumbs":"default","ocean_breadcrumbs_color":"","ocean_breadcrumbs_separator_color":"","ocean_breadcrumbs_links_color":"","ocean_breadcrumbs_links_hover_color":"","ocean_display_footer_widgets":"default","ocean_display_footer_bottom":"default","ocean_custom_footer_template":"0","footnotes":""},"yst_prominent_words":[41,44,48,37,32,47,36,33,31,40,12,34,46,39,35,43,13,38,45,42],"class_list":["post-228","page","type-page","status-publish","hentry","entry"],"_links":{"self":[{"href":"https:\/\/www.leo-stift.de\/fachbereich-leo-stift\/index.php\/wp-json\/wp\/v2\/pages\/228","targetHints":{"allow":["GET"]}}],"collection":[{"href":"https:\/\/www.leo-stift.de\/fachbereich-leo-stift\/index.php\/wp-json\/wp\/v2\/pages"}],"about":[{"href":"https:\/\/www.leo-stift.de\/fachbereich-leo-stift\/index.php\/wp-json\/wp\/v2\/types\/page"}],"author":[{"embeddable":true,"href":"https:\/\/www.leo-stift.de\/fachbereich-leo-stift\/index.php\/wp-json\/wp\/v2\/users\/1"}],"replies":[{"embeddable":true,"href":"https:\/\/www.leo-stift.de\/fachbereich-leo-stift\/index.php\/wp-json\/wp\/v2\/comments?post=228"}],"version-history":[{"count":9,"href":"https:\/\/www.leo-stift.de\/fachbereich-leo-stift\/index.php\/wp-json\/wp\/v2\/pages\/228\/revisions"}],"predecessor-version":[{"id":1807,"href":"https:\/\/www.leo-stift.de\/fachbereich-leo-stift\/index.php\/wp-json\/wp\/v2\/pages\/228\/revisions\/1807"}],"up":[{"embeddable":true,"href":"https:\/\/www.leo-stift.de\/fachbereich-leo-stift\/index.php\/wp-json\/wp\/v2\/pages\/15"}],"wp:attachment":[{"href":"https:\/\/www.leo-stift.de\/fachbereich-leo-stift\/index.php\/wp-json\/wp\/v2\/media?parent=228"}],"wp:term":[{"taxonomy":"yst_prominent_words","embeddable":true,"href":"https:\/\/www.leo-stift.de\/fachbereich-leo-stift\/index.php\/wp-json\/wp\/v2\/yst_prominent_words?post=228"}],"curies":[{"name":"wp","href":"https:\/\/api.w.org\/{rel}","templated":true}]}}