{"id":130,"date":"2019-11-18T19:59:05","date_gmt":"2019-11-18T19:59:05","guid":{"rendered":"https:\/\/www.leo-stift.de\/fachbereich-leo-stift\/index.php\/freizeitangebote\/frauengruppe\/"},"modified":"2021-01-12T08:00:20","modified_gmt":"2021-01-12T07:00:20","slug":"frauengruppe","status":"publish","type":"page","link":"https:\/\/www.leo-stift.de\/fachbereich-leo-stift\/index.php\/freizeitangebote\/frauengruppe\/","title":{"rendered":"Frauengruppe"},"content":{"rendered":"\t\t<div data-elementor-type=\"wp-page\" data-elementor-id=\"130\" class=\"elementor elementor-130\" data-elementor-settings=\"[]\">\n\t\t\t\t\t\t<div class=\"elementor-inner\">\n\t\t\t\t\t\t\t<div class=\"elementor-section-wrap\">\n\t\t\t\t\t\t\t<section class=\"elementor-section elementor-top-section elementor-element elementor-element-60fc2e13 elementor-section-boxed elementor-section-height-default elementor-section-height-default\" data-id=\"60fc2e13\" data-element_type=\"section\">\n\t\t\t\t\t\t<div class=\"elementor-container elementor-column-gap-default\">\n\t\t\t\t\t\t\t<div class=\"elementor-row\">\n\t\t\t\t\t<div class=\"elementor-column elementor-col-50 elementor-top-column elementor-element elementor-element-4562e03d\" data-id=\"4562e03d\" data-element_type=\"column\">\n\t\t\t<div class=\"elementor-column-wrap elementor-element-populated\">\n\t\t\t\t\t\t\t<div class=\"elementor-widget-wrap\">\n\t\t\t\t\t\t<div class=\"elementor-element elementor-element-4aebfe33 elementor-widget elementor-widget-heading\" data-id=\"4aebfe33\" data-element_type=\"widget\" data-widget_type=\"heading.default\">\n\t\t\t\t<div class=\"elementor-widget-container\">\n\t\t\t<h2 class=\"elementor-heading-title elementor-size-default\">Frauengruppe<\/h2>\t\t<\/div>\n\t\t\t\t<\/div>\n\t\t\t\t<div class=\"elementor-element elementor-element-3b9092fc elementor-widget elementor-widget-text-editor\" data-id=\"3b9092fc\" data-element_type=\"widget\" data-widget_type=\"text-editor.default\">\n\t\t\t\t<div class=\"elementor-widget-container\">\n\t\t\t\t\t<div class=\"elementor-text-editor elementor-clearfix\"><p align=\"justify\">Es ist bekannt, dass in Langzeiteinrichtungen f\u00fcr suchtkranke Menschen das Verh\u00e4ltnis von Frauen und M\u00e4nnern ungleich verteilt ist. Frauen befinden sich im Grunde immer deutlich in der Unterzahl. Viele suchtkranke Frauen haben traumatische Erfahrungen mit M\u00e4nnern gemacht, haben Gewalt erfahren m\u00fcssen, sind geschlagen und ausgebeutet worden, waren verstrickt in pathologische Beziehungen, konnten sich nicht daraus befreien usw.<\/p>\n<p align=\"justify\">Um die Solidarit\u00e4t der Frauen untereinander zu st\u00e4rken, sie zu unterst\u00fctzen, ihnen zu helfen, sich gegen die M\u00e4nner durchzusetzen und sie zu ermutigen, ihre eigenen Interessen, Ideen und Vorstellung in einer &#8222;klassischen M\u00e4nnerwelt&#8220; zu verwirklichen, haben wir eine extra Frauengruppe eingerichtet, die sich regelm\u00e4\u00dfig trifft und unter sich ist. Unsere frauenbeauftragte Mitarbeiterin organisiert mit der Gruppe zusammen Ausfl\u00fcge, Lese-Stunden, Beauty-Tage, Shopping-Touren und Kinoabende in besonders gesch\u00fctzter Atmosph\u00e4re.<br><br>Wir haben zudem erfahrene Mitarbeiterinnen, die unsere Bewohnerinnen zu Themen wie Verh\u00fctung oder auch Krebsvorsorge beraten.<br><\/p><\/div>\n\t\t\t\t<\/div>\n\t\t\t\t<\/div>\n\t\t\t\t\t\t<\/div>\n\t\t\t\t\t<\/div>\n\t\t<\/div>\n\t\t\t\t<div class=\"elementor-column elementor-col-50 elementor-top-column elementor-element elementor-element-31e1d6ab\" data-id=\"31e1d6ab\" data-element_type=\"column\">\n\t\t\t<div class=\"elementor-column-wrap\">\n\t\t\t\t\t\t\t<div class=\"elementor-widget-wrap\">\n\t\t\t\t\t\t\t\t<\/div>\n\t\t\t\t\t<\/div>\n\t\t<\/div>\n\t\t\t\t\t\t\t\t<\/div>\n\t\t\t\t\t<\/div>\n\t\t<\/section>\n\t\t\t\t<section class=\"elementor-section elementor-top-section elementor-element elementor-element-49a876c elementor-section-boxed elementor-section-height-default elementor-section-height-default\" data-id=\"49a876c\" data-element_type=\"section\">\n\t\t\t\t\t\t<div class=\"elementor-container elementor-column-gap-default\">\n\t\t\t\t\t\t\t<div class=\"elementor-row\">\n\t\t\t\t\t<div class=\"elementor-column elementor-col-100 elementor-top-column elementor-element elementor-element-ed7b829\" data-id=\"ed7b829\" data-element_type=\"column\">\n\t\t\t<div class=\"elementor-column-wrap elementor-element-populated\">\n\t\t\t\t\t\t\t<div class=\"elementor-widget-wrap\">\n\t\t\t\t\t\t<div class=\"elementor-element elementor-element-020b53d elementor-widget elementor-widget-gallery\" data-id=\"020b53d\" data-element_type=\"widget\" data-settings=\"{&quot;columns&quot;:3,&quot;lazyload&quot;:&quot;yes&quot;,&quot;gallery_layout&quot;:&quot;grid&quot;,&quot;columns_tablet&quot;:2,&quot;columns_mobile&quot;:1,&quot;gap&quot;:{&quot;unit&quot;:&quot;px&quot;,&quot;size&quot;:10,&quot;sizes&quot;:[]},&quot;gap_tablet&quot;:{&quot;unit&quot;:&quot;px&quot;,&quot;size&quot;:10,&quot;sizes&quot;:[]},&quot;gap_mobile&quot;:{&quot;unit&quot;:&quot;px&quot;,&quot;size&quot;:10,&quot;sizes&quot;:[]},&quot;aspect_ratio&quot;:&quot;3:2&quot;,&quot;overlay_background&quot;:&quot;yes&quot;,&quot;content_hover_animation&quot;:&quot;fade-in&quot;}\" data-widget_type=\"gallery.default\">\n\t\t\t\t<div class=\"elementor-widget-container\">\n\t\t\t\t\t<div class=\"elementor-gallery__container\">\n\t\t\t\t\t\t\t<div class=\"e-gallery-item elementor-gallery-item elementor-animated-content\">\n\t\t\t\t\t<div class=\"e-gallery-image elementor-gallery-item__image\" data-thumbnail=\"https:\/\/www.leo-stift.de\/fachbereich-leo-stift\/wp-content\/uploads\/2020\/12\/planwagenfahrt2-300x225.jpg\" data-width=\"300\" data-height=\"225\" alt=\"\" ><\/div>\n\t\t\t\t\t\t\t\t\t\t<div class=\"elementor-gallery-item__overlay\"><\/div>\n\t\t\t\t\t\t\t\t\t\t\t\t\t\t<\/div>\n\t\t\t\t\t\t\t<div class=\"e-gallery-item elementor-gallery-item elementor-animated-content\">\n\t\t\t\t\t<div class=\"e-gallery-image elementor-gallery-item__image\" data-thumbnail=\"https:\/\/www.leo-stift.de\/fachbereich-leo-stift\/wp-content\/uploads\/2020\/12\/hair-300x200.jpg\" data-width=\"300\" data-height=\"200\" alt=\"\" ><\/div>\n\t\t\t\t\t\t\t\t\t\t<div class=\"elementor-gallery-item__overlay\"><\/div>\n\t\t\t\t\t\t\t\t\t\t\t\t\t\t<\/div>\n\t\t\t\t\t\t\t<div class=\"e-gallery-item elementor-gallery-item elementor-animated-content\">\n\t\t\t\t\t<div class=\"e-gallery-image elementor-gallery-item__image\" data-thumbnail=\"https:\/\/www.leo-stift.de\/fachbereich-leo-stift\/wp-content\/uploads\/2020\/12\/makeup-300x225.jpg\" data-width=\"300\" data-height=\"225\" alt=\"\" ><\/div>\n\t\t\t\t\t\t\t\t\t\t<div class=\"elementor-gallery-item__overlay\"><\/div>\n\t\t\t\t\t\t\t\t\t\t\t\t\t\t<\/div>\n\t\t\t\t\t<\/div>\n\t\t\t<\/div>\n\t\t\t\t<\/div>\n\t\t\t\t\t\t<\/div>\n\t\t\t\t\t<\/div>\n\t\t<\/div>\n\t\t\t\t\t\t\t\t<\/div>\n\t\t\t\t\t<\/div>\n\t\t<\/section>\n\t\t\t\t\t\t<\/div>\n\t\t\t\t\t\t<\/div>\n\t\t\t\t\t<\/div>\n\t\t","protected":false},"excerpt":{"rendered":"<p>Frauengruppe Es ist bekannt, dass in Langzeiteinrichtungen f\u00fcr suchtkranke Menschen das Verh\u00e4ltnis von Frauen und M\u00e4nnern ungleich verteilt ist. Frauen befinden sich im Grunde immer deutlich in der Unterzahl. Viele suchtkranke Frauen haben traumatische Erfahrungen mit M\u00e4nnern gemacht, haben Gewalt erfahren m\u00fcssen, sind geschlagen und ausgebeutet worden, waren verstrickt in pathologische Beziehungen, konnten sich nicht [&hellip;]<\/p>\n","protected":false},"author":1,"featured_media":0,"parent":23,"menu_order":1,"comment_status":"closed","ping_status":"closed","template":"","meta":{"ocean_post_layout":"full-width","ocean_both_sidebars_style":"","ocean_both_sidebars_content_width":0,"ocean_both_sidebars_sidebars_width":0,"ocean_sidebar":"0","ocean_second_sidebar":"0","ocean_disable_margins":"enable","ocean_add_body_class":"","ocean_shortcode_before_top_bar":"","ocean_shortcode_after_top_bar":"","ocean_shortcode_before_header":"","ocean_shortcode_after_header":"","ocean_has_shortcode":"","ocean_shortcode_after_title":"","ocean_shortcode_before_footer_widgets":"","ocean_shortcode_after_footer_widgets":"","ocean_shortcode_before_footer_bottom":"","ocean_shortcode_after_footer_bottom":"","ocean_display_top_bar":"off","ocean_display_header":"default","ocean_header_style":"","ocean_center_header_left_menu":"0","ocean_custom_header_template":"0","ocean_custom_logo":0,"ocean_custom_retina_logo":0,"ocean_custom_logo_max_width":0,"ocean_custom_logo_tablet_max_width":0,"ocean_custom_logo_mobile_max_width":0,"ocean_custom_logo_max_height":0,"ocean_custom_logo_tablet_max_height":0,"ocean_custom_logo_mobile_max_height":0,"ocean_header_custom_menu":"0","ocean_menu_typo_font_family":"0","ocean_menu_typo_font_subset":"","ocean_menu_typo_font_size":0,"ocean_menu_typo_font_size_tablet":0,"ocean_menu_typo_font_size_mobile":0,"ocean_menu_typo_font_size_unit":"px","ocean_menu_typo_font_weight":"","ocean_menu_typo_font_weight_tablet":"","ocean_menu_typo_font_weight_mobile":"","ocean_menu_typo_transform":"","ocean_menu_typo_transform_tablet":"","ocean_menu_typo_transform_mobile":"","ocean_menu_typo_line_height":0,"ocean_menu_typo_line_height_tablet":0,"ocean_menu_typo_line_height_mobile":0,"ocean_menu_typo_line_height_unit":"","ocean_menu_typo_spacing":0,"ocean_menu_typo_spacing_tablet":0,"ocean_menu_typo_spacing_mobile":0,"ocean_menu_typo_spacing_unit":"","ocean_menu_link_color":"","ocean_menu_link_color_hover":"","ocean_menu_link_color_active":"","ocean_menu_link_background":"","ocean_menu_link_hover_background":"","ocean_menu_link_active_background":"","ocean_menu_social_links_bg":"","ocean_menu_social_hover_links_bg":"","ocean_menu_social_links_color":"","ocean_menu_social_hover_links_color":"","ocean_disable_title":"on","ocean_disable_heading":"default","ocean_post_title":"","ocean_post_subheading":"","ocean_post_title_style":"","ocean_post_title_background_color":"","ocean_post_title_background":0,"ocean_post_title_bg_image_position":"","ocean_post_title_bg_image_attachment":"","ocean_post_title_bg_image_repeat":"","ocean_post_title_bg_image_size":"","ocean_post_title_height":0,"ocean_post_title_bg_overlay":0.5,"ocean_post_title_bg_overlay_color":"","ocean_disable_breadcrumbs":"default","ocean_breadcrumbs_color":"","ocean_breadcrumbs_separator_color":"","ocean_breadcrumbs_links_color":"","ocean_breadcrumbs_links_hover_color":"","ocean_display_footer_widgets":"default","ocean_display_footer_bottom":"default","ocean_custom_footer_template":"0","footnotes":""},"yst_prominent_words":[12],"class_list":["post-130","page","type-page","status-publish","hentry","entry"],"_links":{"self":[{"href":"https:\/\/www.leo-stift.de\/fachbereich-leo-stift\/index.php\/wp-json\/wp\/v2\/pages\/130","targetHints":{"allow":["GET"]}}],"collection":[{"href":"https:\/\/www.leo-stift.de\/fachbereich-leo-stift\/index.php\/wp-json\/wp\/v2\/pages"}],"about":[{"href":"https:\/\/www.leo-stift.de\/fachbereich-leo-stift\/index.php\/wp-json\/wp\/v2\/types\/page"}],"author":[{"embeddable":true,"href":"https:\/\/www.leo-stift.de\/fachbereich-leo-stift\/index.php\/wp-json\/wp\/v2\/users\/1"}],"replies":[{"embeddable":true,"href":"https:\/\/www.leo-stift.de\/fachbereich-leo-stift\/index.php\/wp-json\/wp\/v2\/comments?post=130"}],"version-history":[{"count":6,"href":"https:\/\/www.leo-stift.de\/fachbereich-leo-stift\/index.php\/wp-json\/wp\/v2\/pages\/130\/revisions"}],"predecessor-version":[{"id":1371,"href":"https:\/\/www.leo-stift.de\/fachbereich-leo-stift\/index.php\/wp-json\/wp\/v2\/pages\/130\/revisions\/1371"}],"up":[{"embeddable":true,"href":"https:\/\/www.leo-stift.de\/fachbereich-leo-stift\/index.php\/wp-json\/wp\/v2\/pages\/23"}],"wp:attachment":[{"href":"https:\/\/www.leo-stift.de\/fachbereich-leo-stift\/index.php\/wp-json\/wp\/v2\/media?parent=130"}],"wp:term":[{"taxonomy":"yst_prominent_words","embeddable":true,"href":"https:\/\/www.leo-stift.de\/fachbereich-leo-stift\/index.php\/wp-json\/wp\/v2\/yst_prominent_words?post=130"}],"curies":[{"name":"wp","href":"https:\/\/api.w.org\/{rel}","templated":true}]}}